{"id":70020,"date":"2026-03-28T18:37:10","date_gmt":"2026-03-28T17:37:10","guid":{"rendered":"https:\/\/arena-ticket.com\/?p=70020&#038;post_type=product&#038;preview_id=70020"},"modified":"2026-03-28T18:42:11","modified_gmt":"2026-03-28T17:42:11","slug":"goethes-erben-anke-hachfeld-chemnitz-ajz-talschock-19-03-2027-2000-uhr","status":"publish","type":"product","link":"https:\/\/arena-ticket.com\/en\/product\/goethes-erben-anke-hachfeld-chemnitz-ajz-talschock-19-03-2027-2000-uhr\/","title":{"rendered":"GOETHES ERBEN & ANKE HACHFELD"},"content":{"rendered":"<div id=\"content\">\n<h2>GOETHES ERBEN &amp; ANKE HACHFELD (Mila Mar)<\/h2>\n<p>&nbsp;<\/p>\n<p>Im M\u00e4rz 2027 findet der f\u00fcnfte Teil der 2025 begonnenen letzten GOETHES ERBEN Europa-Tour \u201eDystopie frisst Empathie\u201c statt. Im vorletzten Tourjahr von GOETHES ERBEN bespielt die Band, um den kreativen Erben Kopf Oswald Henke, noch einmal Spielorte, an denen besonders die Musiktheaterseite von GOETHES ERBEN umgesetzt werden kann. Also ausreichend gro\u00dfe B\u00fchnen, auf denen vielleicht sogar die T\u00e4nzerin Ida Gross mit von der Partie sein k\u00f6nnte.<\/p>\n<p>Aber in jedem Fall ausreichend Raum f\u00fcr die extrovertierte B\u00fchnenpr\u00e4senz von Oswald Henke, der eben mit seinem Sprechgesang seit @ Jens Meyer989 ein Genre gepr\u00e4gt hat, wie kaum ein anderer. Goethes Erben sind in den zur\u00fcckliegenden Jahren ihren sehr eigenen und oft auch kontroversen Weg gegangen. Klar abgegrenzt von jeglicher fanatischer, faschistischer, religi\u00f6ser oder politisch gepr\u00e4gter Ideologie. Trotz aller D\u00fcsternis und verst\u00f6render Themen blieben sie in ihren Aussagen immer klar und mit empathischen und humanistischen Grundgedanken schicken sie ihr Publikum am Ende ihrer Auftritte auch immer mit einem Funke Hoffnung zur\u00fcck in ihren Alltag. GOETHES ERBEN Liveauftritte sind keine reinen Konzerte sondern ein besonderes Ereignis, eine ureigene Form des Musiktheaters mit einem Abend voller Erinnerungen, die noch lange nachwirken, wenn man sich darauf einlassen m\u00f6chte.<\/p>\n<p>Besetzung: GOETHES ERBEN<\/p>\n<p>Oswald Henke - Worte<\/p>\n<p>Tom R\u00f6del - Keyboards<\/p>\n<p>Markus K\u00f6stner - Schlagzeug<\/p>\n<p>Metall Benni Cellini - Cello<\/p>\n<p>Dome Siemers - Gitarren<\/p>\n<p>Cornelius Sturm - Bass<\/p>\n<p>&nbsp;<\/p>\n<p>Anke Hachfeld<\/p>\n<p>Manchmal klingt eine Stimme nicht einfach nur \u2013 sie schwebt, sie fl\u00fcstert, sie ruft nach etwas Urspr\u00fcnglichem. In solchen Momenten scheint Musik nicht von dieser Welt. Und genau dieses Gef\u00fchl weckt Anke Hachfeld, eine kreative Stimme der deutschen Musikszene. Ihre Ausdruckskraft reicht dabei weit \u00fcber das Gewohnte hinaus \u2013 sie verbindet elektronische Musik, archaische Gesangstechniken und zutiefst emotionales Songwriting zu einer mystischen Erfahrung. Viele kennen sie als Frontfrau der Band Mila Mar, mit der sie seit den 90ern tiefgehende Klangwelten erschafft, die wie aus Traum und Zeit zugleich wirken. Neben weiteren Projekten beschreitet sie verst\u00e4rkt den Solo-Weg, live auf der B\u00fchne, ganz nah am Publikum.<\/p>\n<p>2026 Text: Stepahnie R\u00f6ssel<\/p>\n<p>&nbsp;<\/p>\n<p>&nbsp;<\/p>\n<p>&nbsp;<\/p>\n<\/div>\n<div id=\"menu\">\n<div id=\"innerMenue\"><\/div>\n<\/div>","protected":false},"excerpt":{"rendered":"<p>Secure your tickets!<\/p>","protected":false},"featured_media":70022,"template":"","meta":{"_acf_changed":false,"inline_featured_image":false},"product_brand":[],"product_cat":[354,103,31,69,35,6749,21,58],"product_tag":[5560,992,941,7307,942,944,6779,947,948],"class_list":{"0":"post-70020","1":"product","2":"type-product","3":"status-publish","4":"has-post-thumbnail","6":"product_cat-ajz-chemnitz","7":"product_cat-chemnitz","8":"product_cat-events","9":"product_cat-konzert","10":"product_cat-orte","11":"product_cat-sonstiges_konzert","12":"product_cat-ticket","13":"product_cat-veranstaltung","14":"product_tag-ajz-chemnitz","15":"product_tag-chemnitz","16":"product_tag-events","17":"product_tag-goethes-erben-anke-hachfeld","18":"product_tag-konzert","19":"product_tag-orte","20":"product_tag-sonstiges","21":"product_tag-ticket","22":"product_tag-veranstaltung","23":"product_shipping_class-nur_paketversand","24":"pa_discount-normalpreis","25":"pa_preiskategorie-stehplatz","27":"first","28":"instock","29":"taxable","30":"shipping-taxable","31":"purchasable","32":"product-type-variable","33":"has-default-attributes"},"group_of_quantity":0,"min_quantity":0,"max_quantity":"","exclude_order_quantity_value_rules":"no","exclude_category_quantity_rules":"no","combine_variations":"no","acf":[],"_links":{"self":[{"href":"https:\/\/arena-ticket.com\/en\/wp-json\/wp\/v2\/product\/70020","targetHints":{"allow":["GET"]}}],"collection":[{"href":"https:\/\/arena-ticket.com\/en\/wp-json\/wp\/v2\/product"}],"about":[{"href":"https:\/\/arena-ticket.com\/en\/wp-json\/wp\/v2\/types\/product"}],"wp:featuredmedia":[{"embeddable":true,"href":"https:\/\/arena-ticket.com\/en\/wp-json\/wp\/v2\/media\/70022"}],"wp:attachment":[{"href":"https:\/\/arena-ticket.com\/en\/wp-json\/wp\/v2\/media?parent=70020"}],"wp:term":[{"taxonomy":"product_brand","embeddable":true,"href":"https:\/\/arena-ticket.com\/en\/wp-json\/wp\/v2\/product_brand?post=70020"},{"taxonomy":"product_cat","embeddable":true,"href":"https:\/\/arena-ticket.com\/en\/wp-json\/wp\/v2\/product_cat?post=70020"},{"taxonomy":"product_tag","embeddable":true,"href":"https:\/\/arena-ticket.com\/en\/wp-json\/wp\/v2\/product_tag?post=70020"}],"curies":[{"name":"wp","href":"https:\/\/api.w.org\/{rel}","templated":true}]}}