{"id":70025,"date":"2026-03-28T19:20:52","date_gmt":"2026-03-28T18:20:52","guid":{"rendered":"https:\/\/arena-ticket.com\/?p=70025&#038;post_type=product&#038;preview_id=70025"},"modified":"2026-04-10T13:55:29","modified_gmt":"2026-04-10T11:55:29","slug":"gentleman-gratitude-tour-2026-leipzig-haus-auensee-31-10-2026-2000-uhr","status":"publish","type":"product","link":"https:\/\/arena-ticket.com\/en\/product\/gentleman-gratitude-tour-2026-leipzig-haus-auensee-31-10-2026-2000-uhr\/","title":{"rendered":"GENTLEMAN  - GRATITUDE TOUR 2026"},"content":{"rendered":"<div id=\"content\">\n<section class=\"c-full c-inner c-narrow\" data-c=\"stageteasertext\" data-qa=\"stageteasertext-component\">\n<div class=\"container\">\n<div class=\"external-content no-margin\">\n<div class=\"u-position-relative js-moretext-wrapper\">\n<div class=\"moretext js-moretext expanded\" data-qa=\"readMoreText\">\n<div class=\"moretext-teaser\">\n<p>Einziges Konzert in Ostdeutschland!<\/p>\n<p>Mehr als dankbar: Gentleman bringt sein kommendes Album \u201eGRATITUDE\u201c 2026 mit auf Tour!<\/p>\n<p>Nach einer Ruhephase, in der er den Wert der kleinen Dinge \u2013 Familie, Zeit, Achtsamkeit \u2013 neu entdeckt hat, kehrt Gentleman mit frischer Energie und einem tieferen Bewusstsein f\u00fcr das Wesentliche zur\u00fcck und teilt mit seinem neuen Album im Herbst 2026 dieses Gef\u00fchl mit seinen Fans in 14 St\u00e4dten in Deutschland und der Schweiz!<\/p>\n<p>Begleitet von seiner erfahrenen Band, verbindet Gentleman traditionelle Reggae-Roots mit globalen Einfl\u00fcssen und einer authentischen, pers\u00f6nlichen Tiefe: \u201eIch habe beschlossen, nur noch Dinge zu machen auf die ich Bock habe\u201c, sagt der international gefeierte Reggae-Artist \u2013 und genau so h\u00f6rt sich sein kommendes Album an: Frei, organisch und getragen von Dankbarkeit. Als einziger europ\u00e4ischer Reggae-Exportschlager schreibt der K\u00f6lner K\u00fcnstler seit drei\u00dfig Jahren Musikgeschichte. Durch Kollaborationen mit u.a. Sean Paul, Pink oder Shaggy ist Gentleman seit Jahrzehnten ein weltweit anerkannter Star des Genres.<\/p>\n<p>Die Tour begleitet sein n\u00e4chstes Studioalbum \u201eGRATITUDE\u201c, das auf Mallorca, Jamaika und in Miami entstanden ist und eine R\u00fcckkehr zur Essenz seines Sounds markiert \u2013 wer dieses St\u00fcck Reggae-History live erleben m\u00f6chte, sollte sich die kommenden Shows auf keinen Fall entgehen lassen!<\/p>\n<\/div>\n<\/div>\n<\/div>\n<\/div>\n<\/div>\n<\/section>\n<\/div>","protected":false},"excerpt":{"rendered":"<div class=\"event__header\" data-v-331ed750=\"\">Mehr als dankbar: Gentleman bringt sein kommendes Album \u201eGRATITUDE\u201c 2026 mit auf Tour!<\/div>","protected":false},"featured_media":70029,"template":"","meta":{"_acf_changed":false,"inline_featured_image":false},"product_brand":[],"product_cat":[31,344,69,86,35,6749,58],"product_tag":[941,7308,7309,962,6803,7249,942,943,944,7250,6779,948],"class_list":{"0":"post-70025","1":"product","2":"type-product","3":"status-publish","4":"has-post-thumbnail","6":"product_cat-events","7":"product_cat-haus-auensee","8":"product_cat-konzert","9":"product_cat-leipzig","10":"product_cat-orte","11":"product_cat-sonstiges_konzert","12":"product_cat-veranstaltung","13":"product_tag-events","14":"product_tag-gentleman","15":"product_tag-gratitude-tour-2026","16":"product_tag-haus-auensee","17":"product_tag-hip-hop-rnb","18":"product_tag-ikkimel","19":"product_tag-konzert","20":"product_tag-leipzig","21":"product_tag-orte","22":"product_tag-poppstar","23":"product_tag-sonstiges","24":"product_tag-veranstaltung","25":"product_shipping_class-nur_paketversand","26":"pa_discount-inklusive-begleitperson","27":"pa_discount-normalpreis","28":"pa_preiskategorie-rollstuhlfahrer","29":"pa_preiskategorie-stehplatz","31":"first","32":"instock","33":"taxable","34":"shipping-taxable","35":"purchasable","36":"product-type-variable"},"group_of_quantity":0,"min_quantity":0,"max_quantity":"","exclude_order_quantity_value_rules":"no","exclude_category_quantity_rules":"no","combine_variations":"no","acf":[],"_links":{"self":[{"href":"https:\/\/arena-ticket.com\/en\/wp-json\/wp\/v2\/product\/70025","targetHints":{"allow":["GET"]}}],"collection":[{"href":"https:\/\/arena-ticket.com\/en\/wp-json\/wp\/v2\/product"}],"about":[{"href":"https:\/\/arena-ticket.com\/en\/wp-json\/wp\/v2\/types\/product"}],"wp:featuredmedia":[{"embeddable":true,"href":"https:\/\/arena-ticket.com\/en\/wp-json\/wp\/v2\/media\/70029"}],"wp:attachment":[{"href":"https:\/\/arena-ticket.com\/en\/wp-json\/wp\/v2\/media?parent=70025"}],"wp:term":[{"taxonomy":"product_brand","embeddable":true,"href":"https:\/\/arena-ticket.com\/en\/wp-json\/wp\/v2\/product_brand?post=70025"},{"taxonomy":"product_cat","embeddable":true,"href":"https:\/\/arena-ticket.com\/en\/wp-json\/wp\/v2\/product_cat?post=70025"},{"taxonomy":"product_tag","embeddable":true,"href":"https:\/\/arena-ticket.com\/en\/wp-json\/wp\/v2\/product_tag?post=70025"}],"curies":[{"name":"wp","href":"https:\/\/api.w.org\/{rel}","templated":true}]}}