{"id":70032,"date":"2026-03-28T19:38:09","date_gmt":"2026-03-28T18:38:09","guid":{"rendered":"https:\/\/arena-ticket.com\/?p=70032&#038;post_type=product&#038;preview_id=70032"},"modified":"2026-03-31T13:04:35","modified_gmt":"2026-03-31T11:04:35","slug":"the-music-of-ludovico-einaudi-tribute-klavierkonzert-haus-auensee-leipzig-14-04-2026-2000-uhr","status":"publish","type":"product","link":"https:\/\/arena-ticket.com\/en\/product\/the-music-of-ludovico-einaudi-tribute-klavierkonzert-haus-auensee-leipzig-14-04-2026-2000-uhr\/","title":{"rendered":"THE MUSIC OF LUDOVICO EINAUDI - TRIBUTE-KLAVIERKONZERT"},"content":{"rendered":"<section class=\"artist-description-wrapper\">\n<div class=\"artist text artist_description\">\n<div><\/div>\n<div>\n<p>Wir laden Sie herzlich zu einem unvergesslichen Abend voller zauberhafter Musik ein. Genie\u00dfen Sie die magischen Melodien eines der bedeutendsten Pianisten und Komponisten unserer Zeit, Ludovico Einaudi, meisterhaft interpretiert von einem talentierten K\u00fcnstler.<\/p>\n<p>Ludovico Einaudi ist bekannt f\u00fcr seine einfachen, aber unheimlich sch\u00f6nen minimalistischen Klavierwerke und seine beeindruckende Filmmusik. In fast drei Jahrzehnten seiner T\u00e4tigkeit hat er eine Reihe von Alben ver\u00f6ffentlicht, die die Charts anf\u00fchrten, die prestigetr\u00e4chtigsten Konzerts\u00e4le der Welt ausverkauft und seine Musik wurde in vielen ber\u00fchmten Filmen wie \u201cZiemlich beste Freunde\u201d, \u201cDoktor Schiwago\u201d, \u201cThis Is England\u201d, \u201cNomadland\u201d und anderen gespielt.<\/p>\n<p>Dieses einzigartige Konzert bietet mehr als nur Musik. Eine Symphonie funkelnder Kerzen wird den gesamten Raum erleuchten und dem Abend eine mystische und magische Atmosph\u00e4re verleihen. Jede Kerze tr\u00e4gt dazu bei, eine zauberhafte Umgebung zu schaffen, die das musikalische Erlebnis perfekt erg\u00e4nzt.<\/p>\n<p>Verpassen Sie nicht diese besondere Gelegenheit, einen Abend voller Magie und Musik zu erleben. Wir freuen uns auf Ihr Kommen!<\/p>\n<p>Die K\u00fcnstlerauswahl: Alexandr Star\u00fd, Franti\u0161ek Pan\u00e1\u010dek, Lucie Kub\u00e1tov\u00e1.<\/p>\n<\/div>\n<div><\/div>\n<\/div>\n<\/section>\n<section class=\"artist-menue tour-menue\">\n<div class=\"artist-menue_List\">\n<div id=\"tour_tickets_links\" class=\"toure_links hidden\">\n<div class=\"text_1\"><\/div>\n<div class=\"text_2\"><\/div>\n<div class=\"text_1\"><\/div>\n<div class=\"text_2\"><\/div>\n<div class=\"text_1\"><\/div>\n<\/div>\n<div id=\"tour_presse_opener\" class=\"artist-menue_Element pfeil-icon\"><\/div>\n<div id=\"tour_presse_links\" class=\"toure_links hidden\">\n<div class=\"text_1\"><\/div>\n<div class=\"text_2\"><\/div>\n<div class=\"text_1\"><\/div>\n<div class=\"text_2\"><\/div>\n<div class=\"text_1\"><\/div>\n<div class=\"text_2\"><\/div>\n<\/div>\n<\/div>\n<\/section>\n<section class=\"artist-feed\">\n<div class=\"titel\"><\/div>\n<div class=\"artist-feed-list\">\n<div class=\"artist-socials\">\n<div class=\"iconListe\">\n<div class=\"youtube-icon icon sozial-icon\"><\/div>\n<div class=\"facebook-icon icon sozial-icon\"><\/div>\n<div class=\"spotify-icon icon sozial-icon\"><\/div>\n<\/div>\n<\/div>\n<div class=\"artist-spotify\"><\/div>\n<div class=\"homepage-link-box\">\n<div class=\"artist text artist-homepage link_box\">\n<div class=\"text-link pfeil-icon\"><\/div>\n<\/div>\n<\/div>\n<\/div>\n<\/section>","protected":false},"excerpt":{"rendered":"<p>Erleben Sie ein au\u00dfergew\u00f6hnliches Konzert mit der Musik von Ludovico Einaudi. Sichern Sie sich Ihr Ticket!<\/p>","protected":false},"featured_media":70037,"template":"","meta":{"_acf_changed":false,"inline_featured_image":false},"product_brand":[],"product_cat":[31,6744,344,6741,69,922,86,35,21,58],"product_tag":[941,6811,962,2504,942,951,943,944,7310,947,7311,948],"class_list":{"0":"post-70032","1":"product","2":"type-product","3":"status-publish","4":"has-post-thumbnail","6":"product_cat-events","7":"product_cat-filmmusik","8":"product_cat-haus-auensee","9":"product_cat-klassik","10":"product_cat-konzert","11":"product_cat-kultur","12":"product_cat-leipzig","13":"product_cat-orte","14":"product_cat-ticket","15":"product_cat-veranstaltung","16":"product_tag-events","17":"product_tag-filmmusik","18":"product_tag-haus-auensee","19":"product_tag-klassik","20":"product_tag-konzert","21":"product_tag-kultur","22":"product_tag-leipzig","23":"product_tag-orte","24":"product_tag-the-music-of-ludovico-einaudi","25":"product_tag-ticket","26":"product_tag-tribute-klavierkonzert","27":"product_tag-veranstaltung","28":"product_shipping_class-nur_paketversand","29":"pa_discount-inklusive-begleitperson","30":"pa_discount-kind","31":"pa_discount-normalpreis","32":"pa_preiskategorie-pk-i","33":"pa_preiskategorie-pk-ii","34":"pa_preiskategorie-pk-iii","35":"pa_preiskategorie-pk-iv","36":"pa_preiskategorie-rollstuhlfahrer","37":"pa_preiskategorie-schwerbeschaedigt","39":"first","40":"instock","41":"taxable","42":"shipping-taxable","43":"purchasable","44":"product-type-variable"},"group_of_quantity":0,"min_quantity":0,"max_quantity":"","exclude_order_quantity_value_rules":"no","exclude_category_quantity_rules":"no","combine_variations":"no","acf":[],"_links":{"self":[{"href":"https:\/\/arena-ticket.com\/en\/wp-json\/wp\/v2\/product\/70032","targetHints":{"allow":["GET"]}}],"collection":[{"href":"https:\/\/arena-ticket.com\/en\/wp-json\/wp\/v2\/product"}],"about":[{"href":"https:\/\/arena-ticket.com\/en\/wp-json\/wp\/v2\/types\/product"}],"wp:featuredmedia":[{"embeddable":true,"href":"https:\/\/arena-ticket.com\/en\/wp-json\/wp\/v2\/media\/70037"}],"wp:attachment":[{"href":"https:\/\/arena-ticket.com\/en\/wp-json\/wp\/v2\/media?parent=70032"}],"wp:term":[{"taxonomy":"product_brand","embeddable":true,"href":"https:\/\/arena-ticket.com\/en\/wp-json\/wp\/v2\/product_brand?post=70032"},{"taxonomy":"product_cat","embeddable":true,"href":"https:\/\/arena-ticket.com\/en\/wp-json\/wp\/v2\/product_cat?post=70032"},{"taxonomy":"product_tag","embeddable":true,"href":"https:\/\/arena-ticket.com\/en\/wp-json\/wp\/v2\/product_tag?post=70032"}],"curies":[{"name":"wp","href":"https:\/\/api.w.org\/{rel}","templated":true}]}}