{"id":70039,"date":"2026-03-28T19:56:50","date_gmt":"2026-03-28T18:56:50","guid":{"rendered":"https:\/\/arena-ticket.com\/?p=70039&#038;post_type=product&#038;preview_id=70039"},"modified":"2026-03-28T20:08:14","modified_gmt":"2026-03-28T19:08:14","slug":"am-fluegel-burak-cebi-eine-hommage-an-ludovico-einaudi-gewandhaus-zu-leipzig-mendelssohn-saal-25-11-2025-2000-uhr","status":"publish","type":"product","link":"https:\/\/arena-ticket.com\/en\/product\/am-fluegel-burak-cebi-eine-hommage-an-ludovico-einaudi-gewandhaus-zu-leipzig-mendelssohn-saal-25-11-2025-2000-uhr\/","title":{"rendered":"Eine Hommage an Ludovico Einaudi - am Fl\u00fcgel: Burak \u00c7ebi"},"content":{"rendered":"<p>&nbsp;<\/p>\n<p>Mit einer einzigartigen F\u00e4higkeit, Minimalismus, Pop und klassische Strukturen zu verbinden, schafft Einaudi eine Atmosph\u00e4re, die tief ber\u00fchrt und den Raum mit einer unvergesslichen Stimmung erf\u00fcllt. Einige seiner Hauptwerke wie \u201eNuvole Bianche\u201c, \u201eUna Mattina\u201c, \u201eDivenire\u201c und \u201eExperience\u201c entf\u00fchren das Publikum in eine Welt der Emotionen und Reflexionen. Bekannt aus Filmen wie \u201eZiemlich Beste Freunde\u201c (2011), oder \"The Water Diviner\" (2014) zeichnen sich diese Kompositionen durch ihre eindrucksvolle Einfachheit und emotionale Tiefe aus.<\/p>\n<p>&nbsp;<\/p>\n<p>Burak \u00c7ebi z\u00e4hlt zu den vielbeachteten Pianisten seiner Generation. Er schafft es durch seine poetisch-introvertierte Art zu musizieren, immer mehr Publikum in seinen Bann zu ziehen. Regelm\u00e4\u00dfig konzertiert er in gro\u00dfen Konzerth\u00e4usern, darunter die Berliner Philharmonie, Das Leipziger Gewandhaus, Die Glocke in Bremen, Der Reitstadel in Neumarkt und die Laeiszhalle Hamburg. Sein erstes Album \u201eBright Spots\u201c, das im Jahr 2022 unter dem Label Prospero Classical ver\u00f6ffentlicht wurde, in dem er erstmals auch als Komponist auftrat, erntete hervorragende Kritiken. Mehrere Beitr\u00e4ge und Interviews uber seine Karriere wurden im Radio rbb Kultur, Radio Klassik Wien, Radio France, Borusan Radyo Istanbul, TRT Radyo und im t\u00fcrkischen Fernsehengezeigt.<\/p>\n<p>&nbsp;<\/p>\n<p>Burak \u00c7ebi <i>Piano<\/i><\/p>\n<div id=\"csConcertsDetails-level-1-9872\" class=\"h-no-margin-bottom-for-last-child | js-event-teaser-details-level-1\">\n<p>Ludovico Einaudi \u2014 Una Mattina<\/p>\n<p>Ludovico Einaudi \u2014 I Giorni<\/p>\n<p>Ludovico Einaudi \u2014 Le Onde<\/p>\n<p>Ludovico Einaudi \u2014 Passaggio<\/p>\n<p>Ludovico Einaudi \u2014 The Earth Prelude<\/p>\n<p>Ludovico Einaudi \u2014 Nuvole Bianche<\/p>\n<p>Ludovico Einaudi \u2014 Divenire<\/p>\n<p>Ludovico Einaudi \u2014 Walk<\/p>\n<p><span class=\"h-negative-half-line-margin-top-bottom\"><i>Break<\/i><\/span><\/p>\n<p>Ludovico Einaudi \u2014 Berlin Song<\/p>\n<p>Ludovico Einaudi \u2014 Fly<\/p>\n<p>Ludovico Einaudi \u2014 Experience<\/p>\n<p>Ludovico Einaudi \u2014 Primavera<\/p>\n<p>Ludovico Einaudi \u2014 Night Book<\/p>\n<\/div>","protected":false},"excerpt":{"rendered":"<p class=\"h-color-highlight-primary h-no-margin-bottom\">Tauchen Sie ein in die gef\u00fchlvolle Welt der Kl\u00e4nge von Ludovico Einaudi, einem der bedeutendsten und meistgeh\u00f6rten Komponisten der Klassik und Neoklassik im Gewandhaus zu Leipzig - Mendelssohnsaal - jetzt Tickets sichern!<\/p>","protected":false},"featured_media":70046,"template":"","meta":{"_acf_changed":false,"inline_featured_image":false},"product_brand":[],"product_cat":[31,345,6741,69,86,931,35,21,58],"product_tag":[7313,5280,7312,941,956,3020,2504,942,943,3397,944,947,948,5279],"class_list":{"0":"post-70039","1":"product","2":"type-product","3":"status-publish","4":"has-post-thumbnail","6":"product_cat-events","7":"product_cat-gewandhaus","8":"product_cat-klassik","9":"product_cat-konzert","10":"product_cat-leipzig","11":"product_cat-mendelssohn-saal","12":"product_cat-orte","13":"product_cat-ticket","14":"product_cat-veranstaltung","15":"product_tag-am-fluegel-burak-cebi","16":"product_tag-die-vier-jahreszeiten","17":"product_tag-eine-hommage-an-ludovico-einaudi","18":"product_tag-events","19":"product_tag-gewandhaus","20":"product_tag-gewandhaus-mendelssohn-saal","21":"product_tag-klassik","22":"product_tag-konzert","23":"product_tag-leipzig","24":"product_tag-mendelssohn-saal","25":"product_tag-orte","26":"product_tag-ticket","27":"product_tag-veranstaltung","28":"product_tag-vivaldi","29":"product_shipping_class-nur_paketversand","30":"pa_discount-normalpreis","31":"pa_discount-schueler-student","32":"pa_preiskategorie-pk-i","33":"pa_preiskategorie-pk-ii","34":"pa_preiskategorie-pk-iii","36":"first","37":"instock","38":"taxable","39":"shipping-taxable","40":"purchasable","41":"product-type-variable"},"group_of_quantity":0,"min_quantity":0,"max_quantity":"","exclude_order_quantity_value_rules":"no","exclude_category_quantity_rules":"no","combine_variations":"no","acf":[],"_links":{"self":[{"href":"https:\/\/arena-ticket.com\/en\/wp-json\/wp\/v2\/product\/70039","targetHints":{"allow":["GET"]}}],"collection":[{"href":"https:\/\/arena-ticket.com\/en\/wp-json\/wp\/v2\/product"}],"about":[{"href":"https:\/\/arena-ticket.com\/en\/wp-json\/wp\/v2\/types\/product"}],"wp:featuredmedia":[{"embeddable":true,"href":"https:\/\/arena-ticket.com\/en\/wp-json\/wp\/v2\/media\/70046"}],"wp:attachment":[{"href":"https:\/\/arena-ticket.com\/en\/wp-json\/wp\/v2\/media?parent=70039"}],"wp:term":[{"taxonomy":"product_brand","embeddable":true,"href":"https:\/\/arena-ticket.com\/en\/wp-json\/wp\/v2\/product_brand?post=70039"},{"taxonomy":"product_cat","embeddable":true,"href":"https:\/\/arena-ticket.com\/en\/wp-json\/wp\/v2\/product_cat?post=70039"},{"taxonomy":"product_tag","embeddable":true,"href":"https:\/\/arena-ticket.com\/en\/wp-json\/wp\/v2\/product_tag?post=70039"}],"curies":[{"name":"wp","href":"https:\/\/api.w.org\/{rel}","templated":true}]}}