{"id":70201,"date":"2026-03-31T13:06:20","date_gmt":"2026-03-31T11:06:20","guid":{"rendered":"https:\/\/arena-ticket.com\/?p=70201&#038;post_type=product&#038;preview_id=70201"},"modified":"2026-04-01T08:21:25","modified_gmt":"2026-04-01T06:21:25","slug":"drei-haselnuesse-fuer-aschenbroedel-das-musical-haus-auensee-leipzig-01-02-2027-1900-uhr","status":"publish","type":"product","link":"https:\/\/arena-ticket.com\/en\/product\/drei-haselnuesse-fuer-aschenbroedel-das-musical-haus-auensee-leipzig-01-02-2027-1900-uhr\/","title":{"rendered":"Drei Haseln\u00fcsse f\u00fcr Aschenbr\u00f6del  - Das Musical"},"content":{"rendered":"<section class=\"artist-description-wrapper\">\n<div class=\"artist text artist_description\">\n<div>Der Weihnachtsklassiker \u2013 endlich live!<br \/>\n\u201cDrei Haseln\u00fcsse f\u00fcr Aschenbr\u00f6del \u2013 Das Musical\u201d l\u00e4sst die wohl gr\u00f6\u00dfte Weihnachtstradition Wirklichkeit werden. Im Winter 2026 kannst du den Film-Klassiker und seine ber\u00fchmte Original-Musik endlich live auf der B\u00fchne erleben. Ein m\u00e4rchenhaftes Abenteuer f\u00fcr Gro\u00df und Klein erwartet dich.Kein Weihnachten ohne Aschenbr\u00f6del<br \/>\nSeit \u00fcber 50 Jahren begeistert \u201cDrei Haseln\u00fcsse f\u00fcr Aschenbr\u00f6del\u201d und z\u00e4hlt f\u00fcr viele zu den sch\u00f6nsten Momenten der Weihnachtszeit. Vergiss graue Wintertage und begleite Aschenbr\u00f6del auf eine Reise durch funkelnde Schneelandschaften bis zum prachtvollen Schloss, wo ein glanzvoller Ball mit glitzernden Kost\u00fcmen auf sie wartet. Erlebe, wie Aschenbr\u00f6del und der Prinz auf ber\u00fchrende Weise zueinanderfinden.Die ikonische Titelmelodie von Karel Svoboda, die seit Generationen das Publikum verzaubert, vereint sich im Musical mit neuen Kompositionen von Thomas Zaufke (\u201cDie wunderbare Reise des Nils Holgersson\u201d, \u201cGrimm!\u201d und Preistr\u00e4ger des Deutschen Musical Theater Preises) zu einem musikalischen Erlebnis voller Nostalgie, Emotion und garantiert die perfekte Einstimmung auf Weihnachten.Dein Winterm\u00e4rchen wartet! Sicher dir jetzt dein Ticket und erlebe den Zauber live!Zum Tr\u00e4umen sch\u00f6n!<br \/>\nNach dem Tod ihres Vaters lebt Aschenbr\u00f6del bei ihrer strengen Stiefmutter, die sie, im Gegensatz zu ihrer Schwester Dora, als Magd arbeiten l\u00e4sst. Trotzdem tr\u00e4umt sie von Freiheit und Abenteuern. Als eines Tages ihr Weg in den verschneiten Wald f\u00fchrt, trifft sie den Prinzen \u2013 ein Schneeball, ein Lachen, ein Blick.Als der Prinz zum Ball einl\u00e4dt, verweigert ihre Stiefmutter ihr die Teilnahme. Dank dreier magischer Haseln\u00fcsse gelingt es Aschenbr\u00f6del, heimlich am k\u00f6niglichen Ball teilzunehmen. Beim Tanz hat der Prinz nur Augen f\u00fcr Sie, doch als die Uhr Mitternacht schl\u00e4gt, verliert Aschenbr\u00f6del einen Schuh auf der Treppe. Ein Moment, der ihr Schicksal f\u00fcr immer ver\u00e4ndern wird.<\/div>\n<\/div>\n<\/section>","protected":false},"excerpt":{"rendered":"<p>\u201cDrei Haseln\u00fcsse f\u00fcr Aschenbr\u00f6del \u2013 Das Musical\u201d l\u00e4sst die wohl gr\u00f6\u00dfte Weihnachtstradition Wirklichkeit werden.<\/p>","protected":false},"featured_media":70199,"template":"","meta":{"_acf_changed":false,"inline_featured_image":false},"product_brand":[],"product_cat":[31,344,86,6729,64,35,21,58],"product_tag":[2777,5100,941,962,943,963,6773,944,947,948],"class_list":{"0":"post-70201","1":"product","2":"type-product","3":"status-publish","4":"has-post-thumbnail","6":"product_cat-events","7":"product_cat-haus-auensee","8":"product_cat-leipzig","9":"product_cat-musical","10":"product_cat-musical-show","11":"product_cat-orte","12":"product_cat-ticket","13":"product_cat-veranstaltung","14":"product_tag-das-musical","15":"product_tag-drei-haselnuesse-fuer-aschenbroedel","16":"product_tag-events","17":"product_tag-haus-auensee","18":"product_tag-leipzig","19":"product_tag-musical","20":"product_tag-musical-show","21":"product_tag-orte","22":"product_tag-ticket","23":"product_tag-veranstaltung","24":"product_shipping_class-nur_paketversand","25":"pa_discount-inklusive-begleitperson","26":"pa_discount-kind","27":"pa_discount-normalpreis","28":"pa_preiskategorie-pk-i","29":"pa_preiskategorie-pk-ii","30":"pa_preiskategorie-pk-iii","31":"pa_preiskategorie-pk-iv","32":"pa_preiskategorie-rollstuhlfahrer","33":"pa_preiskategorie-schwerbeschaedigt","35":"first","36":"instock","37":"taxable","38":"shipping-taxable","39":"purchasable","40":"product-type-variable"},"group_of_quantity":0,"min_quantity":0,"max_quantity":"","exclude_order_quantity_value_rules":"no","exclude_category_quantity_rules":"no","combine_variations":"no","acf":[],"_links":{"self":[{"href":"https:\/\/arena-ticket.com\/en\/wp-json\/wp\/v2\/product\/70201","targetHints":{"allow":["GET"]}}],"collection":[{"href":"https:\/\/arena-ticket.com\/en\/wp-json\/wp\/v2\/product"}],"about":[{"href":"https:\/\/arena-ticket.com\/en\/wp-json\/wp\/v2\/types\/product"}],"wp:featuredmedia":[{"embeddable":true,"href":"https:\/\/arena-ticket.com\/en\/wp-json\/wp\/v2\/media\/70199"}],"wp:attachment":[{"href":"https:\/\/arena-ticket.com\/en\/wp-json\/wp\/v2\/media?parent=70201"}],"wp:term":[{"taxonomy":"product_brand","embeddable":true,"href":"https:\/\/arena-ticket.com\/en\/wp-json\/wp\/v2\/product_brand?post=70201"},{"taxonomy":"product_cat","embeddable":true,"href":"https:\/\/arena-ticket.com\/en\/wp-json\/wp\/v2\/product_cat?post=70201"},{"taxonomy":"product_tag","embeddable":true,"href":"https:\/\/arena-ticket.com\/en\/wp-json\/wp\/v2\/product_tag?post=70201"}],"curies":[{"name":"wp","href":"https:\/\/api.w.org\/{rel}","templated":true}]}}