{"id":70250,"date":"2026-04-01T15:27:38","date_gmt":"2026-04-01T13:27:38","guid":{"rendered":"https:\/\/arena-ticket.com\/?p=70250&#038;post_type=product&#038;preview_id=70250"},"modified":"2026-04-01T15:37:27","modified_gmt":"2026-04-01T13:37:27","slug":"tom-gaebel-his-orchestra-a-swinging-christmas-2026-halle-steintor-variete-30-11-2026-1930-uhr","status":"publish","type":"product","link":"https:\/\/arena-ticket.com\/en\/product\/tom-gaebel-his-orchestra-a-swinging-christmas-2026-halle-steintor-variete-30-11-2026-1930-uhr\/","title":{"rendered":"Tom Gaebel & His Orchestra  - A Swinging Christmas 2026"},"content":{"rendered":"<p>Every year it&#039;s the same thing: presents under the Christmas tree, the goose in the oven and grandma gets out the recorder. We all know what it&#039;s like, Christmas the classic way. It&#039;s high time for a little variety, don&#039;t you think?<\/p>\n<p>&nbsp;<\/p>\n<p>Tom Gaebel, Deutschlands angesagtester Big-Band-Entertainer der alten Schule, beweist, dass es auch anders geht. Mit seiner gro\u00dfen Weihnachtsshow \u201eA Swinging Christmas\u201c sorgt der S\u00e4nger mit der Ausnahmestimme f\u00fcr gl\u00fchende Wangen bei Jung und Junggebliebenen. Von \u201eWhite Christmas\u201c \u00fcber \u201eJingle Bells\u201c bis \u201eLet It Snow\u201d \u2013 Tom Gaebel und sein Orchester spielen die sch\u00f6nsten amerikanischen Weihnachts- Evergreens und moderne Klassiker wie \u201eDriving Home For Christmas\u201c oder \u201e All I Want For Christmas Is You\u201c im hei\u00dfen Easy-Listening-Sound. Ganz in der Tradition von Showlegenden wie Frank Sinatra, Dean Martin und Co.<\/p>","protected":false},"excerpt":{"rendered":"<p>Secure your tickets!<\/p>","protected":false},"featured_media":70254,"template":"","meta":{"_acf_changed":false,"inline_featured_image":false},"product_brand":[],"product_cat":[31,102,69,35,6749,496,21,58],"product_tag":[7319,941,999,942,944,6779,2788,947,4094,948],"class_list":{"0":"post-70250","1":"product","2":"type-product","3":"status-publish","4":"has-post-thumbnail","6":"product_cat-events","7":"product_cat-halle","8":"product_cat-konzert","9":"product_cat-orte","10":"product_cat-sonstiges_konzert","11":"product_cat-steintor-variete","12":"product_cat-ticket","13":"product_cat-veranstaltung","14":"product_tag-a-swinging-christmas-2026","15":"product_tag-events","16":"product_tag-halle","17":"product_tag-konzert","18":"product_tag-orte","19":"product_tag-sonstiges","20":"product_tag-steintor-variete","21":"product_tag-ticket","22":"product_tag-tom-gaebel-his-orchestra","23":"product_tag-veranstaltung","24":"product_shipping_class-nur_paketversand","25":"pa_discount-normalpreis","26":"pa_preiskategorie-pk-i","27":"pa_preiskategorie-pk-ii","29":"first","30":"instock","31":"taxable","32":"shipping-taxable","33":"purchasable","34":"product-type-variable","35":"has-default-attributes"},"group_of_quantity":0,"min_quantity":0,"max_quantity":"","exclude_order_quantity_value_rules":"no","exclude_category_quantity_rules":"no","combine_variations":"no","acf":[],"_links":{"self":[{"href":"https:\/\/arena-ticket.com\/en\/wp-json\/wp\/v2\/product\/70250","targetHints":{"allow":["GET"]}}],"collection":[{"href":"https:\/\/arena-ticket.com\/en\/wp-json\/wp\/v2\/product"}],"about":[{"href":"https:\/\/arena-ticket.com\/en\/wp-json\/wp\/v2\/types\/product"}],"wp:featuredmedia":[{"embeddable":true,"href":"https:\/\/arena-ticket.com\/en\/wp-json\/wp\/v2\/media\/70254"}],"wp:attachment":[{"href":"https:\/\/arena-ticket.com\/en\/wp-json\/wp\/v2\/media?parent=70250"}],"wp:term":[{"taxonomy":"product_brand","embeddable":true,"href":"https:\/\/arena-ticket.com\/en\/wp-json\/wp\/v2\/product_brand?post=70250"},{"taxonomy":"product_cat","embeddable":true,"href":"https:\/\/arena-ticket.com\/en\/wp-json\/wp\/v2\/product_cat?post=70250"},{"taxonomy":"product_tag","embeddable":true,"href":"https:\/\/arena-ticket.com\/en\/wp-json\/wp\/v2\/product_tag?post=70250"}],"curies":[{"name":"wp","href":"https:\/\/api.w.org\/{rel}","templated":true}]}}