{"id":70260,"date":"2026-04-01T15:47:58","date_gmt":"2026-04-01T13:47:58","guid":{"rendered":"https:\/\/arena-ticket.com\/?p=70260&#038;post_type=product&#038;preview_id=70260"},"modified":"2026-04-01T15:52:20","modified_gmt":"2026-04-01T13:52:20","slug":"jassin-die-groessere-arsenalplatz-tour-2026-leipzig-felsenkeller-07-10-2026-2000-uhr","status":"publish","type":"product","link":"https:\/\/arena-ticket.com\/en\/product\/jassin-die-groessere-arsenalplatz-tour-2026-leipzig-felsenkeller-07-10-2026-2000-uhr\/","title":{"rendered":"Jassin  - Die gr\u00f6\u00dfere Arsenalplatz Tour 2026"},"content":{"rendered":"<p>\"Alles, was ich wei\u00df, ist: Ich muss mir was beweisen.\" Mit dieser Zeile \u00f6ffnet Jassin sein erst k\u00fcrzlich erschienenes Deb\u00fctalbum \"Arsenalplatz\" (V\u00d6: 28.11.25) \u2013 und trifft damit den Kern seines k\u00fcnstlerischen Antriebs. Es ist ein Album \u00fcber das Aufwachsen in der ostdeutschen Kleinstadt, \u00fcber Herkunft, Entfremdung, Wut, Scham, Stolz und das Bed\u00fcrfnis, verstanden zu werden. Jassin erz\u00e4hlt in Bildern, die so pr\u00e4zise sind, dass sie weh tun \u2013 und so ehrlich, dass sie tr\u00f6sten.<\/p>\n<p>All das macht \"Arsenalplatz\" zu einem beeindruckenden n\u00e4chsten Kapitel nach der \"Kinder k\u00f6nnen fies sein\"-EP, Songs wie \"Bitte sei vorsichtig\" und Features mit Trettmann (\"Nach Hause komm'\") oder Disarstar (\"Tochter\"). Es ist ein Album, das seine radikale Ehrlichkeit, die Sch\u00e4rfe seiner Gesellschaftskritik und die Zartheit seiner Geschichten b\u00fcndelt und weiterf\u00fchrt.<\/p>\n<p>Neben Support-Shows f\u00fcr RIN &amp; Schmyt, Paula Hartmann, Trettmann, Apsilon, Berq, ENNIO und $OHO BANI spielte Jassin im April 2025 seine erste eigene, komplett ausverkaufte \"KKFS Tour 2025\". Nun steht er kurz vor Beginn seiner ausverkauften \"Arsenalplatz Tour\" 2025 und k\u00fcndigt die \"Die gr\u00f6\u00dfere Arsenalplatz Tour\" 2026 durch Deutschland \u00d6sterreich und die Schweiz an.<\/p>","protected":false},"excerpt":{"rendered":"<p>Kurz nach Ver\u00f6ffentlichung seines Deb\u00fctalbums und p\u00fcnktlich zum Start der ausverkauften \"Arsenalplatz Tour\" 2025 k\u00fcndigt Jassin \"Die gr\u00f6\u00dfere Arsenalplatz Tour\" 2026 an.<\/p>","protected":false},"featured_media":70263,"template":"","meta":{"_acf_changed":false,"inline_featured_image":false},"product_brand":[],"product_cat":[31,348,69,86,35,6733,21,58],"product_tag":[7321,941,1476,7320,942,943,944,2506,947,948],"class_list":{"0":"post-70260","1":"product","2":"type-product","3":"status-publish","4":"has-post-thumbnail","6":"product_cat-events","7":"product_cat-felsenkeller","8":"product_cat-konzert","9":"product_cat-leipzig","10":"product_cat-orte","11":"product_cat-pop","12":"product_cat-ticket","13":"product_cat-veranstaltung","14":"product_tag-die-groessere-arsenalplatz-tour-2026","15":"product_tag-events","16":"product_tag-felsenkeller","17":"product_tag-jassin","18":"product_tag-konzert","19":"product_tag-leipzig","20":"product_tag-orte","21":"product_tag-pop","22":"product_tag-ticket","23":"product_tag-veranstaltung","24":"product_shipping_class-nur_paketversand","25":"pa_discount-inklusive-begleitperson","26":"pa_discount-normalpreis","27":"pa_preiskategorie-rollstuhlfahrer","28":"pa_preiskategorie-stehplatz","30":"first","31":"instock","32":"taxable","33":"shipping-taxable","34":"purchasable","35":"product-type-variable"},"group_of_quantity":0,"min_quantity":0,"max_quantity":"","exclude_order_quantity_value_rules":"no","exclude_category_quantity_rules":"no","combine_variations":"no","acf":[],"_links":{"self":[{"href":"https:\/\/arena-ticket.com\/en\/wp-json\/wp\/v2\/product\/70260","targetHints":{"allow":["GET"]}}],"collection":[{"href":"https:\/\/arena-ticket.com\/en\/wp-json\/wp\/v2\/product"}],"about":[{"href":"https:\/\/arena-ticket.com\/en\/wp-json\/wp\/v2\/types\/product"}],"wp:featuredmedia":[{"embeddable":true,"href":"https:\/\/arena-ticket.com\/en\/wp-json\/wp\/v2\/media\/70263"}],"wp:attachment":[{"href":"https:\/\/arena-ticket.com\/en\/wp-json\/wp\/v2\/media?parent=70260"}],"wp:term":[{"taxonomy":"product_brand","embeddable":true,"href":"https:\/\/arena-ticket.com\/en\/wp-json\/wp\/v2\/product_brand?post=70260"},{"taxonomy":"product_cat","embeddable":true,"href":"https:\/\/arena-ticket.com\/en\/wp-json\/wp\/v2\/product_cat?post=70260"},{"taxonomy":"product_tag","embeddable":true,"href":"https:\/\/arena-ticket.com\/en\/wp-json\/wp\/v2\/product_tag?post=70260"}],"curies":[{"name":"wp","href":"https:\/\/api.w.org\/{rel}","templated":true}]}}