{"id":70267,"date":"2026-04-01T16:39:47","date_gmt":"2026-04-01T14:39:47","guid":{"rendered":"https:\/\/arena-ticket.com\/?p=70267&#038;post_type=product&#038;preview_id=70267"},"modified":"2026-04-01T17:31:37","modified_gmt":"2026-04-01T15:31:37","slug":"ladyfashion-hosenscheisser-flohmarkt-markkleeberg-agra-messegelaende-messepark-leipzig-19-04-2026-1100-uhr","status":"publish","type":"product","link":"https:\/\/arena-ticket.com\/en\/product\/ladyfashion-hosenscheisser-flohmarkt-markkleeberg-agra-messegelaende-messepark-leipzig-19-04-2026-1100-uhr\/","title":{"rendered":"Ladyfashion - \/ Hosenscheisser  - Flohmarkt"},"content":{"rendered":"<p>Hier dreht sich alles um die Kleinen! Entdeckt eine riesige Auswahl an allem, was Elternherzen h\u00f6her schlagen l\u00e4sst:Babykleidung und Kindermode Spielzeug, B\u00fccher und Kuscheltiere Kinderwagen, Zubeh\u00f6r und mehr<\/p>\n<p>Ob gut erhaltene Lieblingsteile oder praktische Alltagshelfer \u2013 hier findet ihr alles f\u00fcr eure Kids und das zum Schn\u00e4ppchenpreis!<\/p>","protected":false},"excerpt":{"rendered":"<p>Get your tickets here now!<\/p>\n<p>Kinder bis 14 Jahre freier Eintritt.<\/p>","protected":false},"featured_media":70271,"template":"","meta":{"_acf_changed":false,"inline_featured_image":false},"product_brand":[],"product_cat":[353,6763,31,922,86,35,21,58],"product_tag":[6987,6857,941,7323,951,7322,943,944,947,948],"class_list":{"0":"post-70267","1":"product","2":"type-product","3":"status-publish","4":"has-post-thumbnail","6":"product_cat-agra-messegelaende","7":"product_cat-ausstellung","8":"product_cat-events","9":"product_cat-kultur","10":"product_cat-leipzig","11":"product_cat-orte","12":"product_cat-ticket","13":"product_cat-veranstaltung","14":"product_tag-agra-messegelaende","15":"product_tag-ausstellung","16":"product_tag-events","17":"product_tag-flohmarkt","18":"product_tag-kultur","19":"product_tag-ladyfashion-hosenscheisser","20":"product_tag-leipzig","21":"product_tag-orte","22":"product_tag-ticket","23":"product_tag-veranstaltung","24":"product_shipping_class-nur_paketversand","25":"pa_discount-normalpreis","26":"pa_discount-schwerbeschaedigt","27":"pa_preiskategorie-tagesticket","29":"first","30":"instock","31":"taxable","32":"shipping-taxable","33":"purchasable","34":"product-type-variable"},"group_of_quantity":0,"min_quantity":0,"max_quantity":"","exclude_order_quantity_value_rules":"no","exclude_category_quantity_rules":"no","combine_variations":"no","acf":[],"_links":{"self":[{"href":"https:\/\/arena-ticket.com\/en\/wp-json\/wp\/v2\/product\/70267","targetHints":{"allow":["GET"]}}],"collection":[{"href":"https:\/\/arena-ticket.com\/en\/wp-json\/wp\/v2\/product"}],"about":[{"href":"https:\/\/arena-ticket.com\/en\/wp-json\/wp\/v2\/types\/product"}],"wp:featuredmedia":[{"embeddable":true,"href":"https:\/\/arena-ticket.com\/en\/wp-json\/wp\/v2\/media\/70271"}],"wp:attachment":[{"href":"https:\/\/arena-ticket.com\/en\/wp-json\/wp\/v2\/media?parent=70267"}],"wp:term":[{"taxonomy":"product_brand","embeddable":true,"href":"https:\/\/arena-ticket.com\/en\/wp-json\/wp\/v2\/product_brand?post=70267"},{"taxonomy":"product_cat","embeddable":true,"href":"https:\/\/arena-ticket.com\/en\/wp-json\/wp\/v2\/product_cat?post=70267"},{"taxonomy":"product_tag","embeddable":true,"href":"https:\/\/arena-ticket.com\/en\/wp-json\/wp\/v2\/product_tag?post=70267"}],"curies":[{"name":"wp","href":"https:\/\/api.w.org\/{rel}","templated":true}]}}