{"id":70310,"date":"2026-04-01T18:24:48","date_gmt":"2026-04-01T16:24:48","guid":{"rendered":"https:\/\/arena-ticket.com\/?p=70310&#038;post_type=product&#038;preview_id=70310"},"modified":"2026-04-02T11:15:30","modified_gmt":"2026-04-02T09:15:30","slug":"stilbruch-freunde-leipzig-der-anker-09-01-2027-2000-uhr","status":"publish","type":"product","link":"https:\/\/arena-ticket.com\/en\/product\/stilbruch-freunde-leipzig-der-anker-09-01-2027-2000-uhr\/","title":{"rendered":"Stilbruch & Freunde"},"content":{"rendered":"<p>Die 2005 als ehemalige Stra\u00dfenmusik-Formation gegr\u00fcndete Band Stilbruch ver\u00f6ffentlicht am 25. Oktober ihr neues Album \u201eZuhause live\u201c. Aufgenommen bei einem OpenAir Konzert in der Leipziger Parkb\u00fchne Geyserhaus am 28. Juni 2019, enth\u00e4lt das Album 14 Titel. Sechs bisher unver\u00f6ffentlichte Songs sowie Klassiker der fast 15j\u00e4hrigen Bandgeschichte wurden mit einem zus\u00e4tzlichen Streichquartett eingespielt. Die Geburt des neuen Albums feiert die Band am Ver\u00f6ffentlichungstag mit einem Record-Release-Konzert im Capitol Halle. \u201eEs war ein fantastisches Konzert, quasi im eigenen Wohnzimmer. Wir sind sehr gl\u00fccklich dies nun mit unseren Fans teilen zu k\u00f6nnen.\u201c schw\u00e4rmt S\u00e4nger Sebastian Maul (36).<\/p>\n<p>Als Stra\u00dfenmusiker machten sich Sebastian Maul, Philippe Poly\u00e1k (25) und Konstantin Chiddi (33) seit 2005 zuerst in Dresden und sp\u00e4ter \u00fcberall in Deutschland einen Namen, indem sie selbst komponierte Rockmusik ausschlie\u00dflich mit Cello, Geige, Schlagzeug und Gesang spielten. Diese spannende Mischung verhalf Stilbruch 2009 in das Finale der Pro7-Show \u201eGermany's Next Showstars\u201c und ein Jahr sp\u00e4ter ins Vorprogramm der Europatour des Schweizer K\u00fcnstlers DJ Bobo. Konzerte mit Sinfonieorchestern wie der Elbland Philharmonie Sachsen oder der Nordb\u00f6hmischen Philharmonie Teplice folgten und machten Stilbruch auch auf den gro\u00dfen Konzertb\u00fchnen Deutschlands (z. B. Gewandhaus Leipzig, Columbiahalle Berlin, Alter Schlachthof Dresden) bekannt. Weiterhin konnte man Stilbruch als Support f\u00fcr Gr\u00f6\u00dfen wie Dieter \u201eMaschine\u201c Birr, Max Giesinger und ELAIZA erleben. Das aktuelle Studio-Album \u201eNimm mich mit\u201c (2016) erreichte Platz 79 der deutschen Top 100 Album-Charts. Bei ihren bisherigen Auftritten gelang es den Musikern mehr als 50.000 CDs zu verkaufen.<\/p>\n<p>\u201eZuhause live\u201c ist das mittlerweile 7. Album von Stilbruch. F\u00fcr das Record-Release-Konzert hat sich die Band das Capitol in Halle\/Saale auserw\u00e4hlt, das nach jahrelangem Dornr\u00f6schenschlaf seit einem halben Jahr wieder in mond\u00e4nem Glanz erstrahlt.<\/p>","protected":false},"excerpt":{"rendered":"<p>New Classic mit Cello, Geige und Schlagzeug. Das Programm aus deutschen und englischen Songs verzaubert das Publikum!<\/p>","protected":false},"featured_media":70313,"template":"","meta":{"_acf_changed":false,"inline_featured_image":false},"product_brand":[],"product_cat":[388,31,69,86,35,6733,21,58],"product_tag":[971,2859,941,7140,942,943,4819,944,2506,7325,947,948],"class_list":{"0":"post-70310","1":"product","2":"type-product","3":"status-publish","4":"has-post-thumbnail","6":"product_cat-anker","7":"product_cat-events","8":"product_cat-konzert","9":"product_cat-leipzig","10":"product_cat-orte","11":"product_cat-pop","12":"product_cat-ticket","13":"product_cat-veranstaltung","14":"product_tag-anker","15":"product_tag-der-anker","16":"product_tag-events","17":"product_tag-keb-mo","18":"product_tag-konzert","19":"product_tag-leipzig","20":"product_tag-live-2026","21":"product_tag-orte","22":"product_tag-pop","23":"product_tag-stilbruch-freunde","24":"product_tag-ticket","25":"product_tag-veranstaltung","26":"product_shipping_class-nur_paketversand","27":"pa_discount-normalpreis","28":"pa_preiskategorie-stehplatz","30":"first","31":"instock","32":"taxable","33":"shipping-taxable","34":"purchasable","35":"product-type-variable"},"group_of_quantity":0,"min_quantity":0,"max_quantity":"","exclude_order_quantity_value_rules":"no","exclude_category_quantity_rules":"no","combine_variations":"no","acf":[],"_links":{"self":[{"href":"https:\/\/arena-ticket.com\/en\/wp-json\/wp\/v2\/product\/70310","targetHints":{"allow":["GET"]}}],"collection":[{"href":"https:\/\/arena-ticket.com\/en\/wp-json\/wp\/v2\/product"}],"about":[{"href":"https:\/\/arena-ticket.com\/en\/wp-json\/wp\/v2\/types\/product"}],"wp:featuredmedia":[{"embeddable":true,"href":"https:\/\/arena-ticket.com\/en\/wp-json\/wp\/v2\/media\/70313"}],"wp:attachment":[{"href":"https:\/\/arena-ticket.com\/en\/wp-json\/wp\/v2\/media?parent=70310"}],"wp:term":[{"taxonomy":"product_brand","embeddable":true,"href":"https:\/\/arena-ticket.com\/en\/wp-json\/wp\/v2\/product_brand?post=70310"},{"taxonomy":"product_cat","embeddable":true,"href":"https:\/\/arena-ticket.com\/en\/wp-json\/wp\/v2\/product_cat?post=70310"},{"taxonomy":"product_tag","embeddable":true,"href":"https:\/\/arena-ticket.com\/en\/wp-json\/wp\/v2\/product_tag?post=70310"}],"curies":[{"name":"wp","href":"https:\/\/api.w.org\/{rel}","templated":true}]}}