{"id":70315,"date":"2026-04-01T18:43:05","date_gmt":"2026-04-01T16:43:05","guid":{"rendered":"https:\/\/arena-ticket.com\/?p=70315&#038;post_type=product&#038;preview_id=70315"},"modified":"2026-04-02T16:48:05","modified_gmt":"2026-04-02T14:48:05","slug":"stoppok-rund-reise-die-band-tour-2026-der-anker-leipzig-14-11-2026-2000-uhr","status":"publish","type":"product","link":"https:\/\/arena-ticket.com\/en\/product\/stoppok-rund-reise-die-band-tour-2026-der-anker-leipzig-14-11-2026-2000-uhr\/","title":{"rendered":"STOPPOK  - RUND-Reise \u2013 die Band-Tour 2026"},"content":{"rendered":"<p>Reisen bildet. Diese \u201eRUND-Reise\u201c erst recht. STOPPOK, der geistreiche Seismograph unseres Landes, hat 2026 einen runden Geburtstag, wird 70. Das ist zu sch\u00f6n, um nicht gefeiert zu werden. Auf einer \u201eRUND-Reise\u201c durch die Republik, auf den Live-B\u00fchnen des Landes. seit jeher STOPPOKs nat\u00fcrliches Biotop und Emotions-Revier.<br \/>\nAlso rein in die Jubel-Touren mit Ecken und Kanten, mit Herz und Hirn, mit neuem Album und alten Freunden. Die Text-Gesangs-Gitarren-Ikone ist offensichtlich in bester Geburtstagslaune.<\/p>\n<p>Seit 50 Jahren ist STOPPOK nun Vorzeigemodell einer ganzen Zunft, als einzigartiger Entertainer aus der Frischeabteilung vitaler Songwriterkunst unterwegs, als unabh\u00e4ngiger Geist auf \u201efestem Grund\u201c, der sich schon fr\u00fch zwischen \u201eGeld oder Leben\u201c entschieden hat, als herausragender Texter voller Wortwitz, Weisheit und pointierter Poesie. Der Wetterprophet des Wertewandels leuchtet als Unikat. Von nachlassender Kraft und Idee kann dabei nicht die Rede sein. Ein Indiz: Die beiden letzten Alben, \u201eJubel\u201c und \u201eTeufelsk\u00fcche\u201c, landeten unter den Top Five der Media Control Charts.<\/p>\n<p>STOPPOK ist ein S\u00e4nger und Musiker, hoch gesch\u00e4tzt von renommierten Kolleginnen und Kollegen, der loses Mundwerk mit stupendem Handwerk (seine Saiteninstrumente beherrscht er meisterlich mit h\u00f6chst pers\u00f6nlicher Note) kombiniert. Gef\u00fcttert aus Folk, Blues und Rock\u2019n\u2019Roll entwickelt der STOPPOK-Sound Energie und Eigensinn. Getragen wird diese Idee groovender Gef\u00fchlsausbr\u00fcche von seiner bestens eingespielten Band: Reggie Worthy am Bass, Leo Lazar am Schlagzeug sowie Sebel an den Tasten und der Gitarre sind folglich auf der \u201eRUNDReise\u201c (21. Oktober 2026 bis 15. November) Begleitpassagiere. Passend zu einem neuen Song aus dem zur Tour erscheinenden Album: \u201eJe l\u00e4nger wir zusammen geh\u2019n, umso besser werden wir uns versteh\u2019n\u201c.<\/p>\n<p>STOPPOK bleibt dran, beharrlich, lustvoll, launig. \u00dcberrascht uns mit besonderen Live-Abenden, bei denen Spontaneit\u00e4t, Spott und Seelenmassage triumphieren. Nix gibt sich mit Siebzich. Welch Gl\u00fcck!<\/p>","protected":false},"excerpt":{"rendered":"<p>Hauptsache RUND: STOPPOK hat Geburtstag und feiert auf den B\u00fchnen des Landes<\/p>","protected":false},"featured_media":70317,"template":"","meta":{"_acf_changed":false,"inline_featured_image":false},"product_brand":[],"product_cat":[388,31,69,86,35,6732,21,58],"product_tag":[971,2859,941,942,943,944,6804,7326,2160,947,948],"class_list":{"0":"post-70315","1":"product","2":"type-product","3":"status-publish","4":"has-post-thumbnail","6":"product_cat-anker","7":"product_cat-events","8":"product_cat-konzert","9":"product_cat-leipzig","10":"product_cat-orte","11":"product_cat-rock-hard-rock","12":"product_cat-ticket","13":"product_cat-veranstaltung","14":"product_tag-anker","15":"product_tag-der-anker","16":"product_tag-events","17":"product_tag-konzert","18":"product_tag-leipzig","19":"product_tag-orte","20":"product_tag-rock-hard-rock","21":"product_tag-rund-reise-die-band-tour-2026","22":"product_tag-stoppok","23":"product_tag-ticket","24":"product_tag-veranstaltung","25":"product_shipping_class-nur_paketversand","26":"pa_preiskategorie-stehplatz","28":"first","29":"instock","30":"taxable","31":"shipping-taxable","32":"purchasable","33":"product-type-variable"},"group_of_quantity":0,"min_quantity":0,"max_quantity":"","exclude_order_quantity_value_rules":"no","exclude_category_quantity_rules":"no","combine_variations":"no","acf":[],"_links":{"self":[{"href":"https:\/\/arena-ticket.com\/en\/wp-json\/wp\/v2\/product\/70315","targetHints":{"allow":["GET"]}}],"collection":[{"href":"https:\/\/arena-ticket.com\/en\/wp-json\/wp\/v2\/product"}],"about":[{"href":"https:\/\/arena-ticket.com\/en\/wp-json\/wp\/v2\/types\/product"}],"wp:featuredmedia":[{"embeddable":true,"href":"https:\/\/arena-ticket.com\/en\/wp-json\/wp\/v2\/media\/70317"}],"wp:attachment":[{"href":"https:\/\/arena-ticket.com\/en\/wp-json\/wp\/v2\/media?parent=70315"}],"wp:term":[{"taxonomy":"product_brand","embeddable":true,"href":"https:\/\/arena-ticket.com\/en\/wp-json\/wp\/v2\/product_brand?post=70315"},{"taxonomy":"product_cat","embeddable":true,"href":"https:\/\/arena-ticket.com\/en\/wp-json\/wp\/v2\/product_cat?post=70315"},{"taxonomy":"product_tag","embeddable":true,"href":"https:\/\/arena-ticket.com\/en\/wp-json\/wp\/v2\/product_tag?post=70315"}],"curies":[{"name":"wp","href":"https:\/\/api.w.org\/{rel}","templated":true}]}}