{"id":70426,"date":"2026-04-04T13:48:40","date_gmt":"2026-04-04T11:48:40","guid":{"rendered":"https:\/\/arena-ticket.com\/?p=70426&#038;post_type=product&#038;preview_id=70426"},"modified":"2026-04-04T13:56:45","modified_gmt":"2026-04-04T11:56:45","slug":"unheilig-special-guests-liebe-glaube-monster-tour-2026-27-getec-arena-magdeburg-04-12-2026-1915-uhr","status":"publish","type":"product","link":"https:\/\/arena-ticket.com\/en\/product\/unheilig-special-guests-liebe-glaube-monster-tour-2026-27-getec-arena-magdeburg-04-12-2026-1915-uhr\/","title":{"rendered":"Unheilig & Special Guests  - Liebe, Glaube, Monster Tour 2026\/27"},"content":{"rendered":"<p>Nach neun langen Jahren meldet sich der Graf mit seiner Formation\u00a0<strong>UNHEILIG\u00a0<\/strong>endlich mit neuer Musik zur\u00fcck und k\u00fcndigt eine umfangreiche Arena Tour f\u00fcr den Herbst\/Winter 2026\/2027 an. Die Comeback-Single\u00a0<strong><em>\u201eWundersch\u00f6n\u201c<\/em><\/strong>\u00a0erscheint, begleitet von einem Musikvideo und einem Live-Auftritt im Rahmen der Preisverleihung \u201eGoldene Henne\u201c in Leipzig am 12.09.2026. Ein brandneues Studioalbum mit dem Titel\u00a0<strong>LIEBE GLAUBE MONSTER\u00a0<\/strong>wird im M\u00e4rz 2026 ver\u00f6ffentlicht.<\/p>\n<p><strong><em>\u201eWundersch\u00f6n\u201c<\/em><\/strong>\u00a0ist der erste musikalische Vorgeschmack auf das neue Album\u00a0<strong><em>LIEBE GLAUBE MONSTER<\/em><\/strong>, auf den die Fans seit der Comeback-Ank\u00fcndigung des Grafen im Februar bereits sehns\u00fcchtig gewartet haben. Und sie werden nicht entt\u00e4uscht! \u201eWundersch\u00f6n\u201c kn\u00fcpft musikalisch nahtlos an die gro\u00dfen emotionalen Songs und Live-Momente an, mit denen sich der Graf und Unheilig in seiner beispiellosen Karriere in die Herzen von Millionen Fans gespielt hatte, bevor im Rahmen eines tief bewegenden Konzertes im Rhein-Energie-Stadion in K\u00f6ln am 10. September 2016 zun\u00e4chst der letzte Vorhang fiel. Genau auf den Tag neun Jahre sp\u00e4ter hebt sich der Vorhang mit der Ank\u00fcndigung des neuen Albums, der gro\u00dfen Arena-Tournee und der Ver\u00f6ffentlichung der ersten Single jetzt f\u00fcr ein neues Kapitel in der bemerkenswerten Geschichte von Der Graf und Unheilig.<\/p>","protected":false},"excerpt":{"rendered":"<p>Secure your tickets!<\/p>","protected":false},"featured_media":70431,"template":"","meta":{"_acf_changed":false,"inline_featured_image":false},"product_brand":[],"product_cat":[31,4267,69,319,35,6733,21,58],"product_tag":[941,4268,942,7329,4060,944,2506,947,7328,948],"class_list":{"0":"post-70426","1":"product","2":"type-product","3":"status-publish","4":"has-post-thumbnail","6":"product_cat-events","7":"product_cat-getec-arena","8":"product_cat-konzert","9":"product_cat-magdeburg","10":"product_cat-orte","11":"product_cat-pop","12":"product_cat-ticket","13":"product_cat-veranstaltung","14":"product_tag-events","15":"product_tag-getec-arena","16":"product_tag-konzert","17":"product_tag-liebe-glaube-monster-tour-2026-27","18":"product_tag-magdeburg","19":"product_tag-orte","20":"product_tag-pop","21":"product_tag-ticket","22":"product_tag-unheilig-special-guests","23":"product_tag-veranstaltung","24":"product_shipping_class-nur_paketversand","25":"pa_discount-normalpreis","26":"pa_preiskategorie-pk-i","27":"pa_preiskategorie-pk-ii","28":"pa_preiskategorie-pk-iii","29":"pa_preiskategorie-pk-iv","30":"pa_preiskategorie-pk-v","31":"pa_preiskategorie-stehplatz","33":"first","34":"instock","35":"taxable","36":"shipping-taxable","37":"purchasable","38":"product-type-variable"},"group_of_quantity":0,"min_quantity":0,"max_quantity":"","exclude_order_quantity_value_rules":"no","exclude_category_quantity_rules":"no","combine_variations":"no","acf":[],"_links":{"self":[{"href":"https:\/\/arena-ticket.com\/en\/wp-json\/wp\/v2\/product\/70426","targetHints":{"allow":["GET"]}}],"collection":[{"href":"https:\/\/arena-ticket.com\/en\/wp-json\/wp\/v2\/product"}],"about":[{"href":"https:\/\/arena-ticket.com\/en\/wp-json\/wp\/v2\/types\/product"}],"wp:featuredmedia":[{"embeddable":true,"href":"https:\/\/arena-ticket.com\/en\/wp-json\/wp\/v2\/media\/70431"}],"wp:attachment":[{"href":"https:\/\/arena-ticket.com\/en\/wp-json\/wp\/v2\/media?parent=70426"}],"wp:term":[{"taxonomy":"product_brand","embeddable":true,"href":"https:\/\/arena-ticket.com\/en\/wp-json\/wp\/v2\/product_brand?post=70426"},{"taxonomy":"product_cat","embeddable":true,"href":"https:\/\/arena-ticket.com\/en\/wp-json\/wp\/v2\/product_cat?post=70426"},{"taxonomy":"product_tag","embeddable":true,"href":"https:\/\/arena-ticket.com\/en\/wp-json\/wp\/v2\/product_tag?post=70426"}],"curies":[{"name":"wp","href":"https:\/\/api.w.org\/{rel}","templated":true}]}}