{"id":70637,"date":"2026-04-09T13:28:24","date_gmt":"2026-04-09T11:28:24","guid":{"rendered":"https:\/\/arena-ticket.com\/?p=70637&#038;post_type=product&#038;preview_id=70637"},"modified":"2026-04-17T11:49:15","modified_gmt":"2026-04-17T09:49:15","slug":"die-schlagernacht-des-jahres-2027-leipzig-quarterback-immobilien-arena-24-04-2027-1800-uhr","status":"publish","type":"product","link":"https:\/\/arena-ticket.com\/en\/product\/die-schlagernacht-des-jahres-2027-leipzig-quarterback-immobilien-arena-24-04-2027-1800-uhr\/","title":{"rendered":"Die Schlagernacht des Jahres - 2027"},"content":{"rendered":"<p>***The event ticket includes travel authorization for all MDV means of transport (tariff zone 110) 4 hours before + after the event***<\/p>\n<p>Erlebt DAS ultimative Event f\u00fcr Schlagerfans \u2013 die Schlagernacht des Jahres \u2013 DAS ORIGINAL! Seit \u00fcber 25 Jahren begeistert die Schlagernacht des Jahres mit einer einmaligen Atmosph\u00e4re voller Lebensfreude, Musik und Emotionen. Einfach UNSCHLAGRBAR GUT!<\/p>\n<p>Auf der neu designten B\u00fchne pr\u00e4sentieren sich die gr\u00f6\u00dften Stars der Schlagerwelt und feiern mit den Fans sechs Stunden lang zu den gr\u00f6\u00dften Hits, aufregenden Newcomern und emotionalen Highlights. Jede Show ist ein einzigartiges Erlebnis, untermalt von einer atemberaubenden Licht- und B\u00fchnenshow. Seid dabei, wenn Deutschlands gr\u00f6\u00dfte Arenen in ein Meer aus blinkenden Kr\u00f6nchen getaucht werden und die Fans den gr\u00f6\u00dften Schlagerchor des Landes bilden!<\/p>","protected":false},"excerpt":{"rendered":"<p>The top stars of the hit industry ensure unforgettable hours in the great halls of Germany!<\/p>","protected":false},"featured_media":49493,"template":"","meta":{"_acf_changed":false,"inline_featured_image":false},"product_brand":[],"product_cat":[86,31,69,35,37,6734,21,22,58],"product_tag":[945,7335,2927,941,942,943,944,2568,947,973,948],"class_list":{"0":"post-70637","1":"product","2":"type-product","3":"status-publish","4":"has-post-thumbnail","6":"product_cat-leipzig","7":"product_cat-events","8":"product_cat-konzert","9":"product_cat-orte","10":"product_cat-quarterback-immobilien-arena","11":"product_cat-schlager","12":"product_cat-ticket","13":"product_cat-ticketupgrades-zusatzleistungen","14":"product_cat-veranstaltung","15":"product_tag-quarterback-immobilien-arena","16":"product_tag-7335","17":"product_tag-die-schlagernacht-des-jahres","18":"product_tag-events","19":"product_tag-konzert","20":"product_tag-leipzig","21":"product_tag-orte","22":"product_tag-schlager","23":"product_tag-ticket","24":"product_tag-ticketupgrades-zusatzleistungen","25":"product_tag-veranstaltung","26":"product_shipping_class-abholung_paketversand","27":"pa_discount-lzig-eds","28":"pa_discount-lzig-ees","29":"pa_discount-vip-golden-circle","30":"pa_discount-inklusive-begleitperson","31":"pa_discount-kind","32":"pa_discount-normalpreis","33":"pa_discount-vip-sitzplatz","34":"pa_preiskategorie-front-of-stage-stehplatz","35":"pa_preiskategorie-ggv-up","36":"pa_preiskategorie-livezig-up","37":"pa_preiskategorie-pgv-up","38":"pa_preiskategorie-pk-i","39":"pa_preiskategorie-pk-ii","40":"pa_preiskategorie-pk-iii","41":"pa_preiskategorie-pk-iv","42":"pa_preiskategorie-pk-v","43":"pa_preiskategorie-pk5-stehplatz","44":"pa_preiskategorie-rollstuhlfahrer","45":"pa_preiskategorie-stehplatz","46":"pa_preiskategorie-vip-package-backstage-club","47":"pa_preiskategorie-vip-package-backstage-club-stehplatz","48":"pa_preiskategorie-vipu-up","50":"first","51":"outofstock","52":"sale","53":"featured","54":"taxable","55":"shipping-taxable","56":"purchasable","57":"product-type-variable"},"group_of_quantity":0,"min_quantity":0,"max_quantity":"","exclude_order_quantity_value_rules":"no","exclude_category_quantity_rules":"no","combine_variations":"no","acf":[],"_links":{"self":[{"href":"https:\/\/arena-ticket.com\/en\/wp-json\/wp\/v2\/product\/70637","targetHints":{"allow":["GET"]}}],"collection":[{"href":"https:\/\/arena-ticket.com\/en\/wp-json\/wp\/v2\/product"}],"about":[{"href":"https:\/\/arena-ticket.com\/en\/wp-json\/wp\/v2\/types\/product"}],"wp:featuredmedia":[{"embeddable":true,"href":"https:\/\/arena-ticket.com\/en\/wp-json\/wp\/v2\/media\/49493"}],"wp:attachment":[{"href":"https:\/\/arena-ticket.com\/en\/wp-json\/wp\/v2\/media?parent=70637"}],"wp:term":[{"taxonomy":"product_brand","embeddable":true,"href":"https:\/\/arena-ticket.com\/en\/wp-json\/wp\/v2\/product_brand?post=70637"},{"taxonomy":"product_cat","embeddable":true,"href":"https:\/\/arena-ticket.com\/en\/wp-json\/wp\/v2\/product_cat?post=70637"},{"taxonomy":"product_tag","embeddable":true,"href":"https:\/\/arena-ticket.com\/en\/wp-json\/wp\/v2\/product_tag?post=70637"}],"curies":[{"name":"wp","href":"https:\/\/api.w.org\/{rel}","templated":true}]}}