{"id":70677,"date":"2026-04-10T08:51:38","date_gmt":"2026-04-10T06:51:38","guid":{"rendered":"https:\/\/arena-ticket.com\/?p=70677&#038;post_type=product&#038;preview_id=70677"},"modified":"2026-04-20T09:59:13","modified_gmt":"2026-04-20T07:59:13","slug":"abbamania-the-show-thank-you-for-the-music-tour-2027-leipzig-quarterback-immobilien-arena-25-05-2027-1930-uhr","status":"publish","type":"product","link":"https:\/\/arena-ticket.com\/en\/product\/abbamania-the-show-thank-you-for-the-music-tour-2027-leipzig-quarterback-immobilien-arena-25-05-2027-1930-uhr\/","title":{"rendered":"ABBAMANIA THE SHOW  - Thank you for the music - Tour 2027"},"content":{"rendered":"<p>Nach den umjubelten Jubil\u00e4umstourneen der vergangenen Jahre steht auch bei der kommenden Tour<br \/>\nvon ABBAMANIA THE SHOW 2027 wieder das Jubil\u00e4um eines ABBA-Klassikers an: \u201eThank You for the<br \/>\nMusic\u201c wird 50 Jahre alt. Unter diesem besonderen Motto r\u00fcckt ABBAMANIA THE SHOW die weltweite<br \/>\nWertsch\u00e4tzung f\u00fcr eine Band in den Fokus, deren Lieder seit Jahrzehnten Menschen begleiten,<br \/>\nber\u00fchren und verbinden.<br \/>\nSeit seiner Ver\u00f6ffentlichung 1977 steht \u201eThank You for the Music\u201c wie kaum ein anderer Titel f\u00fcr die emotionale<br \/>\nVerbindung zwischen ABBA und ihrem Publikum. Genau dieses Gef\u00fchl bildet das Herz der Tour 2027.<br \/>\nGemeinsam mit den Fans entsteht eine musikalische Liebeserkl\u00e4rung an das musikalische Werk der<br \/>\nschwedischen Pop-Ikonen \u2013 eine W\u00fcrdigung jener Melodien, die Generationen gepr\u00e4gt haben und noch heute<br \/>\nbegeistern. Als weltweit gr\u00f6\u00dfte Tribute-Produktion bringt ABBAMANIA THE SHOW die unvergessenen Hits<br \/>\nerneut auf die B\u00fchne und macht die Zuschauerinnen und Zuschauer zum Teil dieses besonderen Jubil\u00e4ums.<br \/>\n\u201eThank You for the Music\u201c entstand in einem au\u00dfergew\u00f6hnlichen Kontext: Benny Andersson und Bj\u00f6rn Ulvaeus<br \/>\nverfassten ihn 1977 im Zusammenhang mit dem Mini-Musical \u201eThe Girl with the Golden Hair\u201c, das auf der<br \/>\nWelttournee im selben Jahr aufgef\u00fchrt wurde. Urspr\u00fcnglich als augenzwinkernde musicalhafte Nummer<br \/>\nkonzipiert, war das Lied Teil der kleinen B\u00fchnengeschichte \u00fcber den Aufstieg und die Selbstzweifel einer<br \/>\njungen S\u00e4ngerin. Mit seiner gro\u00dfen Melodie, opulenten Arrangements und Agnetha F\u00e4ltskogs<br \/>\nausdrucksstarker Stimme wurde der Titel zu einem zentralen Bestandteil des k\u00fcnstlerischen Erbes der Band.<br \/>\nAuch 2027 hei\u00dft es bei ABBAMANIA THE SHOW: Mitsingen, Tanzen und gemeinsam die Faszination von<br \/>\nABBA erleben. Zusammen mit dem Symphonic Rock Orchestra, der ABBAMANIA-Band sowie<br \/>\nherausragenden S\u00e4ngerinnen und S\u00e4ngern wird die unverwechselbare Atmosph\u00e4re der 1970er- und 80er-<br \/>\nJahre eindrucksvoll lebendig. Originalgetreue Kost\u00fcme, mitrei\u00dfende Performances und eine spektakul\u00e4re<br \/>\nLicht- und B\u00fchnenshow schaffen den perfekten Rahmen, um die Musik von ABBA nicht nur zu h\u00f6ren, sondern<br \/>\ngemeinsam zu feiern. Neben der Jubil\u00e4umshymne \u201eThank You for the Music\u201c d\u00fcrfen sich Fans auf<br \/>\nunvergessliche Klassiker wie \u201eDancing Queen\u201c, \u201eMamma Mia\u201c, \u201eGimme! Gimme! Gimme!\u201c, \u201eSOS\u201c oder \u201eThe<br \/>\nWinner Takes It All\u201c sowie ausgew\u00e4hlte Songs aus dem Erfolgsalbum Voyage freuen. ABBAMANIA THE<br \/>\nSHOW steht damit ganz im Zeichen einer gemeinsamen Botschaft: Danke f\u00fcr die Musik und f\u00fcr Jahrzehnte<br \/>\nvoller unvergesslicher Momente, die ABBA-Enthusiasten auf der ganzen Welt miteinander verbinden.<\/p>","protected":false},"excerpt":{"rendered":"<p>Get your tickets now!<\/p>","protected":false},"featured_media":70687,"template":"","meta":{"_acf_changed":false,"inline_featured_image":false},"product_brand":[],"product_cat":[37,86,35,21,22],"product_tag":[6000,943,944,945,7336,947,973],"class_list":{"0":"post-70677","1":"product","2":"type-product","3":"status-publish","4":"has-post-thumbnail","6":"product_cat-quarterback-immobilien-arena","7":"product_cat-leipzig","8":"product_cat-orte","9":"product_cat-ticket","10":"product_cat-ticketupgrades-zusatzleistungen","11":"product_tag-abbamania-the-show","12":"product_tag-leipzig","13":"product_tag-orte","14":"product_tag-quarterback-immobilien-arena","15":"product_tag-thank-you-for-the-music-tour-2027","16":"product_tag-ticket","17":"product_tag-ticketupgrades-zusatzleistungen","18":"product_shipping_class-abholung_paketversand","19":"pa_discount-normalpreis","20":"pa_discount-inklusive-begleitperson","21":"pa_preiskategorie-pk-i","22":"pa_preiskategorie-pk-ii","23":"pa_preiskategorie-pk-iii","24":"pa_preiskategorie-pk-iv","25":"pa_preiskategorie-pk-v","26":"pa_preiskategorie-stehplatz","27":"pa_preiskategorie-rollstuhlfahrer","28":"pa_preiskategorie-ggv-up","29":"pa_preiskategorie-pgv-up","31":"first","32":"instock","33":"taxable","34":"shipping-taxable","35":"purchasable","36":"product-type-variable"},"group_of_quantity":0,"min_quantity":0,"max_quantity":"","exclude_order_quantity_value_rules":"no","exclude_category_quantity_rules":"no","combine_variations":"no","acf":[],"_links":{"self":[{"href":"https:\/\/arena-ticket.com\/en\/wp-json\/wp\/v2\/product\/70677","targetHints":{"allow":["GET"]}}],"collection":[{"href":"https:\/\/arena-ticket.com\/en\/wp-json\/wp\/v2\/product"}],"about":[{"href":"https:\/\/arena-ticket.com\/en\/wp-json\/wp\/v2\/types\/product"}],"wp:featuredmedia":[{"embeddable":true,"href":"https:\/\/arena-ticket.com\/en\/wp-json\/wp\/v2\/media\/70687"}],"wp:attachment":[{"href":"https:\/\/arena-ticket.com\/en\/wp-json\/wp\/v2\/media?parent=70677"}],"wp:term":[{"taxonomy":"product_brand","embeddable":true,"href":"https:\/\/arena-ticket.com\/en\/wp-json\/wp\/v2\/product_brand?post=70677"},{"taxonomy":"product_cat","embeddable":true,"href":"https:\/\/arena-ticket.com\/en\/wp-json\/wp\/v2\/product_cat?post=70677"},{"taxonomy":"product_tag","embeddable":true,"href":"https:\/\/arena-ticket.com\/en\/wp-json\/wp\/v2\/product_tag?post=70677"}],"curies":[{"name":"wp","href":"https:\/\/api.w.org\/{rel}","templated":true}]}}