{"id":70719,"date":"2026-04-10T12:16:42","date_gmt":"2026-04-10T10:16:42","guid":{"rendered":"https:\/\/arena-ticket.com\/?p=70719&#038;post_type=product&#038;preview_id=70719"},"modified":"2026-04-10T12:23:32","modified_gmt":"2026-04-10T10:23:32","slug":"roy-reinker-irre-zeiten-wenn-puppen-am-zeiger-drehen-chemnitz-carlowitz-congresscenter-03-04-2027-1930-uhr","status":"publish","type":"product","link":"https:\/\/arena-ticket.com\/en\/product\/roy-reinker-irre-zeiten-wenn-puppen-am-zeiger-drehen-chemnitz-carlowitz-congresscenter-03-04-2027-1930-uhr\/","title":{"rendered":"Roy Reinker - Irre Zeiten - Wenn Puppen am Zeiger drehen"},"content":{"rendered":"<p>Roy Reinker<\/p>\n<p>IRRE ZEITEN - Wenn Puppen am Zeiger drehen<\/p>\n<div class=\"description\">\n<p>Die neue Zeitreise-Comedy von Bauchredner Roy Reinker<\/p>\n<p>Wenn Bauchredner\u00a0Roy Reinker\u00a0die B\u00fchne betritt, geraten nicht nur seine Puppen au\u00dfer Kontrolle \u2013 sondern gleich die gesamte Zeitgeschichte! In seiner brandneuen Multimedia-Show\u00a0\u201eIRRE ZEITEN\u201c\u00a0wirbelt der Shootingstar der deutschen Comedy durch Epochen, Skurrilit\u00e4ten und Katastrophen\u2026 und das Publikum lacht sich durch die Jahrtausende.<\/p>\n<p>Opa Siggi\u00a0findet sich pl\u00f6tzlich wieder in der DDR und muss seine eigene Eheschlie\u00dfung erneut durchstehen \u2013 nat\u00fcrlich genauso chaotisch wie beim ersten Mal.<br \/>\nNorbert, der Neandertaler, jagt nicht nur Mamuts, sondern auch Mamas.<br \/>\nKleopatra\u00a0l\u00e4stert temperamentvoll \u00fcber C\u00e4sar, R\u00f6mer und andere m\u00e4nnliche Fehlkonstruktionen.<br \/>\nUnd\u00a0Hermes, der antike G\u00f6tterbote, sucht \u2013 wie damals \u2013 verzweifelt nach seinen Paketen.<\/p>\n<p>Das Ergebnis: Ein rasender Mix aus\u00a0Comedy, Puppenspiel, Technik, wilder Geschichte und genialen Absurdit\u00e4ten. Dazu ein Baby im Ausnahmezustand, ein Raumschiff auf Kollisionskurs und ein Bordcomputer, der zwischen Burnout und Systemabsturz pendelt.<\/p>\n<p>Roy Reinker pr\u00e4sentiert eine Show, die\u00a0so schnell, so schr\u00e4g und so \u00fcberraschend\u00a0ist, dass man kaum mit Lachen hinterherkommt.<br \/>\nEin Abend voller Tempo, Timing und Tr\u00e4nen \u2013 vor Lachen!<\/p>\n<p>\u201eIrre Zeiten\u201c ist Comedy, die man nicht nur sieht, sondern erlebt.<br \/>\nNicht verpassen \u2013 hier wird zu jeder Zeit gelacht.<\/p>\n<p>Text &amp; Ideen: Matthias Machwerk und Roy Reinker<\/p>\n<\/div>","protected":false},"excerpt":{"rendered":"<p class=\"detail-item__titel\">Roy Reinker pr\u00e4sentiert eine Show, die so schnell, so schr\u00e4g und so \u00fcberraschend ist, dass man kaum mit Lachen hinterherkommt. Ein Abend voller Tempo, Timing und Tr\u00e4nen \u2013 vor Lachen! Sichern Sie sich jetzt Ihre Tickets!<\/p>","protected":false},"featured_media":70724,"template":"","meta":{"_acf_changed":false,"inline_featured_image":false},"product_brand":[],"product_cat":[377,103,35,21],"product_tag":[3908,992,7338,944,7337,947],"class_list":{"0":"post-70719","1":"product","2":"type-product","3":"status-publish","4":"has-post-thumbnail","6":"product_cat-carlowitz-congress-center","7":"product_cat-chemnitz","8":"product_cat-orte","9":"product_cat-ticket","10":"product_tag-carlowitz-congress-center","11":"product_tag-chemnitz","12":"product_tag-irre-zeiten-wenn-puppen-am-zeiger-drehen","13":"product_tag-orte","14":"product_tag-roy-reinker","15":"product_tag-ticket","16":"product_shipping_class-nur_paketversand","17":"pa_discount-normalpreis","18":"pa_preiskategorie-pk-i","19":"pa_preiskategorie-pk-ii","21":"first","22":"instock","23":"taxable","24":"shipping-taxable","25":"purchasable","26":"product-type-variable"},"group_of_quantity":0,"min_quantity":0,"max_quantity":"","exclude_order_quantity_value_rules":"no","exclude_category_quantity_rules":"no","combine_variations":"no","acf":[],"_links":{"self":[{"href":"https:\/\/arena-ticket.com\/en\/wp-json\/wp\/v2\/product\/70719","targetHints":{"allow":["GET"]}}],"collection":[{"href":"https:\/\/arena-ticket.com\/en\/wp-json\/wp\/v2\/product"}],"about":[{"href":"https:\/\/arena-ticket.com\/en\/wp-json\/wp\/v2\/types\/product"}],"wp:featuredmedia":[{"embeddable":true,"href":"https:\/\/arena-ticket.com\/en\/wp-json\/wp\/v2\/media\/70724"}],"wp:attachment":[{"href":"https:\/\/arena-ticket.com\/en\/wp-json\/wp\/v2\/media?parent=70719"}],"wp:term":[{"taxonomy":"product_brand","embeddable":true,"href":"https:\/\/arena-ticket.com\/en\/wp-json\/wp\/v2\/product_brand?post=70719"},{"taxonomy":"product_cat","embeddable":true,"href":"https:\/\/arena-ticket.com\/en\/wp-json\/wp\/v2\/product_cat?post=70719"},{"taxonomy":"product_tag","embeddable":true,"href":"https:\/\/arena-ticket.com\/en\/wp-json\/wp\/v2\/product_tag?post=70719"}],"curies":[{"name":"wp","href":"https:\/\/api.w.org\/{rel}","templated":true}]}}