{"id":70731,"date":"2026-04-10T13:24:47","date_gmt":"2026-04-10T11:24:47","guid":{"rendered":"https:\/\/arena-ticket.com\/?p=70731&#038;post_type=product&#038;preview_id=70731"},"modified":"2026-04-10T18:43:37","modified_gmt":"2026-04-10T16:43:37","slug":"ian-hooper-dresden-groovestation-20-04-2027-2000-uhr","status":"publish","type":"product","link":"https:\/\/arena-ticket.com\/en\/product\/ian-hooper-dresden-groovestation-20-04-2027-2000-uhr\/","title":{"rendered":"Ian Hooper"},"content":{"rendered":"<p class=\"p1\">Nach \u00fcber einem Jahrzehnt als Frontmann von Mighty Oaks - mit Auftrittenauf internationalen B\u00fchnen wie Rock am Ring, Lollapalooza oder demMontreux Jazz Festival, weltweiten Chartplatzierungen und einem neuenBand-Album samt gro\u00dfer Tourneen in den Jahren 2024 und 2025 - setztIan Hooper seinen Weg als Solok\u00fcnstler konsequent fort. Mit \u201e2AM Rockstars\u201c am 13. Juni startet diese neue Phase - der Auftakt zueiner Reihe von Songs, die Ian 2025 Schritt f\u00fcr Schritt ver\u00f6ffentlichen wird.Musikalisch l\u00e4sst sich Ian Hoopers neue Richtung nicht auf ein Genrefestnageln. Was bleibt, ist seine unverwechselbare Handschrift: analog,warm und ehrlich - mit einem klaren Blick nach vorn. Begleitet wird dieseneue Phase von einer Tour im November, auf der Ian mit \u201e2 AM Rockstars\u201c,weiteren neuen Songs-und Highlights seines ersten Solo-Albums - endlichwieder live zu erleben ist.<\/p>\n<p class=\"p2\">Mit \u201e2AM Rockstars\u201c schl\u00e4gt Hooper ein neues Kapitel auf - zwischen treibendem Country-Groove, modernem Pop-Gesp\u00fcr, Americana-Vibes und cineastischer Produktion. Bekannt als die Stimme von Mighty Oaks, bringt er sein Songwriter-Herz in eine elektrifizierte Klangwelt: stampfende Beats, verzerrte Gitarren, vielschichtige Vocals - und dar\u00fcber ein Refrain, der sich sofort festsetzt. Der Track erz\u00e4hlt von Freundschaft, Chaos, Zuversicht und dem Mut, loszulassen - ein Song \u00fcber Tiefpunkte und n\u00e4chtliche Freiheit. Ob auf der Festivalb\u00fchne oder bei einer n\u00e4chtlichen Autofahrt: \u201e2AM Rockstars\u201c wirkt unmittelbar - direkt, emotional, mitrei\u00dfend.<\/p>","protected":false},"excerpt":{"rendered":"<p>Don&#039;t miss it!<\/p>","protected":false},"featured_media":70747,"template":"","meta":{"_acf_changed":false,"inline_featured_image":false},"product_brand":[],"product_cat":[87,31,411,69,35,6749,21,58],"product_tag":[940,941,3029,2723,7339,942,944,6779,947,948],"class_list":{"0":"post-70731","1":"product","2":"type-product","3":"status-publish","4":"has-post-thumbnail","6":"product_cat-dresden","7":"product_cat-events","8":"product_cat-groove-station","9":"product_cat-konzert","10":"product_cat-orte","11":"product_cat-sonstiges_konzert","12":"product_cat-ticket","13":"product_cat-veranstaltung","14":"product_tag-dresden","15":"product_tag-events","16":"product_tag-groove-station","17":"product_tag-groovestation","18":"product_tag-ian-hooper","19":"product_tag-konzert","20":"product_tag-orte","21":"product_tag-sonstiges","22":"product_tag-ticket","23":"product_tag-veranstaltung","24":"product_shipping_class-nur_paketversand","25":"pa_discount-normalpreis","26":"pa_preiskategorie-freie-platzwahl","27":"pa_preiskategorie-stehplatz","29":"first","30":"instock","31":"taxable","32":"shipping-taxable","33":"purchasable","34":"product-type-variable","35":"has-default-attributes"},"group_of_quantity":0,"min_quantity":0,"max_quantity":"","exclude_order_quantity_value_rules":"no","exclude_category_quantity_rules":"no","combine_variations":"no","acf":[],"_links":{"self":[{"href":"https:\/\/arena-ticket.com\/en\/wp-json\/wp\/v2\/product\/70731","targetHints":{"allow":["GET"]}}],"collection":[{"href":"https:\/\/arena-ticket.com\/en\/wp-json\/wp\/v2\/product"}],"about":[{"href":"https:\/\/arena-ticket.com\/en\/wp-json\/wp\/v2\/types\/product"}],"wp:featuredmedia":[{"embeddable":true,"href":"https:\/\/arena-ticket.com\/en\/wp-json\/wp\/v2\/media\/70747"}],"wp:attachment":[{"href":"https:\/\/arena-ticket.com\/en\/wp-json\/wp\/v2\/media?parent=70731"}],"wp:term":[{"taxonomy":"product_brand","embeddable":true,"href":"https:\/\/arena-ticket.com\/en\/wp-json\/wp\/v2\/product_brand?post=70731"},{"taxonomy":"product_cat","embeddable":true,"href":"https:\/\/arena-ticket.com\/en\/wp-json\/wp\/v2\/product_cat?post=70731"},{"taxonomy":"product_tag","embeddable":true,"href":"https:\/\/arena-ticket.com\/en\/wp-json\/wp\/v2\/product_tag?post=70731"}],"curies":[{"name":"wp","href":"https:\/\/api.w.org\/{rel}","templated":true}]}}