{"id":70735,"date":"2026-04-10T13:34:23","date_gmt":"2026-04-10T11:34:23","guid":{"rendered":"https:\/\/arena-ticket.com\/?p=70735&#038;post_type=product&#038;preview_id=70735"},"modified":"2026-04-10T13:43:09","modified_gmt":"2026-04-10T11:43:09","slug":"herr-schroeder-der-rest-ist-hausaufgabe-leipzig-haus-auensee-12-03-2027-2000-uhr","status":"publish","type":"product","link":"https:\/\/arena-ticket.com\/en\/product\/herr-schroeder-der-rest-ist-hausaufgabe-leipzig-haus-auensee-12-03-2027-2000-uhr\/","title":{"rendered":"Herr Schr\u00f6der  - Der Rest ist Hausaufgabe"},"content":{"rendered":"<p>Der Mensch gewordene Overhead-Projektor bittet zur Doppelstunde! In seinem Erfolgsprogramm \u201eDer Rest ist Hausaufgabe\u201c nimmt Herr Schr\u00f6der sein Publikum mit auf eine aberwitzige Reise durch den ganz normalen Wahnsinn des deutschen Schulsystems.<\/p>\n<p>Wenn analoge Lehrkr\u00e4fte auf digitale Sch\u00fcler treffen, das WLAN mal wieder klemmt und der Medienwagen noch immer quietschend \u00fcber die Flure geschoben wird, ist eines sicher: Hier bleibt kein Auge trocken. Mit messerscharfer Beobachtungsgabe, rasanten Pointen und einer ordentlichen Portion Selbstironie kn\u00f6pft sich der wohl lustigste Lehrer der Republik die modernen Klassenzimmer vor. Wie tickt die Generation Z? Und wie \u00fcberlebt man als Lehrkraft den Elternsprechtag?<\/p>\n<p>Herr Schr\u00f6der liefert die Antworten in einer Comedy-Show, die so lehrreich ist, wie sie lustig ist. Ein Abend f\u00fcr alle, die mal wieder aus vollem Herzen lachen wollen \u2013 ganz ohne Klausur am Ende. Aber Vorsicht: Der Rest ist Hausaufgabe!<\/p>","protected":false},"excerpt":{"rendered":"<p>Herr Schr\u00f6der geht mit seinem neuen Comedy-Programm \"Der Rest ist Hausaufgabe\" auf Tournee!<\/p>","protected":false},"featured_media":70742,"template":"","meta":{"_acf_changed":false,"inline_featured_image":false},"product_brand":[],"product_cat":[6725,31,344,95,86,35,21,58],"product_tag":[954,3416,941,962,3415,6774,943,944,947,948],"class_list":{"0":"post-70735","1":"product","2":"type-product","3":"status-publish","4":"has-post-thumbnail","6":"product_cat-comedy","7":"product_cat-events","8":"product_cat-haus-auensee","9":"product_cat-humor","10":"product_cat-leipzig","11":"product_cat-orte","12":"product_cat-ticket","13":"product_cat-veranstaltung","14":"product_tag-comedy","15":"product_tag-der-rest-ist-hausaufgabe","16":"product_tag-events","17":"product_tag-haus-auensee","18":"product_tag-herr-schroeder","19":"product_tag-humor","20":"product_tag-leipzig","21":"product_tag-orte","22":"product_tag-ticket","23":"product_tag-veranstaltung","24":"product_shipping_class-nur_paketversand","25":"pa_discount-normalpreis","26":"pa_preiskategorie-pk-i","27":"pa_preiskategorie-pk-ii","28":"pa_preiskategorie-pk-iii","29":"pa_preiskategorie-pk-iv","31":"first","32":"instock","33":"taxable","34":"shipping-taxable","35":"purchasable","36":"product-type-variable","37":"has-default-attributes"},"group_of_quantity":0,"min_quantity":0,"max_quantity":"","exclude_order_quantity_value_rules":"no","exclude_category_quantity_rules":"no","combine_variations":"no","acf":[],"_links":{"self":[{"href":"https:\/\/arena-ticket.com\/en\/wp-json\/wp\/v2\/product\/70735","targetHints":{"allow":["GET"]}}],"collection":[{"href":"https:\/\/arena-ticket.com\/en\/wp-json\/wp\/v2\/product"}],"about":[{"href":"https:\/\/arena-ticket.com\/en\/wp-json\/wp\/v2\/types\/product"}],"wp:featuredmedia":[{"embeddable":true,"href":"https:\/\/arena-ticket.com\/en\/wp-json\/wp\/v2\/media\/70742"}],"wp:attachment":[{"href":"https:\/\/arena-ticket.com\/en\/wp-json\/wp\/v2\/media?parent=70735"}],"wp:term":[{"taxonomy":"product_brand","embeddable":true,"href":"https:\/\/arena-ticket.com\/en\/wp-json\/wp\/v2\/product_brand?post=70735"},{"taxonomy":"product_cat","embeddable":true,"href":"https:\/\/arena-ticket.com\/en\/wp-json\/wp\/v2\/product_cat?post=70735"},{"taxonomy":"product_tag","embeddable":true,"href":"https:\/\/arena-ticket.com\/en\/wp-json\/wp\/v2\/product_tag?post=70735"}],"curies":[{"name":"wp","href":"https:\/\/api.w.org\/{rel}","templated":true}]}}