{"id":70749,"date":"2026-04-10T13:46:57","date_gmt":"2026-04-10T11:46:57","guid":{"rendered":"https:\/\/arena-ticket.com\/?p=70749&#038;post_type=product&#038;preview_id=70749"},"modified":"2026-04-10T14:00:43","modified_gmt":"2026-04-10T12:00:43","slug":"julian-sommer-endlich-wieder-sommer-tour-2028-leipzig-haus-auensee-18-03-2028-2000-uhr","status":"publish","type":"product","link":"https:\/\/arena-ticket.com\/en\/product\/julian-sommer-endlich-wieder-sommer-tour-2028-leipzig-haus-auensee-18-03-2028-2000-uhr\/","title":{"rendered":"Julian Sommer  - Endlich wieder Sommer Tour 2028"},"content":{"rendered":"<div id=\"content\">\n<section class=\"c-full c-inner c-narrow\" data-c=\"stageteasertext\" data-qa=\"stageteasertext-component\">\n<div class=\"container\">\n<div class=\"external-content no-margin\">\n<div class=\"u-position-relative js-moretext-wrapper\">\n<div class=\"moretext js-moretext expanded\" data-qa=\"readMoreText\">\n<div class=\"moretext-teaser\">\n<p>Julian Sommer z\u00e4hlt zu den erfolgreichsten &amp; j\u00fcngsten Party-Pop-K\u00fcnstlern im deutschsprachigen Raum. Mit seinen Songs bringt er das Sommergef\u00fchl auf jede B\u00fchne \u2013 eing\u00e4ngig, mitrei\u00dfend und immer nah am Publikum. Millionen Streams, Gold &amp; Platin Awards, ausverkaufte Shows und zahlreiche Festival-Auftritte sprechen f\u00fcr sich.<\/p>\n<p>Ob Club, Open Air oder Mallorca: Julian Sommer steht f\u00fcr gute Laune, Eskalation und N\u00e4chte, die man nicht vergisst.<\/p>\n<\/div>\n<\/div>\n<\/div>\n<\/div>\n<\/div>\n<\/section>\n<\/div>","protected":false},"excerpt":{"rendered":"<div class=\"event__header\" data-v-331ed750=\"\">Secure your tickets!<\/div>","protected":false},"featured_media":70752,"template":"","meta":{"_acf_changed":false,"inline_featured_image":false},"product_brand":[],"product_cat":[31,344,69,86,35,6734,58],"product_tag":[7341,941,962,7340,942,943,944,2568,948],"class_list":{"0":"post-70749","1":"product","2":"type-product","3":"status-publish","4":"has-post-thumbnail","6":"product_cat-events","7":"product_cat-haus-auensee","8":"product_cat-konzert","9":"product_cat-leipzig","10":"product_cat-orte","11":"product_cat-schlager","12":"product_cat-veranstaltung","13":"product_tag-endlich-wieder-sommer-tour-2028","14":"product_tag-events","15":"product_tag-haus-auensee","16":"product_tag-julian-sommer","17":"product_tag-konzert","18":"product_tag-leipzig","19":"product_tag-orte","20":"product_tag-schlager","21":"product_tag-veranstaltung","22":"product_shipping_class-nur_paketversand","23":"pa_discount-inklusive-begleitperson","24":"pa_discount-normalpreis","25":"pa_preiskategorie-rollstuhlfahrer","26":"pa_preiskategorie-stehplatz","28":"first","29":"instock","30":"taxable","31":"shipping-taxable","32":"purchasable","33":"product-type-variable"},"group_of_quantity":0,"min_quantity":0,"max_quantity":"","exclude_order_quantity_value_rules":"no","exclude_category_quantity_rules":"no","combine_variations":"no","acf":[],"_links":{"self":[{"href":"https:\/\/arena-ticket.com\/en\/wp-json\/wp\/v2\/product\/70749","targetHints":{"allow":["GET"]}}],"collection":[{"href":"https:\/\/arena-ticket.com\/en\/wp-json\/wp\/v2\/product"}],"about":[{"href":"https:\/\/arena-ticket.com\/en\/wp-json\/wp\/v2\/types\/product"}],"wp:featuredmedia":[{"embeddable":true,"href":"https:\/\/arena-ticket.com\/en\/wp-json\/wp\/v2\/media\/70752"}],"wp:attachment":[{"href":"https:\/\/arena-ticket.com\/en\/wp-json\/wp\/v2\/media?parent=70749"}],"wp:term":[{"taxonomy":"product_brand","embeddable":true,"href":"https:\/\/arena-ticket.com\/en\/wp-json\/wp\/v2\/product_brand?post=70749"},{"taxonomy":"product_cat","embeddable":true,"href":"https:\/\/arena-ticket.com\/en\/wp-json\/wp\/v2\/product_cat?post=70749"},{"taxonomy":"product_tag","embeddable":true,"href":"https:\/\/arena-ticket.com\/en\/wp-json\/wp\/v2\/product_tag?post=70749"}],"curies":[{"name":"wp","href":"https:\/\/api.w.org\/{rel}","templated":true}]}}