{"id":70859,"date":"2026-04-13T10:28:15","date_gmt":"2026-04-13T08:28:15","guid":{"rendered":"https:\/\/arena-ticket.com\/?p=70859&#038;post_type=product&#038;preview_id=70859"},"modified":"2026-04-15T20:18:33","modified_gmt":"2026-04-15T18:18:33","slug":"die-aerzte-eine-gaensehaut-nach-dem-andern-tour-2027-leipzig-quarterback-immobilien-arena-20-04-2027-2000-uhr","status":"publish","type":"product","link":"https:\/\/arena-ticket.com\/en\/product\/die-aerzte-eine-gaensehaut-nach-dem-andern-tour-2027-leipzig-quarterback-immobilien-arena-20-04-2027-2000-uhr\/","title":{"rendered":"die \u00e4rzte: - Eine G\u00e4nsehaut nach dem andern! Tour 2027"},"content":{"rendered":"<p>Manchmal kommen sie wieder. Drei\u00a0<strong>die \u00e4rzte<\/strong>\u00a0mit dem Kontrabass stehen auf der B\u00fchne und erz\u00e4hlen sich was. Mit Tschingderassabum und T\u00e4ter\u00e4t\u00e4. Mit Nachhaltigkeitskonzept und Sozialticket. Mit La-Olas und Handylichtkerzenmeer. Mit Wall Of Death und Distinktionsgewinn. Mit G\u00e4nsehaut und Freudentr\u00e4nen. Am Ende sind alle gl\u00fccklich. Mit gutem Gewissen. Versprochen.<\/p>","protected":false},"excerpt":{"rendered":"<p>Der Vorverkauf startet am 15.04.2026 um 10:00 Uhr!<\/p>","protected":false},"featured_media":70874,"template":"","meta":{"_acf_changed":false,"inline_featured_image":false},"product_brand":[],"product_cat":[37,31,69,86,35,6745,21,22,58],"product_tag":[943,7335,2927,2862,7342,941,942,944,6801,945,947,973,948],"class_list":{"0":"post-70859","1":"product","2":"type-product","3":"status-publish","4":"has-post-thumbnail","6":"product_cat-quarterback-immobilien-arena","7":"product_cat-events","8":"product_cat-konzert","9":"product_cat-leipzig","10":"product_cat-orte","11":"product_cat-punk-punkrock","12":"product_cat-ticket","13":"product_cat-ticketupgrades-zusatzleistungen","14":"product_cat-veranstaltung","15":"product_tag-leipzig","16":"product_tag-7335","17":"product_tag-die-schlagernacht-des-jahres","18":"product_tag-die-aerzte","19":"product_tag-eine-gaensehaut-nach-dem-andern-tour-2027","20":"product_tag-events","21":"product_tag-konzert","22":"product_tag-orte","23":"product_tag-punk-punkrock","24":"product_tag-quarterback-immobilien-arena","25":"product_tag-ticket","26":"product_tag-ticketupgrades-zusatzleistungen","27":"product_tag-veranstaltung","28":"product_shipping_class-abholung_paketversand","29":"pa_discount-lzig-eds","30":"pa_discount-lzig-ees","31":"pa_discount-vip-golden-circle","32":"pa_discount-inklusive-begleitperson","33":"pa_discount-kind","34":"pa_discount-normalpreis","35":"pa_discount-vip-sitzplatz","36":"pa_preiskategorie-front-of-stage-stehplatz","37":"pa_preiskategorie-ggv-up","38":"pa_preiskategorie-livezig-up","39":"pa_preiskategorie-pgv-up","40":"pa_preiskategorie-pk-i","41":"pa_preiskategorie-pk-ii","42":"pa_preiskategorie-pk-iii","43":"pa_preiskategorie-pk-iv","44":"pa_preiskategorie-pk-v","45":"pa_preiskategorie-pk5-stehplatz","46":"pa_preiskategorie-rollstuhlfahrer","47":"pa_preiskategorie-stehplatz","48":"pa_preiskategorie-vip-package-backstage-club","49":"pa_preiskategorie-vip-package-backstage-club-stehplatz","50":"pa_preiskategorie-vipu-up","52":"first","53":"outofstock","54":"featured","55":"taxable","56":"shipping-taxable","57":"purchasable","58":"product-type-variable"},"group_of_quantity":0,"min_quantity":0,"max_quantity":"","exclude_order_quantity_value_rules":"no","exclude_category_quantity_rules":"no","combine_variations":"no","acf":[],"_links":{"self":[{"href":"https:\/\/arena-ticket.com\/en\/wp-json\/wp\/v2\/product\/70859","targetHints":{"allow":["GET"]}}],"collection":[{"href":"https:\/\/arena-ticket.com\/en\/wp-json\/wp\/v2\/product"}],"about":[{"href":"https:\/\/arena-ticket.com\/en\/wp-json\/wp\/v2\/types\/product"}],"wp:featuredmedia":[{"embeddable":true,"href":"https:\/\/arena-ticket.com\/en\/wp-json\/wp\/v2\/media\/70874"}],"wp:attachment":[{"href":"https:\/\/arena-ticket.com\/en\/wp-json\/wp\/v2\/media?parent=70859"}],"wp:term":[{"taxonomy":"product_brand","embeddable":true,"href":"https:\/\/arena-ticket.com\/en\/wp-json\/wp\/v2\/product_brand?post=70859"},{"taxonomy":"product_cat","embeddable":true,"href":"https:\/\/arena-ticket.com\/en\/wp-json\/wp\/v2\/product_cat?post=70859"},{"taxonomy":"product_tag","embeddable":true,"href":"https:\/\/arena-ticket.com\/en\/wp-json\/wp\/v2\/product_tag?post=70859"}],"curies":[{"name":"wp","href":"https:\/\/api.w.org\/{rel}","templated":true}]}}