{"id":70968,"date":"2026-04-14T09:34:27","date_gmt":"2026-04-14T07:34:27","guid":{"rendered":"https:\/\/arena-ticket.com\/?p=70968&#038;post_type=product&#038;preview_id=70968"},"modified":"2026-04-14T11:21:29","modified_gmt":"2026-04-14T09:21:29","slug":"goldenes-oval-2026-heinz-steyer-stadion-dresden-31-05-2026-1145-uhr","status":"publish","type":"product","link":"https:\/\/arena-ticket.com\/en\/product\/goldenes-oval-2026-heinz-steyer-stadion-dresden-31-05-2026-1145-uhr\/","title":{"rendered":"Goldenes Oval 2026 - Heinz-Steyer Stadion DRESDEN"},"content":{"rendered":"<p>Weltklasse im Heinz-Steyer-Stadion<\/p>\n<p>Das Goldene Oval hat die Leichtathletik-Fans 2025 begeistert: Deutschlands Beste trafen beim Top-Meeting auf internationale Asse und sorgten f\u00fcr eine einmalige Stimmung im Dresdner Heinz-Steyer-Stadion. Am 31. Mai 2026 steigt die n\u00e4chste Auflage. <\/p>\n<p>Was: Das \"Goldene Oval\" 2026<br \/>\nWer: Leichtathletinnen und Leichtathleten der absoluten Weltklasse<br \/>\nWo: Heinz-Steyer-Stadion Dresden<br \/>\nWann: 31. Mai 2026<\/p>","protected":false},"excerpt":{"rendered":"<p>Erm\u00e4\u00dfigte Tickets f\u00fcr Sch\u00fcler, Studenten, Azubis, Menschen mit Behinderung und Rentner gegen Vorlage entsprechender Ausweise!<\/p>\n<p>Kinder bis zum vollendeten 3. Lebensjahr (unter 4 Jahren) haben freien Eintritt, OHNE Sitzplatzanspruch.<\/p>","protected":false},"featured_media":70980,"template":"","meta":{"_acf_changed":false,"inline_featured_image":false},"product_brand":[],"product_cat":[31,87,6752,35,32,21,58],"product_tag":[940,941,7345,7346,2311,944,5642,947,948],"class_list":{"0":"post-70968","1":"product","2":"type-product","3":"status-publish","4":"has-post-thumbnail","6":"product_cat-events","7":"product_cat-dresden","8":"product_cat-leichtathletik","9":"product_cat-orte","10":"product_cat-sport","11":"product_cat-ticket","12":"product_cat-veranstaltung","13":"product_tag-dresden","14":"product_tag-events","15":"product_tag-goldenes-oval-2026","16":"product_tag-heinz-steyer-stadion-dresden","17":"product_tag-leichtathletik","18":"product_tag-orte","19":"product_tag-sport","20":"product_tag-ticket","21":"product_tag-veranstaltung","22":"product_shipping_class-nur_paketversand","23":"pa_discount-ermaessigt","24":"pa_discount-normalpreis","25":"pa_preiskategorie-pk-i","26":"pa_preiskategorie-pk-ii","27":"pa_preiskategorie-pk-iii","28":"pa_preiskategorie-topseat","30":"first","31":"instock","32":"taxable","33":"shipping-taxable","34":"purchasable","35":"product-type-variable"},"group_of_quantity":0,"min_quantity":0,"max_quantity":"","exclude_order_quantity_value_rules":"no","exclude_category_quantity_rules":"no","combine_variations":"no","acf":[],"_links":{"self":[{"href":"https:\/\/arena-ticket.com\/en\/wp-json\/wp\/v2\/product\/70968","targetHints":{"allow":["GET"]}}],"collection":[{"href":"https:\/\/arena-ticket.com\/en\/wp-json\/wp\/v2\/product"}],"about":[{"href":"https:\/\/arena-ticket.com\/en\/wp-json\/wp\/v2\/types\/product"}],"wp:featuredmedia":[{"embeddable":true,"href":"https:\/\/arena-ticket.com\/en\/wp-json\/wp\/v2\/media\/70980"}],"wp:attachment":[{"href":"https:\/\/arena-ticket.com\/en\/wp-json\/wp\/v2\/media?parent=70968"}],"wp:term":[{"taxonomy":"product_brand","embeddable":true,"href":"https:\/\/arena-ticket.com\/en\/wp-json\/wp\/v2\/product_brand?post=70968"},{"taxonomy":"product_cat","embeddable":true,"href":"https:\/\/arena-ticket.com\/en\/wp-json\/wp\/v2\/product_cat?post=70968"},{"taxonomy":"product_tag","embeddable":true,"href":"https:\/\/arena-ticket.com\/en\/wp-json\/wp\/v2\/product_tag?post=70968"}],"curies":[{"name":"wp","href":"https:\/\/api.w.org\/{rel}","templated":true}]}}