{"id":70997,"date":"2026-04-14T12:40:05","date_gmt":"2026-04-14T10:40:05","guid":{"rendered":"https:\/\/arena-ticket.com\/?p=70997&#038;post_type=product&#038;preview_id=70997"},"modified":"2026-04-14T13:16:27","modified_gmt":"2026-04-14T11:16:27","slug":"jefferson-starship-runaway-again-tour-2026-leipzig-parkbuehne-23-06-2026-1900-uhr","status":"publish","type":"product","link":"https:\/\/arena-ticket.com\/en\/product\/jefferson-starship-runaway-again-tour-2026-leipzig-parkbuehne-23-06-2026-1900-uhr\/","title":{"rendered":"Jefferson Starship  - Runaway Again Tour 2026"},"content":{"rendered":"<p>Jefferson Starship ist eine der erfolgreichsten Arena-Rockbands der 70er und 80er Jahre, die drei Platin- und acht Goldalben sowie zahlreiche Top-40-Billboard-Singles vorweisen kann. Mit ihrem 50-j\u00e4hrigen Jubil\u00e4um erreicht die Band einen seltenen Meilenstein, den nur wenige Bands jemals erreichen.<\/p>\n<p>Jefferson Starship wurde in den 70er Jahren von Paul Kantner gegr\u00fcndet und war als Kollektiv musikalischer Abenteurer konzipiert, die zu seinen epischen Konzeptalben und schlie\u00dflich zu seinem Katalog von Rockklassikern beitrugen. Als sich die aktuelle Besetzung 2012 zusammenfand, wobei viele Mitglieder bereits Jahre zuvor beigetreten waren, konnte Kantner nicht ahnen, dass die Band zu der heute so erfolgreichen Truppe werden w\u00fcrde.<\/p>\n<p>Die f\u00fcnf Mitglieder von Jefferson Starship bezeichnen sich oft als \u201eFamilie\u201d und \u201eGang\u201d, und diese Kameradschaft kommt auch in ihren Auftritten zum Ausdruck. Im Laufe der Jahre haben sie in allen 50 US-Bundesstaaten, auf f\u00fcnf Kontinenten und in unz\u00e4hligen L\u00e4ndern gespielt. Eine k\u00fcrzliche Tournee durch Neuseeland wurde als eine der Lieblings-Tourneen der Band bezeichnet, und ihre Live-Shows bieten weiterhin einen Non-Stop-Mix aus Rock-Hits. Die aktuelle Besetzung der Band umfasst Gr\u00fcndungsmitglied David Freiberg, Schlagzeuger Donny Baldwin (der 1982 zur Band stie\u00df), Keyboarder Chris Smith (der 1998 zur Band stie\u00df), Gitarrist Jude Gold (der 2012 zur Band stie\u00df) und S\u00e4ngerin\/Gitarristin Cathy Richardson (die 2008 zur Band stie\u00df, nachdem Kantner sie mit Big Brother and the Holding Company auftreten sah).<\/p>\n<p>Anl\u00e4sslich ihres 50-j\u00e4hrigen Jubil\u00e4ums blickt die Band Jefferson Starship auf das Verm\u00e4chtnis von Paul Kantner zur\u00fcck, der 2016 verstorben ist. Der Geist der Entdeckungslust und Abenteuerlust, den er der Band vermittelt hat, lebt in ihrer Musik und ihren Auftritten weiter. Gold dr\u00fcckt es so aus: \u201eF\u00fcr mich ist dieses \u201aPaul-Kantner-Ding\u2018 \u2013 in eine Rakete zu steigen und ins Unbekannte zu fliegen \u2013 die Essenz von Jefferson Starship. Und dieser Geist ist in der Band auch heute noch sehr lebendig.\u201c<\/p>","protected":false},"excerpt":{"rendered":"<p>Jefferson Starship feiern 50 Jahre mit einer kraftvollen Rockshow, die ihren legend\u00e4ren Spirit weitertr\u00e4gt.<\/p>","protected":false},"featured_media":71000,"template":"","meta":{"_acf_changed":false,"inline_featured_image":false},"product_brand":[],"product_cat":[31,69,86,35,347,6732,21,58],"product_tag":[941,7348,942,943,944,966,6804,7349,947,948],"class_list":{"0":"post-70997","1":"product","2":"type-product","3":"status-publish","4":"has-post-thumbnail","6":"product_cat-events","7":"product_cat-konzert","8":"product_cat-leipzig","9":"product_cat-orte","10":"product_cat-parkbuehne-leipzig","11":"product_cat-rock-hard-rock","12":"product_cat-ticket","13":"product_cat-veranstaltung","14":"product_tag-events","15":"product_tag-jefferson-starship","16":"product_tag-konzert","17":"product_tag-leipzig","18":"product_tag-orte","19":"product_tag-parkbuehne-leipzig","20":"product_tag-rock-hard-rock","21":"product_tag-runaway-again-tour-2026","22":"product_tag-ticket","23":"product_tag-veranstaltung","24":"product_shipping_class-nur_paketversand","25":"pa_discount-inklusive-begleitperson","26":"pa_discount-normalpreis","27":"pa_preiskategorie-rollstuhlfahrer","28":"pa_preiskategorie-stehplatz","30":"first","31":"instock","32":"taxable","33":"shipping-taxable","34":"purchasable","35":"product-type-variable"},"group_of_quantity":0,"min_quantity":0,"max_quantity":"","exclude_order_quantity_value_rules":"no","exclude_category_quantity_rules":"no","combine_variations":"no","acf":[],"_links":{"self":[{"href":"https:\/\/arena-ticket.com\/en\/wp-json\/wp\/v2\/product\/70997","targetHints":{"allow":["GET"]}}],"collection":[{"href":"https:\/\/arena-ticket.com\/en\/wp-json\/wp\/v2\/product"}],"about":[{"href":"https:\/\/arena-ticket.com\/en\/wp-json\/wp\/v2\/types\/product"}],"wp:featuredmedia":[{"embeddable":true,"href":"https:\/\/arena-ticket.com\/en\/wp-json\/wp\/v2\/media\/71000"}],"wp:attachment":[{"href":"https:\/\/arena-ticket.com\/en\/wp-json\/wp\/v2\/media?parent=70997"}],"wp:term":[{"taxonomy":"product_brand","embeddable":true,"href":"https:\/\/arena-ticket.com\/en\/wp-json\/wp\/v2\/product_brand?post=70997"},{"taxonomy":"product_cat","embeddable":true,"href":"https:\/\/arena-ticket.com\/en\/wp-json\/wp\/v2\/product_cat?post=70997"},{"taxonomy":"product_tag","embeddable":true,"href":"https:\/\/arena-ticket.com\/en\/wp-json\/wp\/v2\/product_tag?post=70997"}],"curies":[{"name":"wp","href":"https:\/\/api.w.org\/{rel}","templated":true}]}}