{"id":71002,"date":"2026-04-14T13:14:30","date_gmt":"2026-04-14T11:14:30","guid":{"rendered":"https:\/\/arena-ticket.com\/?p=71002&#038;post_type=product&#038;preview_id=71002"},"modified":"2026-04-14T13:30:44","modified_gmt":"2026-04-14T11:30:44","slug":"lp-tour-2026-leipzig-parkbuehne-02-07-2026-1900-uhr","status":"publish","type":"product","link":"https:\/\/arena-ticket.com\/en\/product\/lp-tour-2026-leipzig-parkbuehne-02-07-2026-1900-uhr\/","title":{"rendered":"LP  - Tour 2026"},"content":{"rendered":"<p>LP \u2013 zwei Buchstaben, welche sp\u00e4testens seit der Mehrfach-Platin-Single \u201eLost on You\u201c (2016) weltbekannt sind. F\u00fcr Laura Pergolizzi, so LP mit b\u00fcrgerlichem Namen, begann alles in Long Island, wo sie bei italienisch-irischen Eltern aufwuchs, bevor es sie nach New York zog. Dort machte sie sich in Bars und Live-Venues einen Namen mit jenem au\u00dfergew\u00f6hnlichen Stimmentimbre und dieser androgynen Ausstrahlung, welche LP nach wie vor besonders auszeichnet. Hierf\u00fcr waren die elterlichen Musikgeschm\u00e4cker nicht unwichtig; so berichtet LP von einer Plattensammlung aus Rockalben von den Rolling Stones und Led Zepplin sowie Opern-Kollektionen \u2013 und auch von der Tatsache, dass LP den Gesang der ehemaligen Operns\u00e4ngerin-Mutter als Inspiration annahm, selbst musizieren zu wollen. Nachdem der K\u00fcnstlername LP dann in aller New Yorker Munde angekommen war, schickte die eigene Muse und der innere Kompass LP bereits weiter an die Westk\u00fcste der USA. In Los Angeles packte LP die damals aufgetane Chance am Schopf, mit professionellem Songwriting den Lebensunterhalt zu bestreiten: So stammen die Hits \u201eCheers (Drink to That)\u201c f\u00fcr Rihanna (2010) und \u201eBeautiful People\u201c f\u00fcr Christina Aguilera (2010) beide aus LPs Feder. Mehr als 16 Jahre sp\u00e4ter hat LP sieben eigene Studioalben ver\u00f6ffentlicht, und die anfangs erw\u00e4hnte Nummer-Eins-Single in 18 L\u00e4ndern, \u201eLost on You\u201c (2016), ist seither rund 3 Milliarden-mal gestreamt worden.<\/p>","protected":false},"excerpt":{"rendered":"<p>Secure your tickets!<\/p>","protected":false},"featured_media":71005,"template":"","meta":{"_acf_changed":false,"inline_featured_image":false},"product_brand":[],"product_cat":[86,31,69,35,347,6732,21,58],"product_tag":[941,942,943,7350,944,966,6804,947,4188,948],"class_list":{"0":"post-71002","1":"product","2":"type-product","3":"status-publish","4":"has-post-thumbnail","6":"product_cat-leipzig","7":"product_cat-events","8":"product_cat-konzert","9":"product_cat-orte","10":"product_cat-parkbuehne-leipzig","11":"product_cat-rock-hard-rock","12":"product_cat-ticket","13":"product_cat-veranstaltung","14":"product_tag-events","15":"product_tag-konzert","16":"product_tag-leipzig","17":"product_tag-lp","18":"product_tag-orte","19":"product_tag-parkbuehne-leipzig","20":"product_tag-rock-hard-rock","21":"product_tag-ticket","22":"product_tag-tour-2026","23":"product_tag-veranstaltung","24":"product_shipping_class-nur_paketversand","25":"pa_discount-inklusive-begleitperson","26":"pa_discount-normalpreis","27":"pa_preiskategorie-rollstuhlfahrer","28":"pa_preiskategorie-stehplatz","30":"first","31":"instock","32":"taxable","33":"shipping-taxable","34":"purchasable","35":"product-type-variable"},"group_of_quantity":0,"min_quantity":0,"max_quantity":"","exclude_order_quantity_value_rules":"no","exclude_category_quantity_rules":"no","combine_variations":"no","acf":[],"_links":{"self":[{"href":"https:\/\/arena-ticket.com\/en\/wp-json\/wp\/v2\/product\/71002","targetHints":{"allow":["GET"]}}],"collection":[{"href":"https:\/\/arena-ticket.com\/en\/wp-json\/wp\/v2\/product"}],"about":[{"href":"https:\/\/arena-ticket.com\/en\/wp-json\/wp\/v2\/types\/product"}],"wp:featuredmedia":[{"embeddable":true,"href":"https:\/\/arena-ticket.com\/en\/wp-json\/wp\/v2\/media\/71005"}],"wp:attachment":[{"href":"https:\/\/arena-ticket.com\/en\/wp-json\/wp\/v2\/media?parent=71002"}],"wp:term":[{"taxonomy":"product_brand","embeddable":true,"href":"https:\/\/arena-ticket.com\/en\/wp-json\/wp\/v2\/product_brand?post=71002"},{"taxonomy":"product_cat","embeddable":true,"href":"https:\/\/arena-ticket.com\/en\/wp-json\/wp\/v2\/product_cat?post=71002"},{"taxonomy":"product_tag","embeddable":true,"href":"https:\/\/arena-ticket.com\/en\/wp-json\/wp\/v2\/product_tag?post=71002"}],"curies":[{"name":"wp","href":"https:\/\/api.w.org\/{rel}","templated":true}]}}