{"id":71007,"date":"2026-04-14T13:29:47","date_gmt":"2026-04-14T11:29:47","guid":{"rendered":"https:\/\/arena-ticket.com\/?p=71007&#038;post_type=product&#038;preview_id=71007"},"modified":"2026-04-14T13:44:46","modified_gmt":"2026-04-14T11:44:46","slug":"all-them-witches-house-of-mirrors-tour-leipzig-parkbuehne-03-07-2026-1900-uhr","status":"publish","type":"product","link":"https:\/\/arena-ticket.com\/en\/product\/all-them-witches-house-of-mirrors-tour-leipzig-parkbuehne-03-07-2026-1900-uhr\/","title":{"rendered":"All Them Witches  - House Of Mirrors Tour"},"content":{"rendered":"<p>Supports: Slomosa, REZN<\/p>\n<p>&nbsp;<\/p>\n<p>Mit musikalischen Einfl\u00fcssen aus den 1960er- und 1970er-Jahren haben\u00a0All Them Witches zu einem einzigartigen Stil gefunden, der melodische Leichtigkeit mit extremer H\u00e4rte, Mythos, Magie, Licht und Schatten perfekt ausbalanciert. Ob fuzzy, progressiv, doomig oder psychedelisch \u2013 die Band aus Nashville, Tennessee beherrscht jede Spielart der Gitarrenmusik. Sie kreieren einen gleicherma\u00dfen nostalgischen wie modernen Rock-Sound, der mit dem Geist des Blues, der Schwere des Stoners sowie dem Wahnsinn des Progs einhergeht und weltweit begeistert. Dieser Ansatz macht\u00a0All Them Witches zu einem Au\u00dfenseiter-Kollektiv, das noch nie einen ausgetretenen Pfad verfolgt oder sich dem Komfort einer bestehenden Szene hingegeben hat. Stattdessen schrauben sie \u00fcber ihre Diskografie von bald sieben Alben kontinuierlich weiter an ihrem eigenen Stil. Ihre Trademarks \u2013 mitrei\u00dfender Groove, m\u00e4chtige Gitarrenriffs und eine einnehmende Atmosph\u00e4re \u2013 sind der rote Faden, der die Musik von All Them Witches \u00fcber alle Genres hinweg zusammenh\u00e4lt.<\/p>\n<p>Beeinflusst von legend\u00e4ren Bands wie Led Zeppelin, Pink Floyd und Kyuss gr\u00fcndeten Bassist und S\u00e4nger Charles Michael Parks Jr., Gitarrist Ben McLeod, Keyboarder Allan Van Cleave und Schlagzeuger Robby Staebler 2012 die Band All Them Witches. Noch im selben Jahr ihrer Gr\u00fcndung erschien ihr Deb\u00fctalbum \u201eOur Mother Electricity\u201c, auf das \u201eLightning at the Door\u201c (2013), \u201eDying Surfer Meets His Maker\u201c (2015), \u201eSleeping Through The War\u201c (2017) und \u201eATW\u201c (2018) folgten. 2020 ver\u00f6ffentlichten sie ihr aktuelles Album \u201eNothing as the Ideal\u201c. Von der Presse wurde das Werk als \u201ed\u00fcsteres, verf\u00fchrerisches Fest f\u00fcr die Sinne\u201c (Classic Rock) beschrieben und als bisher st\u00e4rkste Platte der Band mit einer \u201eausgewogenen Mischung aus D\u00fcsternis und Akzeptanz\u201c (Paste) gelobt. Neben ihren erfolgreichen Studioalben tourten All Them Witches sowohl als Headliner als auch mit ikonischen Bands wie Mastodon, Primus sowie Ghost und spielten auf internationalen Festivals wie dem Bonnaroo oder Pukkelpop. Mit ihrer aktuellen Single \u201eRed Rocking Chair\u201c meldete sich die Band im Februar 2026 zum ersten Mal seit einigen Singles im Jahr 2022 und dem Austieg von Robby Stabler \u2013 der 2024 durch Christian Powers ersetzt wurde \u2013 mit neuer Musik zur\u00fcck. Der brandneue Track markiert den ersten Output ihres langersehnten siebten Studioalbums \u201eHouse of Mirrors\u201c, das via BMG erscheinen wird. Unter dem Titel des Werks tourte die Band allerdings bereits im Vorjahr. Nach einer Show im Berliner Tempodrom im Oktober 2025 kommen All Them Witches auf ihrer House of Mirrors Tour im Juni in die Hamburger Markthalle sowie ins Stuttgarter LKA Longhorn.<\/p>","protected":false},"excerpt":{"rendered":"<p>Rock-Band aus Nashville im Juni mit neuem Album<\/p>","protected":false},"featured_media":71010,"template":"","meta":{"_acf_changed":false,"inline_featured_image":false},"product_brand":[],"product_cat":[31,69,86,35,347,6732,21,58],"product_tag":[7351,941,7352,942,943,944,966,6804,947,948],"class_list":{"0":"post-71007","1":"product","2":"type-product","3":"status-publish","4":"has-post-thumbnail","6":"product_cat-events","7":"product_cat-konzert","8":"product_cat-leipzig","9":"product_cat-orte","10":"product_cat-parkbuehne-leipzig","11":"product_cat-rock-hard-rock","12":"product_cat-ticket","13":"product_cat-veranstaltung","14":"product_tag-all-them-witches","15":"product_tag-events","16":"product_tag-house-of-mirrors-tour","17":"product_tag-konzert","18":"product_tag-leipzig","19":"product_tag-orte","20":"product_tag-parkbuehne-leipzig","21":"product_tag-rock-hard-rock","22":"product_tag-ticket","23":"product_tag-veranstaltung","24":"product_shipping_class-nur_paketversand","25":"pa_discount-inklusive-begleitperson","26":"pa_discount-normalpreis","27":"pa_preiskategorie-rollstuhlfahrer","28":"pa_preiskategorie-stehplatz","30":"first","31":"instock","32":"taxable","33":"shipping-taxable","34":"purchasable","35":"product-type-variable"},"group_of_quantity":0,"min_quantity":0,"max_quantity":"","exclude_order_quantity_value_rules":"no","exclude_category_quantity_rules":"no","combine_variations":"no","acf":[],"_links":{"self":[{"href":"https:\/\/arena-ticket.com\/en\/wp-json\/wp\/v2\/product\/71007","targetHints":{"allow":["GET"]}}],"collection":[{"href":"https:\/\/arena-ticket.com\/en\/wp-json\/wp\/v2\/product"}],"about":[{"href":"https:\/\/arena-ticket.com\/en\/wp-json\/wp\/v2\/types\/product"}],"wp:featuredmedia":[{"embeddable":true,"href":"https:\/\/arena-ticket.com\/en\/wp-json\/wp\/v2\/media\/71010"}],"wp:attachment":[{"href":"https:\/\/arena-ticket.com\/en\/wp-json\/wp\/v2\/media?parent=71007"}],"wp:term":[{"taxonomy":"product_brand","embeddable":true,"href":"https:\/\/arena-ticket.com\/en\/wp-json\/wp\/v2\/product_brand?post=71007"},{"taxonomy":"product_cat","embeddable":true,"href":"https:\/\/arena-ticket.com\/en\/wp-json\/wp\/v2\/product_cat?post=71007"},{"taxonomy":"product_tag","embeddable":true,"href":"https:\/\/arena-ticket.com\/en\/wp-json\/wp\/v2\/product_tag?post=71007"}],"curies":[{"name":"wp","href":"https:\/\/api.w.org\/{rel}","templated":true}]}}