{"id":71012,"date":"2026-04-14T13:36:14","date_gmt":"2026-04-14T11:36:14","guid":{"rendered":"https:\/\/arena-ticket.com\/?p=71012&#038;post_type=product&#038;preview_id=71012"},"modified":"2026-04-14T13:46:11","modified_gmt":"2026-04-14T11:46:11","slug":"counting-crows-the-complete-sweets-tour-leipzig-parkbuehne-04-07-2026-1900-uhr","status":"publish","type":"product","link":"https:\/\/arena-ticket.com\/en\/product\/counting-crows-the-complete-sweets-tour-leipzig-parkbuehne-04-07-2026-1900-uhr\/","title":{"rendered":"Counting Crows  - The Complete Sweets Tour"},"content":{"rendered":"<p>Support: EMILIANA TORRINI<\/p>\n<p>&nbsp;<\/p>\n<p>Folk-Rockband aus San Francisco im Sommer 2026 auf Tour in Deutschland<\/p>\n<p>Seit Beginn ihrer Karriere haben Counting Crows ihr Publikum mit einer intensiven, gef\u00fchlvollen und komplexen Interpretation des zeitlosen Rock\u2019n\u2019Roll-Sounds verzaubert. Bereits 1993 gelang der Band mit ihrem Multi-Platin-ausgezeichneten Album \u201eAugust and Everything After\u201c der internationale Durchbruch, den sie auf bisher sieben Alben mit \u00fcber 20 Mio. weltweit verkauften Tontr\u00e4gern best\u00e4tigten. Mit dem Song \u201eMr. Jones\u201c, der kurz vor dem Erreichen von 1 Mia. Spotify-Streams steht, \u201eAccidentally In Love\u201c, der Teil des offiziellen Soundtracks von \u201eShrek 2\u201cwar, und \u201eBig Yellow Taxi\u201c feierten Counting Crows weltweite Erfolge. \u201eAccidentally In Love\u201c brachte der Band zudem Nominierungen bei den Academy Awards und den Golden Globes f\u00fcr den besten \u201eOriginal Song\u201c sowie eine Grammy-Nominierung in der Kategorie \u201eBest Song Written for a Motion Picture, Television or Other Visual Media\u201c ein. 2021 nannte Billboard Counting Crows auf Platz 8 der \u201cGreatest of All Time: Adult Alternative Artists\u201d-Liste. 2021 bis 2023 meldeten sie sich auf der The Butter Miracle Tour mit ihren ersten Shows seit 2018 zur\u00fcck und tourten mit einer neuen EP durch Nordamerika, Europa, Australien und Neuseeland. Nach dem Auftakt der The Complete Sweets Tour, die Counting Crows anl\u00e4sslich des aktuellen Albums \u201eButter Miracle, The Complete Sweets!\u201c im Herbst 2025 bereits durch Europa touren lie\u00df, f\u00fchrt die Band ihre Tour im Sommer 2026 weiter. Neben einer Show im K\u00f6lner E-Werk d\u00fcrfen sich Fans auf drei Open-Air-Konzerte freuen: auf der Leipziger Parkb\u00fchne im Clara-Zetkin-Park, auf der Hannoveraner Gilde Parkb\u00fchne sowie auf dem Hamburger Stadtpark Open Air.<\/p>\n<p>Counting Crows gr\u00fcndeten sich 1991 aus David Bryson (Gitarre &amp; Background-Gesang), Adam Duritz (Gesang, Keyboards &amp; Percussion) sowie Charlie Gillingham (Keyboards &amp; Background-Gesang) und fanden mit Gitarrist Dan Vickrey (ab 1994), Multiinstrumentalist David Immergl\u00fcck (ab 1999), Schlagzeuger Jim Bogios (ab 2002) und Multiinstrumentalist Millard Powers (ab 2005) zur heutigen Besetzung. Nach dem fulminanten Karriereauftakt mit dem Deb\u00fctalbum \u201eAugust and Everything After\u201c sicherte sich die Band mit ihrer zweiten Platte \u201eRecovering the Satellites\u201c Platz 1 der Billboard 200 und festigte ihren Ruf als eine der erfolgreichsten US-amerikanischen Alternative-Rockbands. \u201eThis Desert Life\u201c (1999), \u201eHard Candy\u201c (2002), \u201eSaturday Nights &amp; Sunday Mornings\u201c (2008), \u201eEchoes of the Outlaw Roadshow\u201c und \u201eSomewhere Under Wonderland\u201c (2014) bauten die beachtliche Diskografie der Band weiter aus. Auf ihrem aktuellen Album \u201eButter Miracle, The Complete Sweets!\u201c pr\u00e4sentierten Counting Crows im Mai 2025 erneut ein konzeptionelles Gesamtwerk, das auf der 2021 ver\u00f6ffentlichten EP \u201eButter Miracle, Suite One\u201c basiert \u2013 einem neunzehnmin\u00fctigen Werk aus vier zusammenh\u00e4ngenden Tracks. Die Leadsingle \u201eSpacemen in Tulsa\u201c des neuesten Werks l\u00e4utete eine neue \u00c4ra der Band ein. Auf den zus\u00e4tzlichen f\u00fcnf Titeln lebt die Band einen melodienreichen Sound zwischen Roots Rock, Folk und Alternative Rock mitsamt ihrem charakteristischen Storytelling sowie S\u00e4nger Adam Duritz rauer und fesselnder Stimme erneut auf vollem Spektrum aus.<\/p>","protected":false},"excerpt":{"rendered":"<p>Counting Crows kommen 2026 nach Deutschland!<\/p>","protected":false},"featured_media":71015,"template":"","meta":{"_acf_changed":false,"inline_featured_image":false},"product_brand":[],"product_cat":[31,69,86,35,347,6732,21,58],"product_tag":[7353,941,942,943,944,966,6804,7354,947,948],"class_list":{"0":"post-71012","1":"product","2":"type-product","3":"status-publish","4":"has-post-thumbnail","6":"product_cat-events","7":"product_cat-konzert","8":"product_cat-leipzig","9":"product_cat-orte","10":"product_cat-parkbuehne-leipzig","11":"product_cat-rock-hard-rock","12":"product_cat-ticket","13":"product_cat-veranstaltung","14":"product_tag-counting-crows","15":"product_tag-events","16":"product_tag-konzert","17":"product_tag-leipzig","18":"product_tag-orte","19":"product_tag-parkbuehne-leipzig","20":"product_tag-rock-hard-rock","21":"product_tag-the-complete-sweets-tour","22":"product_tag-ticket","23":"product_tag-veranstaltung","24":"product_shipping_class-nur_paketversand","25":"pa_discount-inklusive-begleitperson","26":"pa_discount-normalpreis","27":"pa_preiskategorie-rollstuhlfahrer","28":"pa_preiskategorie-stehplatz","30":"first","31":"instock","32":"taxable","33":"shipping-taxable","34":"purchasable","35":"product-type-variable"},"group_of_quantity":0,"min_quantity":0,"max_quantity":"","exclude_order_quantity_value_rules":"no","exclude_category_quantity_rules":"no","combine_variations":"no","acf":[],"_links":{"self":[{"href":"https:\/\/arena-ticket.com\/en\/wp-json\/wp\/v2\/product\/71012","targetHints":{"allow":["GET"]}}],"collection":[{"href":"https:\/\/arena-ticket.com\/en\/wp-json\/wp\/v2\/product"}],"about":[{"href":"https:\/\/arena-ticket.com\/en\/wp-json\/wp\/v2\/types\/product"}],"wp:featuredmedia":[{"embeddable":true,"href":"https:\/\/arena-ticket.com\/en\/wp-json\/wp\/v2\/media\/71015"}],"wp:attachment":[{"href":"https:\/\/arena-ticket.com\/en\/wp-json\/wp\/v2\/media?parent=71012"}],"wp:term":[{"taxonomy":"product_brand","embeddable":true,"href":"https:\/\/arena-ticket.com\/en\/wp-json\/wp\/v2\/product_brand?post=71012"},{"taxonomy":"product_cat","embeddable":true,"href":"https:\/\/arena-ticket.com\/en\/wp-json\/wp\/v2\/product_cat?post=71012"},{"taxonomy":"product_tag","embeddable":true,"href":"https:\/\/arena-ticket.com\/en\/wp-json\/wp\/v2\/product_tag?post=71012"}],"curies":[{"name":"wp","href":"https:\/\/api.w.org\/{rel}","templated":true}]}}