{"id":71057,"date":"2026-04-14T15:26:30","date_gmt":"2026-04-14T13:26:30","guid":{"rendered":"https:\/\/arena-ticket.com\/?p=71057&#038;post_type=product&#038;preview_id=71057"},"modified":"2026-04-14T15:34:39","modified_gmt":"2026-04-14T13:34:39","slug":"ipartypeople-leipzig-disneyparty-taeubchenthal-leipzig-18-12-2026-2200-uhr","status":"publish","type":"product","link":"https:\/\/arena-ticket.com\/en\/product\/ipartypeople-leipzig-disneyparty-taeubchenthal-leipzig-18-12-2026-2200-uhr\/","title":{"rendered":"iPartyPeople Leipzig  - DisneyParty"},"content":{"rendered":"<p>iPartyPeople bringt euch nochmal zur\u00fcck in die Vergangenheit und pr\u00e4sentiert euch die besten Hits aus deiner Kindheit. Von Disney bis zu Nickelodeon, Super RTL oder Klassiker erwarten euch viele Hits, die eine Party einzigartig und unvergesslich machen. Wir haben viele Specials und \u00dcberraschungen f\u00fcr euch vorbereitet, die besten DeeJays aus ganz Deutschland pr\u00e4sentieren und zeigen euch eine komplett neue Seite von Partys. Unser Motto lautet ,,einmal zur\u00fcck zur Kindheit und noch viel mehr''.<\/p>\n<p>The event is for ages 18 and over.<\/p>","protected":false},"excerpt":{"rendered":"<p>iPartyPeople takes you back in time and presents you the best hits from your childhood!<\/p>","protected":false},"featured_media":71059,"template":"","meta":{"_acf_changed":false,"inline_featured_image":false},"product_brand":[],"product_cat":[31,69,86,35,499,21,58],"product_tag":[1538,941,2953,942,943,944,967,947,948],"class_list":{"0":"post-71057","1":"product","2":"type-product","3":"status-publish","4":"has-post-thumbnail","6":"product_cat-events","7":"product_cat-konzert","8":"product_cat-leipzig","9":"product_cat-orte","10":"product_cat-taeubchenthal","11":"product_cat-ticket","12":"product_cat-veranstaltung","13":"product_tag-disneyparty","14":"product_tag-events","15":"product_tag-ipartypeople-leipzig","16":"product_tag-konzert","17":"product_tag-leipzig","18":"product_tag-orte","19":"product_tag-taeubchenthal","20":"product_tag-ticket","21":"product_tag-veranstaltung","22":"product_shipping_class-nur_paketversand","23":"pa_discount-normalpreis","24":"pa_preiskategorie-stehplatz","26":"first","27":"instock","28":"taxable","29":"shipping-taxable","30":"purchasable","31":"product-type-variable"},"group_of_quantity":0,"min_quantity":0,"max_quantity":"","exclude_order_quantity_value_rules":"no","exclude_category_quantity_rules":"no","combine_variations":"no","acf":[],"_links":{"self":[{"href":"https:\/\/arena-ticket.com\/en\/wp-json\/wp\/v2\/product\/71057","targetHints":{"allow":["GET"]}}],"collection":[{"href":"https:\/\/arena-ticket.com\/en\/wp-json\/wp\/v2\/product"}],"about":[{"href":"https:\/\/arena-ticket.com\/en\/wp-json\/wp\/v2\/types\/product"}],"wp:featuredmedia":[{"embeddable":true,"href":"https:\/\/arena-ticket.com\/en\/wp-json\/wp\/v2\/media\/71059"}],"wp:attachment":[{"href":"https:\/\/arena-ticket.com\/en\/wp-json\/wp\/v2\/media?parent=71057"}],"wp:term":[{"taxonomy":"product_brand","embeddable":true,"href":"https:\/\/arena-ticket.com\/en\/wp-json\/wp\/v2\/product_brand?post=71057"},{"taxonomy":"product_cat","embeddable":true,"href":"https:\/\/arena-ticket.com\/en\/wp-json\/wp\/v2\/product_cat?post=71057"},{"taxonomy":"product_tag","embeddable":true,"href":"https:\/\/arena-ticket.com\/en\/wp-json\/wp\/v2\/product_tag?post=71057"}],"curies":[{"name":"wp","href":"https:\/\/api.w.org\/{rel}","templated":true}]}}