{"id":71448,"date":"2026-04-17T14:23:19","date_gmt":"2026-04-17T12:23:19","guid":{"rendered":"https:\/\/arena-ticket.com\/?p=71448&#038;post_type=product&#038;preview_id=71448"},"modified":"2026-04-17T14:23:20","modified_gmt":"2026-04-17T12:23:20","slug":"roland-kaiser-arena-tour-2027-leipzig-quarterback-immobilien-arena-17-04-2027-1930-uhr","status":"publish","type":"product","link":"https:\/\/arena-ticket.com\/en\/product\/roland-kaiser-arena-tour-2027-leipzig-quarterback-immobilien-arena-17-04-2027-1930-uhr\/","title":{"rendered":"Roland Kaiser - Arena Tour 2027"},"content":{"rendered":"<p>Roland Kaiser bleibt eine Ausnahmeerscheinung der deutschen Musiklandschaft. Seit Jahren ist er der<br \/>\nerfolgreichste K\u00fcnstler seines Genres, begeistert mit Millionen verkaufter Alben und zieht mit seinen Konzerten<br \/>\nj\u00e4hrlich bis zu 400.000 Besucher in seinen Bann. Besonders live entfaltet der K\u00fcnstler eine Energie und N\u00e4he<br \/>\nzum Publikum, die ihn zu einem der beliebtesten Entertainer Deutschlands macht.<br \/>\nSeine Open Air-Konzerte z\u00e4hlen l\u00e4ngst zu den emotionalen H\u00f6hepunkten des Sommers. Allen voran die<br \/>\nlegend\u00e4re KAISERMANIA in Dresden, die sich \u00fcber die Jahre zu einem der gr\u00f6\u00dften Kult-Events der deutschen<br \/>\nMusikszene entwickelt hat. Auch der 2025 erschienene Kinofilm zur Jubil\u00e4umstournee \u201e50 Jahre \u2013 50 Hits\u201c<br \/>\nschrieb Erfolgsgeschichte und wurde zum erfolgreichsten Konzertfilm eines deutschen K\u00fcnstlers \u00fcberhaupt.<br \/>\nSeit M\u00e4rz diesen Jahres ist die Produktion auf Sky\/WOW zu sehen.<br \/>\nNoch bevor Roland Kaiser im Sommer 2026 mit seiner gro\u00dfen Open Air-Tournee startet, k\u00fcndigt er bereits<br \/>\ndas n\u00e4chste Highlight an: 2027 \u2013 das Jahr seines 75. Geburtstags \u2013 wird mit einer neuen Arena-Tour gefeiert.<br \/>\nAb April 2027 wird Roland Kaiser gemeinsam mit seiner Band mit einer v\u00f6llig neu konzipierten Show durch<br \/>\ndie gro\u00dfen Arenen in Deutschland, \u00d6sterreich und der Schweiz touren.<br \/>\nDie Hallenproduktion hebt sich deutlich von den bekannten Open Air-Shows ab, steht ihnen in ihrer<br \/>\nemotionalen Wirkung jedoch in nichts nach. Gemeinsam mit einem international renommierten Kreativteam<br \/>\nhat Roland Kaiser in den vergangenen Jahren eine spektakul\u00e4re Konzertproduktion entwickelt, die in der<br \/>\ndeutschen Showbranche neue Ma\u00dfst\u00e4be setzt. Insbesondere das aufwendige Videodesign schafft ein<br \/>\nintensives Konzerterlebnis bis in die hintersten Reihen der Arenen \u2013 und vermittelt jedem einzelnen Besucher<br \/>\ndas Gef\u00fchl, Roland Kaiser ganz nah zu sein.<br \/>\n\u201eIch freue mich darauf, meine Fans wieder in den gro\u00dfen Hallen zu treffen und gemeinsam einen besonderen<br \/>\nAbend zu erleben. Das ist unser Moment. Die neuen Songs, die gro\u00dfen Klassiker und die besondere<br \/>\nAtmosph\u00e4re unserer Hallenproduktion treiben mich unglaublich an. Meine Band und ich bereiten uns sehr<br \/>\nintensiv auf diese Tournee vor, damit jeder Abend f\u00fcr mein Publikum zu einem unvergesslichen Erlebnis wird,\u201c<br \/>\nsagt Roland Kaiser.<\/p>","protected":false},"excerpt":{"rendered":"<p>Der Vorverkauf startet am 24.04.2026 um 12:00 Uhr!<\/p>","protected":false},"featured_media":71445,"template":"","meta":{"_acf_changed":false,"inline_featured_image":false},"product_brand":[],"product_cat":[31,69,86,35,37,6734,21,22,58],"product_tag":[7360,941,942,943,944,945,2772,2568,947,973,948],"class_list":{"0":"post-71448","1":"product","2":"type-product","3":"status-publish","4":"has-post-thumbnail","6":"product_cat-events","7":"product_cat-konzert","8":"product_cat-leipzig","9":"product_cat-orte","10":"product_cat-quarterback-immobilien-arena","11":"product_cat-schlager","12":"product_cat-ticket","13":"product_cat-ticketupgrades-zusatzleistungen","14":"product_cat-veranstaltung","15":"product_tag-arena-tour-2027","16":"product_tag-events","17":"product_tag-konzert","18":"product_tag-leipzig","19":"product_tag-orte","20":"product_tag-quarterback-immobilien-arena","21":"product_tag-roland-kaiser","22":"product_tag-schlager","23":"product_tag-ticket","24":"product_tag-ticketupgrades-zusatzleistungen","25":"product_tag-veranstaltung","26":"product_shipping_class-abholung_paketversand","27":"pa_discount-lzig-eds","28":"pa_discount-lzig-ees","29":"pa_discount-inklusive-begleitperson","30":"pa_discount-normalpreis","31":"pa_discount-vip-sitzplatz","32":"pa_preiskategorie-ggv-up","33":"pa_preiskategorie-livezig-up","34":"pa_preiskategorie-pgv-up","35":"pa_preiskategorie-pk-i","36":"pa_preiskategorie-pk1-stehplatz","37":"pa_preiskategorie-pk-ii","38":"pa_preiskategorie-pk-iii","39":"pa_preiskategorie-pk-iv","40":"pa_preiskategorie-pk-v","41":"pa_preiskategorie-rollstuhlfahrer","42":"pa_preiskategorie-vip-package-backstage-club","43":"pa_preiskategorie-vipu-up","45":"first","46":"instock","47":"taxable","48":"shipping-taxable","49":"purchasable","50":"product-type-variable"},"group_of_quantity":0,"min_quantity":0,"max_quantity":"","exclude_order_quantity_value_rules":"no","exclude_category_quantity_rules":"no","combine_variations":"no","acf":[],"_links":{"self":[{"href":"https:\/\/arena-ticket.com\/en\/wp-json\/wp\/v2\/product\/71448","targetHints":{"allow":["GET"]}}],"collection":[{"href":"https:\/\/arena-ticket.com\/en\/wp-json\/wp\/v2\/product"}],"about":[{"href":"https:\/\/arena-ticket.com\/en\/wp-json\/wp\/v2\/types\/product"}],"wp:featuredmedia":[{"embeddable":true,"href":"https:\/\/arena-ticket.com\/en\/wp-json\/wp\/v2\/media\/71445"}],"wp:attachment":[{"href":"https:\/\/arena-ticket.com\/en\/wp-json\/wp\/v2\/media?parent=71448"}],"wp:term":[{"taxonomy":"product_brand","embeddable":true,"href":"https:\/\/arena-ticket.com\/en\/wp-json\/wp\/v2\/product_brand?post=71448"},{"taxonomy":"product_cat","embeddable":true,"href":"https:\/\/arena-ticket.com\/en\/wp-json\/wp\/v2\/product_cat?post=71448"},{"taxonomy":"product_tag","embeddable":true,"href":"https:\/\/arena-ticket.com\/en\/wp-json\/wp\/v2\/product_tag?post=71448"}],"curies":[{"name":"wp","href":"https:\/\/api.w.org\/{rel}","templated":true}]}}