{"id":71688,"date":"2026-04-20T10:43:33","date_gmt":"2026-04-20T08:43:33","guid":{"rendered":"https:\/\/arena-ticket.com\/?p=71688&#038;post_type=product&#038;preview_id=71688"},"modified":"2026-04-20T10:48:07","modified_gmt":"2026-04-20T08:48:07","slug":"die-prinzen-tschuessi-machts-gut-leipzig-quarterback-immobilien-arena-05-11-2027-1930-uhr","status":"publish","type":"product","link":"https:\/\/arena-ticket.com\/en\/product\/die-prinzen-tschuessi-machts-gut-leipzig-quarterback-immobilien-arena-05-11-2027-1930-uhr\/","title":{"rendered":"Die Prinzen - Tsch\u00fcssi, machts Gut!"},"content":{"rendered":"<p>Nach mehr als drei Jahrzehnten, unz\u00e4hligen Konzerten und Songs, die l\u00e4ngst zur DNA der deutschen<br \/>\nPopmusik geh\u00f6ren, ist f\u00fcr die PRINZEN der Moment gekommen, Abschied zu nehmen. Unter dem<br \/>\nMotto \u201eTsch\u00fcssi, macht\u2019s gut!\u201c sagen die PRINZEN bei ihrer Abschiedstournee 2027 live Adieu \u2013 nicht<br \/>\nmit Pathos und Paukenschlag, sondern ehrlich, klug und mit genau dem Augenzwinkern, das sie seit<br \/>\njeher auszeichnet. Tickets gibt es ab dem 21. April 2026 um 10:00 Uhr bei eventim.de und ab dem 23.<br \/>\nApril 2026 um 10:00 Uhr an allen bekannten Vorverkaufsstellen sowie in \u00d6sterreich unter oeticket.com<br \/>\nund in der Schweiz unter ticketcorner.ch.<br \/>\nSeit den fr\u00fchen 90ern haben sich die PRINZEN mit Hits wie \u201eMillion\u00e4r\u201c, \u201eAlles nur geklaut\u201c, \u201eK\u00fcssen verboten\u201c,<br \/>\n\u201e(Du musst) ein Schwein sein\u201c oder \u201eMann im Mond\u201c nicht nur in die Charts, sondern direkt in das musikalische<br \/>\nGed\u00e4chtnis des Landes gesungen. Sechs Millionen verkaufte Tontr\u00e4ger, 16 Gold- und Platinplatten, zwei<br \/>\nECHO-Musikpreise und zahlreiche weitere Auszeichnungen sprechen eine sehr eindeutige Sprache. Dazu<br \/>\nkommen elf ver\u00f6ffentlichte Alben \u2013 vom Deb\u00fct \u201eDas Leben ist grausam\u201c bis zu \u201eKrone der Sch\u00f6pfung\u201c \u2013 und<br \/>\neine Tatsache, die fast noch beeindruckender ist: Auch nach all den Jahren sind die PRINZEN in<br \/>\nOriginalbesetzung vereint.<br \/>\nAufh\u00f6ren, wenn\u2019s am sch\u00f6nsten ist? Die PRINZEN ziehen den Schlussstrich nicht aus M\u00fcdigkeit, sondern aus<br \/>\n\u00dcberzeugung! Solange die B\u00fchne Freude macht, die Songs tragen und die Abende noch dieses ganz<br \/>\nbesondere Knistern haben, will man schlie\u00dflich nicht warten, bis aus Leidenschaft irgendwann Routine wird.<br \/>\nDie Abschiedstournee 2027 ist deshalb vor allem ein gro\u00dfes Dankesch\u00f6n an das Publikum, welches sich auf<br \/>\nbesondere Arrangements, pers\u00f6nliche Momente und vielleicht auch die eine oder andere \u00dcberraschung freuen<br \/>\ndarf. Noch einmal gibt es die PRINZEN live mit allem, was man an ihnen liebt \u2013 gro\u00dfe Hits, starke Stimmen,<br \/>\nviel Humor und diese unvergleichliche N\u00e4he, die ihre Konzerte seit Jahrzehnten pr\u00e4gt. Nat\u00fcrlich wird das<br \/>\nemotional, aber vor allem wird es ein gro\u00dfes Fest! \u201eEs ist kein leiser Abschied\u201c, hei\u00dft es aus Bandkreisen. \u201eEs<br \/>\nwird laut, emotionsgeladen und voller Freude. Wir wollen feiern \u2013 mit allen, die uns \u00fcber die Jahre begleitet<br \/>\nhaben.\u201c<br \/>\nWenn sich der Vorhang am Ende dieser Tour ein letztes Mal senkt, bleibt mehr als Musik: Es bleibt ein St\u00fcck<br \/>\ndeutscher Popkultur, das Generationen gepr\u00e4gt hat. Kein gro\u00dfes Drama, sondern ein ehrlicher Abschied, so<br \/>\nwie man ihn von den PRINZEN erwartet.<br \/>\nTsch\u00fcssi, macht\u2019s gut!<\/p>","protected":false},"excerpt":{"rendered":"<p>Der Vorverkauf startet am 23.04.2026 um 10:00 Uhr!<\/p>","protected":false},"featured_media":71700,"template":"","meta":{"_acf_changed":false,"inline_featured_image":false},"product_brand":[],"product_cat":[37,86,31,69,35,6734,21,22,58],"product_tag":[7360,5305,941,942,943,7364,944,945,2772,2568,947,973,7363,7362,948],"class_list":{"0":"post-71688","1":"product","2":"type-product","3":"status-publish","4":"has-post-thumbnail","6":"product_cat-quarterback-immobilien-arena","7":"product_cat-leipzig","8":"product_cat-events","9":"product_cat-konzert","10":"product_cat-orte","11":"product_cat-schlager","12":"product_cat-ticket","13":"product_cat-ticketupgrades-zusatzleistungen","14":"product_cat-veranstaltung","15":"product_tag-arena-tour-2027","16":"product_tag-die-prinzen","17":"product_tag-events","18":"product_tag-konzert","19":"product_tag-leipzig","20":"product_tag-machts-gut","21":"product_tag-orte","22":"product_tag-quarterback-immobilien-arena","23":"product_tag-roland-kaiser","24":"product_tag-schlager","25":"product_tag-ticket","26":"product_tag-ticketupgrades-zusatzleistungen","27":"product_tag-tschuessi","28":"product_tag-tschuessi-machts-gut","29":"product_tag-veranstaltung","30":"product_shipping_class-abholung_paketversand","31":"pa_discount-vip-sitzplatz","32":"pa_discount-normalpreis","33":"pa_discount-inklusive-begleitperson","34":"pa_discount-lzig-eds","35":"pa_discount-lzig-ees","36":"pa_preiskategorie-pk-i","37":"pa_preiskategorie-pk-ii","38":"pa_preiskategorie-pk-iii","39":"pa_preiskategorie-pk-iv","40":"pa_preiskategorie-pk-v","41":"pa_preiskategorie-pk1-stehplatz","42":"pa_preiskategorie-rollstuhlfahrer","43":"pa_preiskategorie-vip-package-backstage-club","44":"pa_preiskategorie-ggv-up","45":"pa_preiskategorie-pgv-up","46":"pa_preiskategorie-vipu-up","47":"pa_preiskategorie-livezig-up","49":"first","50":"instock","51":"taxable","52":"shipping-taxable","53":"purchasable","54":"product-type-variable"},"group_of_quantity":0,"min_quantity":0,"max_quantity":"","exclude_order_quantity_value_rules":"no","exclude_category_quantity_rules":"no","combine_variations":"no","acf":[],"_links":{"self":[{"href":"https:\/\/arena-ticket.com\/en\/wp-json\/wp\/v2\/product\/71688","targetHints":{"allow":["GET"]}}],"collection":[{"href":"https:\/\/arena-ticket.com\/en\/wp-json\/wp\/v2\/product"}],"about":[{"href":"https:\/\/arena-ticket.com\/en\/wp-json\/wp\/v2\/types\/product"}],"wp:featuredmedia":[{"embeddable":true,"href":"https:\/\/arena-ticket.com\/en\/wp-json\/wp\/v2\/media\/71700"}],"wp:attachment":[{"href":"https:\/\/arena-ticket.com\/en\/wp-json\/wp\/v2\/media?parent=71688"}],"wp:term":[{"taxonomy":"product_brand","embeddable":true,"href":"https:\/\/arena-ticket.com\/en\/wp-json\/wp\/v2\/product_brand?post=71688"},{"taxonomy":"product_cat","embeddable":true,"href":"https:\/\/arena-ticket.com\/en\/wp-json\/wp\/v2\/product_cat?post=71688"},{"taxonomy":"product_tag","embeddable":true,"href":"https:\/\/arena-ticket.com\/en\/wp-json\/wp\/v2\/product_tag?post=71688"}],"curies":[{"name":"wp","href":"https:\/\/api.w.org\/{rel}","templated":true}]}}