{"id":71753,"date":"2026-04-21T09:40:51","date_gmt":"2026-04-21T07:40:51","guid":{"rendered":"https:\/\/arena-ticket.com\/?p=71753&#038;post_type=product&#038;preview_id=71753"},"modified":"2026-04-30T20:05:48","modified_gmt":"2026-04-30T18:05:48","slug":"sc-dhfk-leipzig-dauerkarte-saison-2026-27","status":"publish","type":"product","link":"https:\/\/arena-ticket.com\/en\/product\/sc-dhfk-leipzig-dauerkarte-saison-2026-27\/","title":{"rendered":"SC DHfK Leipzig  - Dauerkarte Saison 2026\/27"},"content":{"rendered":"<p>Your benefits of a season ticket<\/p>\n<ul>\n<li><strong>Pers\u00f6nlicher Stammplatz<\/strong> bei allen Heimspielen in der 1. oder 2. Handball-Bundesliga<\/li>\n<li><strong>Preisvorteil:<\/strong> Erlebe 17 Heimspiele zum Preis von 13<\/li>\n<li><strong>Kein Preiszuschlag:\u00a0<\/strong>Spare alle Preiszuschl\u00e4ge bei TOP-Spielen und zum Derby in der 1. Handball-Bundesliga (keine TOP-Spiele in der 2. Bundesliga)<\/li>\n<li><strong>Wettbewerbsvorteil:\u00a0<\/strong>Vorkaufsrecht auf Heimspiele im DHB-Pokal<\/li>\n<li><strong>Freie Fahrt:\u00a0<\/strong>Kostenlose \u00d6PNV-Nutzung bis zu vier Stunden vor und nach dem Spiel<\/li>\n<li><strong>Parkvorteil:<\/strong>\u00a0Spare 5 Euro Parkplatzgeb\u00fchr zu den Heimspielen<\/li>\n<li><strong>Freunde-Ticket:<\/strong>\u00a0Kostenfreies Ticket f\u00fcr deine Freunde zu einem definiertem Heimspiel (zzgl. weitere Ticketaktionen)<\/li>\n<li><strong>Fanshop-Vorteil:<\/strong>\u00a0Spare bei exklusiven Rabattaktionen f\u00fcr Dauerkarteninhaber<\/li>\n<li><strong>Stammplatzgarantie:<\/strong> Verl\u00e4ngerungsoption f\u00fcr die Saison 2027\/28<\/li>\n<li><strong>Brandaktuelle News zum Team\u00a0<\/strong>mit dem <a href=\"https:\/\/www.scdhfk-handball.de\/newsletteranmeldung\/\" rel=\"nofollow noopener\" target=\"_blank\">FAN-Newsletter<\/a> (sofern eine Marketingeinverst\u00e4ndniserkl\u00e4rung vorliegt)<\/li>\n<\/ul>\n<p>&nbsp;<\/p>\n<p><strong>DISCOUNTS<\/strong><\/p>\n<p>** Students, trainees, pensioners, disabled people and holders of the Leipzig Pass are entitled to a discount<br \/>\n*** Kinder von 6-16 Jahren; Kinder bis einschlie\u00dflich 5 Jahren sind frei (ohne Sitzplatzanspruch) und ben\u00f6tigen keine eigene kostenfreie Tageskarte<br \/>\n**** The Azubi-Studi season ticket is valid for students &amp; trainees with valid proof.<\/p>\n<p>Information: Season tickets for wheelchair users include a reduced season ticket for the wheelchair user and a free season ticket for the accompanying person in category 2<br \/>\n(Rollstuhlfahrer-Pl\u00e4tze hinter den Bl\u00f6cken 1 &amp; 16 sowie im Stehplatzblock 16)<\/p>\n<p>&nbsp;<\/p>\n<p>&nbsp;<\/p>","protected":false},"excerpt":{"rendered":"<p>Sichere dir deine Dauerkarte ligaunabh\u00e4ngig f\u00fcr die Saison 2026\/27. Der Early-Bird-Preis gilt bis einschlie\u00dflich 07.06.2026 bei Klassenerhalt f\u00fcr die 1. Handball-Bundesliga. Bei einem Abstieg wird der Early-Bird-Preis automatisch zum Dauerkartenpreis f\u00fcr die 2. Handball-Bundesliga.<\/p>","protected":false},"featured_media":71805,"template":"","meta":{"_acf_changed":false,"inline_featured_image":false},"product_brand":[],"product_cat":[21,37,86,31,35,32,22],"product_tag":[7365,941,943,944,945,3190,5642,947,973],"class_list":{"0":"post-71753","1":"product","2":"type-product","3":"status-publish","4":"has-post-thumbnail","6":"product_cat-ticket","7":"product_cat-quarterback-immobilien-arena","8":"product_cat-leipzig","9":"product_cat-events","10":"product_cat-orte","11":"product_cat-sport","12":"product_cat-ticketupgrades-zusatzleistungen","13":"product_tag-dauerkarte-saison-2026-27","14":"product_tag-events","15":"product_tag-leipzig","16":"product_tag-orte","17":"product_tag-quarterback-immobilien-arena","18":"product_tag-sc-dhfk-leipzig","19":"product_tag-sport","20":"product_tag-ticket","21":"product_tag-ticketupgrades-zusatzleistungen","22":"product_shipping_class-abholung-lvz-briefversand","23":"pa_discount-azubi-studi","24":"pa_discount-ermaessigt-fanmitglied","25":"pa_discount-kind-fanmitglied","26":"pa_discount-normalpreis-fanmitglied","27":"pa_discount-normalpreis","28":"pa_discount-ermaessigt","29":"pa_discount-kind","30":"pa_discount-begleitperson-schwerbeschaedigte","31":"pa_discount-inklusive-begleitperson","32":"pa_preiskategorie-preiskategorie-drei-fanblock","33":"pa_preiskategorie-pk-i","34":"pa_preiskategorie-pk-ii","35":"pa_preiskategorie-pk-iii","36":"pa_preiskategorie-pk3-stehplatz","37":"pa_preiskategorie-pk4-stehplatz","38":"pa_preiskategorie-rollstuhlfahrer","39":"pa_preiskategorie-gaestebereich","41":"first","42":"instock","43":"sale","44":"taxable","45":"shipping-taxable","46":"purchasable","47":"product-type-variable"},"group_of_quantity":0,"min_quantity":0,"max_quantity":"","exclude_order_quantity_value_rules":"no","exclude_category_quantity_rules":"no","combine_variations":"no","acf":[],"_links":{"self":[{"href":"https:\/\/arena-ticket.com\/en\/wp-json\/wp\/v2\/product\/71753","targetHints":{"allow":["GET"]}}],"collection":[{"href":"https:\/\/arena-ticket.com\/en\/wp-json\/wp\/v2\/product"}],"about":[{"href":"https:\/\/arena-ticket.com\/en\/wp-json\/wp\/v2\/types\/product"}],"wp:featuredmedia":[{"embeddable":true,"href":"https:\/\/arena-ticket.com\/en\/wp-json\/wp\/v2\/media\/71805"}],"wp:attachment":[{"href":"https:\/\/arena-ticket.com\/en\/wp-json\/wp\/v2\/media?parent=71753"}],"wp:term":[{"taxonomy":"product_brand","embeddable":true,"href":"https:\/\/arena-ticket.com\/en\/wp-json\/wp\/v2\/product_brand?post=71753"},{"taxonomy":"product_cat","embeddable":true,"href":"https:\/\/arena-ticket.com\/en\/wp-json\/wp\/v2\/product_cat?post=71753"},{"taxonomy":"product_tag","embeddable":true,"href":"https:\/\/arena-ticket.com\/en\/wp-json\/wp\/v2\/product_tag?post=71753"}],"curies":[{"name":"wp","href":"https:\/\/api.w.org\/{rel}","templated":true}]}}