{"id":71810,"date":"2026-04-21T15:38:05","date_gmt":"2026-04-21T13:38:05","guid":{"rendered":"https:\/\/arena-ticket.com\/?p=71810&#038;post_type=product&#038;preview_id=71810"},"modified":"2026-04-21T16:05:05","modified_gmt":"2026-04-21T14:05:05","slug":"sarah-lesch-poesie-widerstand-tour-2026-dresden-beatpol-ehem-starclub-10-12-2026-2000-uhr","status":"publish","type":"product","link":"https:\/\/arena-ticket.com\/en\/product\/sarah-lesch-poesie-widerstand-tour-2026-dresden-beatpol-ehem-starclub-10-12-2026-2000-uhr\/","title":{"rendered":"Sarah Lesch - Poesie Widerstand Tour 2026"},"content":{"rendered":"<p>&nbsp;<\/p>\n<p>Wenn\u00a0<strong>SARAH LESCH<\/strong>\u00a0Ukulele, Gitarre mitsamt starker und ber\u00fchrender Geschichten in den Tourkoffer packt, dann kommt das Publikum garantiert auf seine Kosten. Eine unversch\u00e4mt gute Mischung aus Punk und Poesie, mit Haltung, Herz und R\u00fcckrat. Hier ist f\u00fcr alle etwas dabei. Ob intime, balladeske Folkperlen, smarte Analysen zeitgeschichtlicher Entwicklungen oder politische Handlungsempfehlungen -\u00a0<strong>SARAH LESCH<\/strong>s gro\u00dfe St\u00e4rke ist und bleibt die stilistische Bandbreite und die Intimit\u00e4t, die sie spielend leicht kreiert. Nahbar und mitrei\u00dfend, mit ganz viel G\u00e4nsehaut-Faktor, mit neuen und alten Songs!<\/p>\n<p>Mit ihrem Lied \u201eTestament\" erreichte sie ein Millionenpublikum. Schon damals zeichnet sich\u00a0<strong>SARAH LESCH<\/strong>\u00a0durch das Aussprechen offener Geheimnisse aus. Treibt wichtige Diskurse auf ihren Social Media Kan\u00e4len voran und ist mit dem Finger am Puls der Zeit. Das hat sich Sarah Lesch auch beim neuen Programm bewahrt.<\/p>\n<p><strong>SARAH LESCH<\/strong>, geboren 1986, geh\u00f6rt mit ihren sieben Alben und zahlreichen Auszeichnungen zu den wichtigsten Protagonistinnen* der neuen deutschen Liedermacherszene. Ihre lyrischen und feinsinnigen Songs behandeln das Gro\u00dfe im Kleinen und beobachten den Alltag und die Welt aus einer Perspektive, die immer nah am Geschehen ist und sich nicht scheut, auch bei den unbequemen Themen genau hinzuschauen. In ihren Liedern f\u00e4llt die Grenze zwischen Unterhaltung und Haltung. Nichts ist belanglos, alles ist wichtig. Selten werden die gesellschaftspolitischen Themen unserer Tage so umfassend auf den Punkt gebracht wie in ihren Texten.<\/p>","protected":false},"excerpt":{"rendered":"<p>Nahbar und mitrei\u00dfend, mit ganz viel G\u00e4nsehaut-Faktor, mit neuen und alten Songs! Nicht verpassen!<\/p>","protected":false},"featured_media":71812,"template":"","meta":{"_acf_changed":false,"inline_featured_image":false},"product_brand":[],"product_cat":[370,87,31,69,35,21,58],"product_tag":[2898,940,941,942,944,7366,4557,947,948],"class_list":{"0":"post-71810","1":"product","2":"type-product","3":"status-publish","4":"has-post-thumbnail","6":"product_cat-beatpol","7":"product_cat-dresden","8":"product_cat-events","9":"product_cat-konzert","10":"product_cat-orte","11":"product_cat-ticket","12":"product_cat-veranstaltung","13":"product_tag-beatpol","14":"product_tag-dresden","15":"product_tag-events","16":"product_tag-konzert","17":"product_tag-orte","18":"product_tag-poesie-widerstand-tour-2026","19":"product_tag-sarah-lesch","20":"product_tag-ticket","21":"product_tag-veranstaltung","22":"product_shipping_class-nur_paketversand","23":"pa_discount-normalpreis","24":"pa_preiskategorie-stehplatz","26":"first","27":"instock","28":"taxable","29":"shipping-taxable","30":"purchasable","31":"product-type-variable","32":"has-default-attributes"},"group_of_quantity":0,"min_quantity":0,"max_quantity":"","exclude_order_quantity_value_rules":"no","exclude_category_quantity_rules":"no","combine_variations":"no","acf":[],"_links":{"self":[{"href":"https:\/\/arena-ticket.com\/en\/wp-json\/wp\/v2\/product\/71810","targetHints":{"allow":["GET"]}}],"collection":[{"href":"https:\/\/arena-ticket.com\/en\/wp-json\/wp\/v2\/product"}],"about":[{"href":"https:\/\/arena-ticket.com\/en\/wp-json\/wp\/v2\/types\/product"}],"wp:featuredmedia":[{"embeddable":true,"href":"https:\/\/arena-ticket.com\/en\/wp-json\/wp\/v2\/media\/71812"}],"wp:attachment":[{"href":"https:\/\/arena-ticket.com\/en\/wp-json\/wp\/v2\/media?parent=71810"}],"wp:term":[{"taxonomy":"product_brand","embeddable":true,"href":"https:\/\/arena-ticket.com\/en\/wp-json\/wp\/v2\/product_brand?post=71810"},{"taxonomy":"product_cat","embeddable":true,"href":"https:\/\/arena-ticket.com\/en\/wp-json\/wp\/v2\/product_cat?post=71810"},{"taxonomy":"product_tag","embeddable":true,"href":"https:\/\/arena-ticket.com\/en\/wp-json\/wp\/v2\/product_tag?post=71810"}],"curies":[{"name":"wp","href":"https:\/\/api.w.org\/{rel}","templated":true}]}}