{"id":71815,"date":"2026-04-21T15:43:26","date_gmt":"2026-04-21T13:43:26","guid":{"rendered":"https:\/\/arena-ticket.com\/?p=71815&#038;post_type=product&#038;preview_id=71815"},"modified":"2026-04-24T12:59:18","modified_gmt":"2026-04-24T10:59:18","slug":"purple-disco-machine-friends-disco-im-zwinger-3-zusatzshow-dresden-zwinger-innenhof-25-05-2026-2000-uhr","status":"publish","type":"product","link":"https:\/\/arena-ticket.com\/en\/product\/purple-disco-machine-friends-disco-im-zwinger-3-zusatzshow-dresden-zwinger-innenhof-25-05-2026-2000-uhr\/","title":{"rendered":"Purple Disco Machine & Friends - Disco im Zwinger - 3. Zusatzshow"},"content":{"rendered":"<p>Zwischen dem 22. und 25. Mai erwartet die G\u00e4ste vier unvergessliche Konzerterlebnisse, welche die Sch\u00f6nheit der neu restaurierten Location mit den mitrei\u00dfenden Rhythmen von Purple Disco Machine vereint.<\/p>\n<p>Purple Disco Machine, der gerade erst den Abschluss seiner Paradise Tour in einem rauschenden Finale bei den Filmn\u00e4chten am Elbufer feierte, zeigt erneut seine enge Verbundenheit zu seiner Heimatstadt Dresden. Nach einer umfassenden Sanierung des Zwingerinnenhofs in den Jahren 2021 bis 2025 erstrahlt der Innenhof nun wieder in seiner vollen Pracht. Die umfangreichen Sanierungsarbeiten lassen nicht nur den Zwingerinnenhof in neuem Glanz erstrahlen, sondern schaffen die modernen, technischen Voraussetzungen. Der Zwinger, der im 18. Jahrhundert von August dem Starken als Festort fu\u0308r die Hochzeit seines Sohnes erbaut wurde, wird nun zu einem besonderen Highlight der Dresdner Kulturund Musikszene.<\/p>\n<p>Mit u\u0308ber 1,8 Milliarden Streams und einer Reihe von Chart-Erfolgen wie Hypnotized, Fireworks, Dopamine sowie zahlreichen Remixen fu\u0308r Ku\u0308nstler wie Dua Lipa, Mark Ronson, Foals, Calvin Harris, Sir Elton John &amp; Britney Spears, Fatboy Slim, Lady Gaga &amp; Ariana Grande, hat Purple Disco Machine weltweite Bekanntheit erlangt. Besonders sein Remix von Lizzo\u2019s About Damn Time, der ihm einen Grammy einbrachte, hat ihn zu einem der gefragtesten Produzenten der internationalen Musikszene gemacht.<\/p>\n<p>Das Konzert im Zwingerinnenhof soll ein einzigartiges Erlebnis werden, das Musik mit historischer Architektur verbindet. Die G\u00e4ste k\u00f6nnen sich auf einen Mix aus Funk, House, Disco, Purple Disco Machine Classics, aber auch neuer Musik und bestimmt die ein oder andere \u00dcberraschung freuen.<\/p>\n<p>\u201eEs ist eine Ehre, meine Heimatstadt auf so eine besondere Weise zu feiern und in diesem historischen Rahmen aufzutreten\u201c, so Purple Disco Machine. \u201eDer Zwingerinnenhof ist ein Ort voller Geschichte, und ich freue mich darauf, meine Musik in dieser einmaligen Kulisse mit euch allen zu teilen.\u201c<\/p>\n<p>\u201eSolch ein einmaliges Konzerterlebnis im Dresdner Zwinger zu planen und zu veranstalten, ist eine wirklich tolle Herausforderung,. Wir sind sehr stolz, dass das lange geplante Projekt jetzt Wirklichkeit wird und die enorme Nachfrage best\u00e4tigt das eindrucksvoll. Umso mehr freuen wir uns, mit dem zus\u00e4tzlichen vierten Termin noch mehr G\u00e4sten dieses besondere Erlebnis erm\u00f6glichen zu k\u00f6nnen. Dresden darf sich auf Pfingsten 2026 freuen!\u201c, so der Veranstalter Stefan K\u00e4stner von Bernd Aust Kulturmanagement GmbH.<\/p>","protected":false},"excerpt":{"rendered":"<p>Get your tickets now!<\/p>","protected":false},"featured_media":71817,"template":"","meta":{"_acf_changed":false,"inline_featured_image":false},"product_brand":[],"product_cat":[6738,87,31,69,35,21,58],"product_tag":[1117,7368,940,941,942,944,4271,4270,7367,947,948],"class_list":{"0":"post-71815","1":"product","2":"type-product","3":"status-publish","4":"has-post-thumbnail","6":"product_cat-dance","7":"product_cat-dresden","8":"product_cat-events","9":"product_cat-konzert","10":"product_cat-orte","11":"product_cat-ticket","12":"product_cat-veranstaltung","13":"product_tag-dance","14":"product_tag-disco-im-zwinger-3-zusatzshow","15":"product_tag-dresden","16":"product_tag-events","17":"product_tag-konzert","18":"product_tag-orte","19":"product_tag-paradise-tour-2025","20":"product_tag-purple-disco-machine","21":"product_tag-purple-disco-machine-friends","22":"product_tag-ticket","23":"product_tag-veranstaltung","24":"product_shipping_class-nur_paketversand","25":"pa_discount-normalpreis","26":"pa_preiskategorie-stehplatz","28":"first","29":"instock","30":"taxable","31":"shipping-taxable","32":"purchasable","33":"product-type-variable"},"group_of_quantity":0,"min_quantity":0,"max_quantity":"","exclude_order_quantity_value_rules":"no","exclude_category_quantity_rules":"no","combine_variations":"no","acf":[],"_links":{"self":[{"href":"https:\/\/arena-ticket.com\/en\/wp-json\/wp\/v2\/product\/71815","targetHints":{"allow":["GET"]}}],"collection":[{"href":"https:\/\/arena-ticket.com\/en\/wp-json\/wp\/v2\/product"}],"about":[{"href":"https:\/\/arena-ticket.com\/en\/wp-json\/wp\/v2\/types\/product"}],"wp:featuredmedia":[{"embeddable":true,"href":"https:\/\/arena-ticket.com\/en\/wp-json\/wp\/v2\/media\/71817"}],"wp:attachment":[{"href":"https:\/\/arena-ticket.com\/en\/wp-json\/wp\/v2\/media?parent=71815"}],"wp:term":[{"taxonomy":"product_brand","embeddable":true,"href":"https:\/\/arena-ticket.com\/en\/wp-json\/wp\/v2\/product_brand?post=71815"},{"taxonomy":"product_cat","embeddable":true,"href":"https:\/\/arena-ticket.com\/en\/wp-json\/wp\/v2\/product_cat?post=71815"},{"taxonomy":"product_tag","embeddable":true,"href":"https:\/\/arena-ticket.com\/en\/wp-json\/wp\/v2\/product_tag?post=71815"}],"curies":[{"name":"wp","href":"https:\/\/api.w.org\/{rel}","templated":true}]}}