{"id":72060,"date":"2026-04-24T11:21:08","date_gmt":"2026-04-24T09:21:08","guid":{"rendered":"https:\/\/arena-ticket.com\/?p=72060&#038;post_type=product&#038;preview_id=72060"},"modified":"2026-04-27T09:14:45","modified_gmt":"2026-04-27T07:14:45","slug":"ehrlich-brothers-wonderworld-leipzig-quarterback-immobilien-arena","status":"publish","type":"product","link":"https:\/\/arena-ticket.com\/en\/product\/ehrlich-brothers-wonderworld-leipzig-quarterback-immobilien-arena\/","title":{"rendered":"Ehrlich Brothers - Wonderworld"},"content":{"rendered":"<p>Die brandneue Tourshow der Weltrekord-Magier entf\u00fchrt das Publikum ab Dezember 2026 auf eine spektakul\u00e4re Reise vom unendlichen Kosmos bis in geheimnisvolle Unterwasserwelten\u2013mit nie dagewesenen Illusionen, atemberaubenden Effekten und magischen Momenten f\u00fcr die ganze Familie. Andreas und Chris Ehrlich lassen inden Arenen fantastische Zauberwelten entstehen:mit schillernden Lichtern,\u00fcberdimensionalen Meereswesen, der gr\u00f6\u00dften Popcorn-Maschine der Welt und derwohl gef\u00e4hrlichsten Illusion ihrer Karriere, bei der sich ein Sportwagen live auf derB\u00fchne in den gigantischen Roboter \u201eTitanium\u201ctransformiert. WONDERWORLD-gr\u00f6\u00dfer, mutiger, magischer als je zuvor.<\/p>","protected":false},"excerpt":{"rendered":"<p>Die Ehrlich Brothers - auch 2027 wieder in der QUARTERBACK Immobilien ARENA!<\/p>","protected":false},"featured_media":72017,"template":"","meta":{"_acf_changed":false,"inline_featured_image":false},"product_brand":[],"product_cat":[37,86,35,21,22],"product_tag":[2779,943,944,945,947,973,7374],"class_list":{"0":"post-72060","1":"product","2":"type-product","3":"status-publish","4":"has-post-thumbnail","6":"product_cat-quarterback-immobilien-arena","7":"product_cat-leipzig","8":"product_cat-orte","9":"product_cat-ticket","10":"product_cat-ticketupgrades-zusatzleistungen","11":"product_tag-ehrlich-brothers","12":"product_tag-leipzig","13":"product_tag-orte","14":"product_tag-quarterback-immobilien-arena","15":"product_tag-ticket","16":"product_tag-ticketupgrades-zusatzleistungen","17":"product_tag-wonderworld","18":"product_shipping_class-abholung_paketversand","19":"pa_discount-normalpreis","20":"pa_discount-kind","21":"pa_discount-inklusive-begleitperson","22":"pa_preiskategorie-golden-circle-sitzplatz","23":"pa_preiskategorie-pk-i","24":"pa_preiskategorie-pk-ii","25":"pa_preiskategorie-pk-iii","26":"pa_preiskategorie-pk-iv","27":"pa_preiskategorie-pk-v","28":"pa_preiskategorie-pk-vi","29":"pa_preiskategorie-rollstuhlfahrer","30":"pa_preiskategorie-ggv-up","31":"pa_preiskategorie-pgv-up","33":"first","34":"instock","35":"taxable","36":"shipping-taxable","37":"product-type-grouped"},"group_of_quantity":0,"min_quantity":0,"max_quantity":"","exclude_order_quantity_value_rules":"no","exclude_category_quantity_rules":"no","combine_variations":"no","acf":[],"_links":{"self":[{"href":"https:\/\/arena-ticket.com\/en\/wp-json\/wp\/v2\/product\/72060","targetHints":{"allow":["GET"]}}],"collection":[{"href":"https:\/\/arena-ticket.com\/en\/wp-json\/wp\/v2\/product"}],"about":[{"href":"https:\/\/arena-ticket.com\/en\/wp-json\/wp\/v2\/types\/product"}],"wp:featuredmedia":[{"embeddable":true,"href":"https:\/\/arena-ticket.com\/en\/wp-json\/wp\/v2\/media\/72017"}],"wp:attachment":[{"href":"https:\/\/arena-ticket.com\/en\/wp-json\/wp\/v2\/media?parent=72060"}],"wp:term":[{"taxonomy":"product_brand","embeddable":true,"href":"https:\/\/arena-ticket.com\/en\/wp-json\/wp\/v2\/product_brand?post=72060"},{"taxonomy":"product_cat","embeddable":true,"href":"https:\/\/arena-ticket.com\/en\/wp-json\/wp\/v2\/product_cat?post=72060"},{"taxonomy":"product_tag","embeddable":true,"href":"https:\/\/arena-ticket.com\/en\/wp-json\/wp\/v2\/product_tag?post=72060"}],"curies":[{"name":"wp","href":"https:\/\/api.w.org\/{rel}","templated":true}]}}