{"id":72108,"date":"2026-04-24T11:34:06","date_gmt":"2026-04-24T09:34:06","guid":{"rendered":"https:\/\/arena-ticket.com\/?p=72108&#038;post_type=product&#038;preview_id=72108"},"modified":"2026-04-27T10:21:42","modified_gmt":"2026-04-27T08:21:42","slug":"beat-it-live-leipzig-quarterback-immobilien-arena-leipzig-22-03-2027-2000-uhr","status":"publish","type":"product","link":"https:\/\/arena-ticket.com\/en\/product\/beat-it-live-leipzig-quarterback-immobilien-arena-leipzig-22-03-2027-2000-uhr\/","title":{"rendered":"Beat It - Live"},"content":{"rendered":"<p>\u201eBEAT IT! \u2013 Die Erfolgsshow \u00fcber den King of Pop!\u201c ist ein spektakul\u00e4res Live- Show-Erlebnis \u00fcber den erfolgreichsten Entertainer aller Zeiten, dessen Musik f\u00fcr immer<br \/>\nunvergessen bleiben wird. Die etwa zweist\u00fcndige Hommage zeichnet in spektakul\u00e4ren Bildern Michael Jacksons unvergleichliche Solokarriere nach und pr\u00e4sentiert dabei live 20 seiner gr\u00f6\u00dften Hits wie \u201eBillie Jean\u201c, \u201eSmooth Criminal\u201c, \u201eThriller\u201c, \u201eMan In The Mirror\u201c, \u201eBlack Or White\u201c und nat\u00fcrlich \u201eBeat It\u201c.<\/p>","protected":false},"excerpt":{"rendered":"<p>Der Vorverkauf startet am 10.06.2025!<\/p>","protected":false},"featured_media":49916,"template":"","meta":{"_acf_changed":false,"inline_featured_image":false},"product_brand":[],"product_cat":[37,86,31,64,35,6730,21,22,58],"product_tag":[5742,941,943,1089,6773,944,945,958,947,973,948],"class_list":{"0":"post-72108","1":"product","2":"type-product","3":"status-publish","4":"has-post-thumbnail","6":"product_cat-quarterback-immobilien-arena","7":"product_cat-leipzig","8":"product_cat-events","9":"product_cat-musical-show","10":"product_cat-orte","11":"product_cat-show","12":"product_cat-ticket","13":"product_cat-ticketupgrades-zusatzleistungen","14":"product_cat-veranstaltung","15":"product_tag-beat-it","16":"product_tag-events","17":"product_tag-leipzig","18":"product_tag-live","19":"product_tag-musical-show","20":"product_tag-orte","21":"product_tag-quarterback-immobilien-arena","22":"product_tag-show","23":"product_tag-ticket","24":"product_tag-ticketupgrades-zusatzleistungen","25":"product_tag-veranstaltung","26":"product_shipping_class-abholung_paketversand","27":"pa_discount-normalpreis","28":"pa_discount-inklusive-begleitperson","29":"pa_preiskategorie-golden-circle-sitzplatz","30":"pa_preiskategorie-pk-i","31":"pa_preiskategorie-pk-ii","32":"pa_preiskategorie-pk-iii","33":"pa_preiskategorie-pk-iv","34":"pa_preiskategorie-pk-v","35":"pa_preiskategorie-pk1-stehplatz","36":"pa_preiskategorie-rollstuhlfahrer","37":"pa_preiskategorie-ggv-up","38":"pa_preiskategorie-pgv-up","40":"first","41":"instock","42":"taxable","43":"shipping-taxable","44":"purchasable","45":"product-type-variable","46":"has-default-attributes"},"group_of_quantity":0,"min_quantity":0,"max_quantity":"","exclude_order_quantity_value_rules":"no","exclude_category_quantity_rules":"no","combine_variations":"no","acf":[],"_links":{"self":[{"href":"https:\/\/arena-ticket.com\/en\/wp-json\/wp\/v2\/product\/72108","targetHints":{"allow":["GET"]}}],"collection":[{"href":"https:\/\/arena-ticket.com\/en\/wp-json\/wp\/v2\/product"}],"about":[{"href":"https:\/\/arena-ticket.com\/en\/wp-json\/wp\/v2\/types\/product"}],"wp:featuredmedia":[{"embeddable":true,"href":"https:\/\/arena-ticket.com\/en\/wp-json\/wp\/v2\/media\/49916"}],"wp:attachment":[{"href":"https:\/\/arena-ticket.com\/en\/wp-json\/wp\/v2\/media?parent=72108"}],"wp:term":[{"taxonomy":"product_brand","embeddable":true,"href":"https:\/\/arena-ticket.com\/en\/wp-json\/wp\/v2\/product_brand?post=72108"},{"taxonomy":"product_cat","embeddable":true,"href":"https:\/\/arena-ticket.com\/en\/wp-json\/wp\/v2\/product_cat?post=72108"},{"taxonomy":"product_tag","embeddable":true,"href":"https:\/\/arena-ticket.com\/en\/wp-json\/wp\/v2\/product_tag?post=72108"}],"curies":[{"name":"wp","href":"https:\/\/api.w.org\/{rel}","templated":true}]}}