{"id":72772,"date":"2026-05-07T12:12:25","date_gmt":"2026-05-07T10:12:25","guid":{"rendered":"https:\/\/arena-ticket.com\/?p=72772&#038;post_type=product&#038;preview_id=72772"},"modified":"2026-05-07T12:35:50","modified_gmt":"2026-05-07T10:35:50","slug":"david-bowie-symphony-the-celebration-concert-halle-georg-friedrich-haendel-halle-17-11-2026-1930-uhr","status":"publish","type":"product","link":"https:\/\/arena-ticket.com\/en\/product\/david-bowie-symphony-the-celebration-concert-halle-georg-friedrich-haendel-halle-17-11-2026-1930-uhr\/","title":{"rendered":"David Bowie Symphony - The Celebration Concert"},"content":{"rendered":"<div class=\"moretext js-moretext expanded\" data-qa=\"readMoreText\">\n<div class=\"moretext-teaser\">\n<p>David Bowies Kunst hat Popmusik in hohe Kunst verwandelt. Mit \u201eDavid Bowie Symphony\u201c feiert ein ambitioniertes Konzertprojekt die Ikone auf gro\u00dfe, zeitgem\u00e4\u00dfe Weise: Orchesterklang und Rockband verschmelzen zu einer energiegeladenen Live Erfahrung, die das Werk des Vision\u00e4rs neu h\u00f6r und f\u00fchlbar macht \u2013 respektvoll, detailverliebt und mit gro\u00dfer emotionaler Tiefe.<\/p>\n<p>Die Produktion ist die symphonische Erweiterung von \u201eMr. Bowie \u2013 The Reality Show\u201c des S\u00e4ngers Milan Devinne. Bekannt f\u00fcr seine au\u00dfergew\u00f6hnliche Stimmbandbreite und seine authentische Ann\u00e4herung an Bowies musikalisches Universum, verleiht Devinne Klassikern wie \u201eSpace Oddity\u201c, \u201eHeroes\u201c, \u201eLife on Mars?\u201c oder \u201eLet\u2019s Dance\u201c neue Strahlkraft. Die Arrangements betonen die dramaturgische Kraft der Songs, ohne deren DNA zu ver\u00e4ndern \u2013 eine Hommage mit Herz, Pr\u00e4zision und gro\u00dfem Respekt.<\/p>\n<p>Internationales Team f\u00fcr einen Weltklasse Sound F\u00fcr die musikalische Leitung zeichnet der italienische Dirigent und Arrangeur Andrea Bonaldo verantwortlich, der Orchester und Rockband zu einer Einheit formt. An der Gitarre steht Peter Pohl, dessen Arbeit mit Falco, Opus und Supergau ihn zu einem der versiertesten Gitarristen der europ\u00e4ischen Rockszene macht. Den audiophilen Rahmen liefert Helmut Scheiber, \u00f6sterreichischer Tonmeister mit Referenzen von Status Quo \u00fcber Boney M bis Chris Norman \u2013 Garant f\u00fcr transparente, druckvolle Klang\u00e4sthetik bis in die letzte Reihe.<\/p>\n<p>Exklusive Stimmen aus Bowies Umfeld Ein besonderes Element des Abends ist eine kurze Dokumentation vor Showbeginn. Darin zu sehen: Richard Young (legend\u00e4rer britischer Fotograf von David Bowie, Freddie Mercury, The Rolling Stones und Mitgliedern der k\u00f6niglichen Familie), Thierry Amsallem (CEO des Montreux Jazz Festivals und enger Freund Bowies) sowie Peter Freestone (langj\u00e4hriger pers\u00f6nlicher Assistent von Freddie Mercury und Mitarbeiter David Bowies). Ihre Erinnerungen er\u00f6ffnen eine selten intime Perspektive auf Bowies Welt und rahmen den Konzertabend inhaltlich ein.<\/p>\n<p>Offiziell unterst\u00fctzt Das Projekt wird offiziell von Hermjo Klein unterst\u00fctzt, der als europ\u00e4ischer Tourmanager u. a. f\u00fcr David Bowie, The Rolling Stones, Queen, Jimi Hendrix und Janis Joplin t\u00e4tig war: \u201eMilan Devinne kann mit seiner einzigartigen Stimmfarbe und Qualit\u00e4t den archetypischen Sound von Bowie nachbilden und selbst die treuesten Fans in seinen Bann ziehen.\u201c<\/p>\n<p>Globale Perspektive Milan Devinne bringt umfangreiche internationale Erfahrung mit \u2013 von Welttourneen in den USA, Mexiko und S\u00fcdafrika bis zu Solo Auftritten in Japan. Diese weltl\u00e4ufige Perspektive pr\u00e4gt die k\u00fcnstlerische Ausrichtung der Show, die \u2013 ganz im Sinne Bowies \u2013 kulturelle Grenzen \u00fcberwindet.<\/p>\n<p>\u00dcber \u201eDavid Bowie Symphony\u201c Eine packende Live Produktion, die die gr\u00f6\u00dften Bowie Songs mit orchestraler Strahlkraft neu interpretiert. Mit internationalem Ensemble, erstklassiger Tontechnik und einer exklusiven Vorab Doku verbindet die Show Emotion, Energie und k\u00fcnstlerische Detailtreue \u2013 ein lebendiges Fest zum Verm\u00e4chtnis eines der pr\u00e4gendsten K\u00fcnstler der Popgeschichte.<\/p>\n<\/div>\n<\/div>","protected":false},"excerpt":{"rendered":"<p><span style=\"font-size: x-large\">performed by MILAN DEVINNE &amp; THE THIN WHITE DUKE ORCHESTRA -\u00a0 \u00a0 s<\/span>ichern Sie sich Ihre Tickets!<\/p>","protected":false},"featured_media":72776,"template":"","meta":{"_acf_changed":false,"inline_featured_image":false},"product_brand":[],"product_cat":[31,407,936,102,69,35,6733,21,58],"product_tag":[7385,941,2712,957,999,942,944,2506,7386,947,948],"class_list":{"0":"post-72772","1":"product","2":"type-product","3":"status-publish","4":"has-post-thumbnail","6":"product_cat-events","7":"product_cat-georg-friedrich-haendel-halle","8":"product_cat-grosser-saal","9":"product_cat-halle","10":"product_cat-konzert","11":"product_cat-orte","12":"product_cat-pop","13":"product_cat-ticket","14":"product_cat-veranstaltung","15":"product_tag-david-bowie-symphony","16":"product_tag-events","17":"product_tag-georg-friedrich-haendel-halle","18":"product_tag-grosser-saal","19":"product_tag-halle","20":"product_tag-konzert","21":"product_tag-orte","22":"product_tag-pop","23":"product_tag-the-celebration-concert","24":"product_tag-ticket","25":"product_tag-veranstaltung","26":"product_shipping_class-nur_paketversand","27":"pa_discount-kind","28":"pa_discount-normalpreis","29":"pa_preiskategorie-pk-i","30":"pa_preiskategorie-pk-ii","31":"pa_preiskategorie-pk-iii","32":"pa_preiskategorie-pk-iv","33":"pa_preiskategorie-pk-v","35":"first","36":"instock","37":"taxable","38":"shipping-taxable","39":"purchasable","40":"product-type-variable"},"group_of_quantity":0,"min_quantity":0,"max_quantity":"","exclude_order_quantity_value_rules":"no","exclude_category_quantity_rules":"no","combine_variations":"no","acf":[],"_links":{"self":[{"href":"https:\/\/arena-ticket.com\/en\/wp-json\/wp\/v2\/product\/72772","targetHints":{"allow":["GET"]}}],"collection":[{"href":"https:\/\/arena-ticket.com\/en\/wp-json\/wp\/v2\/product"}],"about":[{"href":"https:\/\/arena-ticket.com\/en\/wp-json\/wp\/v2\/types\/product"}],"wp:featuredmedia":[{"embeddable":true,"href":"https:\/\/arena-ticket.com\/en\/wp-json\/wp\/v2\/media\/72776"}],"wp:attachment":[{"href":"https:\/\/arena-ticket.com\/en\/wp-json\/wp\/v2\/media?parent=72772"}],"wp:term":[{"taxonomy":"product_brand","embeddable":true,"href":"https:\/\/arena-ticket.com\/en\/wp-json\/wp\/v2\/product_brand?post=72772"},{"taxonomy":"product_cat","embeddable":true,"href":"https:\/\/arena-ticket.com\/en\/wp-json\/wp\/v2\/product_cat?post=72772"},{"taxonomy":"product_tag","embeddable":true,"href":"https:\/\/arena-ticket.com\/en\/wp-json\/wp\/v2\/product_tag?post=72772"}],"curies":[{"name":"wp","href":"https:\/\/api.w.org\/{rel}","templated":true}]}}