{"id":72830,"date":"2026-05-07T15:14:58","date_gmt":"2026-05-07T13:14:58","guid":{"rendered":"https:\/\/arena-ticket.com\/?p=72830&#038;post_type=product&#038;preview_id=72830"},"modified":"2026-05-07T15:28:33","modified_gmt":"2026-05-07T13:28:33","slug":"clueso-weihnachten-zu-hause-erfurt-messehalle-erfurt-28-12-2026-1930-uhr","status":"publish","type":"product","link":"https:\/\/arena-ticket.com\/en\/product\/clueso-weihnachten-zu-hause-erfurt-messehalle-erfurt-28-12-2026-1930-uhr\/","title":{"rendered":"Clueso - Weihnachten zu Hause"},"content":{"rendered":"<div class=\"u-position-relative js-moretext-wrapper\">\n<div class=\"moretext js-moretext with-image collapsed\" data-qa=\"readMoreText\">\n<div class=\"moretext-teaser\">\n<div class=\"external-content\">\n<p>Hinter ihm liegt einer restlos ausverkaufte Akustiktour, vor ihm ein fulminanter Festivalsommer und eine atemberaubende Arenatour im kommenden Jahr: <strong>Clueso<\/strong> ist einer der erfolgreichsten Musiker Deutschlands! Doch eines ist gewiss, wenn die Weihnachtszeit kommt, hei\u00dft es f\u00fcr ihn Heimspiel in der Messe\u00a0Erfurt. <strong>Eine j\u00e4hrliche Tradition und ein absolutes Muss f\u00fcr jeden Fan!<\/strong><\/p>\n<p>Egal wie gro\u00df die B\u00fchnen sind, <strong>Clueso<\/strong> versteht es, mit seinen Songs das Publikum mitzurei\u00dfen und eine unvergessliche Atmosph\u00e4re zu schaffen. Auch in diesem Jahr schenkt der Erfurter seiner Heimatstadt etwas ganz Besonderes und l\u00e4dt alle Erfurter und Erfurterinnen und Fans ein, mit ihm am 28. Dezember einen unvergesslichen Abend beim Weihnachtskonzert in der Erfurter Messe zu verbringen.<\/p>\n<\/div>\n<\/div>\n<\/div>\n<\/div>","protected":false},"excerpt":{"rendered":"<p>jetzt Tickets hier sichern!<\/p>","protected":false},"featured_media":72832,"template":"","meta":{"_acf_changed":false,"inline_featured_image":false},"product_brand":[],"product_cat":[167,31,69,3126,35,6733,21,58],"product_tag":[4108,3127,941,942,3130,944,2506,947,948,5421],"class_list":{"0":"post-72830","1":"product","2":"type-product","3":"status-publish","4":"has-post-thumbnail","6":"product_cat-erfurt","7":"product_cat-events","8":"product_cat-konzert","9":"product_cat-messehalle-erfurt","10":"product_cat-orte","11":"product_cat-pop","12":"product_cat-ticket","13":"product_cat-veranstaltung","14":"product_tag-clueso","15":"product_tag-erfurt","16":"product_tag-events","17":"product_tag-konzert","18":"product_tag-messehalle-erfurt","19":"product_tag-orte","20":"product_tag-pop","21":"product_tag-ticket","22":"product_tag-veranstaltung","23":"product_tag-weihnachten-zu-hause","24":"product_shipping_class-nur_paketversand","25":"pa_discount-kind","26":"pa_discount-normalpreis","27":"pa_preiskategorie-stehplatz","29":"first","30":"instock","31":"taxable","32":"shipping-taxable","33":"purchasable","34":"product-type-variable"},"group_of_quantity":0,"min_quantity":0,"max_quantity":"","exclude_order_quantity_value_rules":"no","exclude_category_quantity_rules":"no","combine_variations":"no","acf":[],"_links":{"self":[{"href":"https:\/\/arena-ticket.com\/en\/wp-json\/wp\/v2\/product\/72830","targetHints":{"allow":["GET"]}}],"collection":[{"href":"https:\/\/arena-ticket.com\/en\/wp-json\/wp\/v2\/product"}],"about":[{"href":"https:\/\/arena-ticket.com\/en\/wp-json\/wp\/v2\/types\/product"}],"wp:featuredmedia":[{"embeddable":true,"href":"https:\/\/arena-ticket.com\/en\/wp-json\/wp\/v2\/media\/72832"}],"wp:attachment":[{"href":"https:\/\/arena-ticket.com\/en\/wp-json\/wp\/v2\/media?parent=72830"}],"wp:term":[{"taxonomy":"product_brand","embeddable":true,"href":"https:\/\/arena-ticket.com\/en\/wp-json\/wp\/v2\/product_brand?post=72830"},{"taxonomy":"product_cat","embeddable":true,"href":"https:\/\/arena-ticket.com\/en\/wp-json\/wp\/v2\/product_cat?post=72830"},{"taxonomy":"product_tag","embeddable":true,"href":"https:\/\/arena-ticket.com\/en\/wp-json\/wp\/v2\/product_tag?post=72830"}],"curies":[{"name":"wp","href":"https:\/\/api.w.org\/{rel}","templated":true}]}}