{"id":7624,"date":"2024-03-22T11:15:02","date_gmt":"2024-03-22T10:15:02","guid":{"rendered":"https:\/\/arena.hostpress.me\/?p=7624&#038;post_type=product&#038;preview_id=7624"},"modified":"2025-01-10T16:15:48","modified_gmt":"2025-01-10T15:15:48","slug":"alice-cooper-too-close-for-comfort-dresden-junge-garde-02-07-2024-1900-uhr","status":"publish","type":"product","link":"https:\/\/arena-ticket.com\/en\/product\/alice-cooper-too-close-for-comfort-dresden-junge-garde-02-07-2024-1900-uhr\/","title":{"rendered":"Alice Cooper - Too Close For Comfort"},"content":{"rendered":"<div class=\"u-position-relative js-moretext-wrapper\">\n<div class=\"moretext js-moretext with-image expanded\" data-qa=\"readMoreText\" aria-expanded=\"true\">\n<div class=\"moretext-teaser\">\n<div class=\"external-content\">\n<p>Alice Cooper wird 2024 wieder auf Tournee gehen. Nach einem erfolgreichen und arbeitsreichen Jahr 2023, in dem er mit 67 Konzerten kreuz und quer durch Nordamerika reiste sowie sein aktuelles Album \u201eRoad\u201c ver\u00f6ffentlichte, bringt er seine neue B\u00fchnenshow im n\u00e4chsten Sommer nach Deutschland.<\/p>\n<p>Cooper, der in die Rock and Roll Hall of Fame aufgenommen wurde, ist in der Regel bis zu sechs Monate im Jahr unterwegs, um seine spektakul\u00e4re B\u00fchnenshow alten und neuen Fans zu pr\u00e4sentieren, wobei er die B\u00fchnenauftritte ebenso genie\u00dft wie das Publikum. Als Erfinder des Schock-Rocks \u00fcberrascht Cooper mit seiner fulminanten B\u00fchnenshow seine Fans immer wieder aufs Neue - wie in einem guten Horrorfilm.<\/p>\n<p>Das Album \u201eRoad\u201c, welches am 25. August 2023 \u00fcber earMUSIC erschienen ist, wurde von Bob Ezrin produziert und mit seiner aktuellen Touring- Band geschrieben, komponiert und aufgenommen. Mit 12 neuen Rock\u2019n\u2019Roll-Songs und einem Cover von The Who, schlie\u00dft es den Kreis zwischen seinen insgesamt 29 Studioalben und erf\u00fcllt alles, was man sich von einem klassischen Cooper-Album erhofft, und noch viel mehr. Dieses Mal sind seine langj\u00e4hrigen Bandkollegen \u2013 Ryan Roxie [Gitarre], Chuck Garric [Bass], Tommy Henriksen [Gitarre], Glen Sobel [Schlagzeug] und Nita Strauss [Gitarre] \u2013 mit von der Partie.<\/p>\n<\/div>\n<\/div>\n<\/div>\n<\/div>\n","protected":false},"excerpt":{"rendered":"<p>Alice Cooper announces tour dates for summer 2024 in Europe and comes to Germany for six shows<\/p>","protected":false},"featured_media":7626,"template":"","meta":{"_acf_changed":false,"inline_featured_image":false},"product_brand":[],"product_cat":[87,31,403,69,35,21,58],"product_tag":[1285,3413,1288,1290,1286,940,941,1289,1022,996,1372,1370,1324,1371,942,944,947,1287,4623,948],"class_list":{"0":"post-7624","1":"product","2":"type-product","3":"status-publish","4":"has-post-thumbnail","6":"product_cat-dresden","7":"product_cat-events","8":"product_cat-freilichtbuehne-grosser-garten-junge-garde","9":"product_cat-konzert","10":"product_cat-orte","11":"product_cat-ticket","12":"product_cat-veranstaltung","13":"product_tag-alice","14":"product_tag-alice-cooper","15":"product_tag-close","16":"product_tag-comfort","17":"product_tag-cooper","18":"product_tag-dresden","19":"product_tag-events","20":"product_tag-for","21":"product_tag-freilichtbuehne","22":"product_tag-freilichtbuehne-grosser-garten-junge-garde","23":"product_tag-garde","24":"product_tag-garten","25":"product_tag-grosser","26":"product_tag-junge","27":"product_tag-konzert","28":"product_tag-orte","29":"product_tag-ticket","30":"product_tag-too","31":"product_tag-too-close-for-comfort","32":"product_tag-veranstaltung","33":"product_shipping_class-nur_paketversand","34":"pa_discount-normalpreis","35":"pa_preiskategorie-freie-platzwahl","37":"first","38":"instock","39":"taxable","40":"shipping-taxable","41":"purchasable","42":"product-type-variable"},"group_of_quantity":0,"min_quantity":0,"max_quantity":"","exclude_order_quantity_value_rules":"no","exclude_category_quantity_rules":"no","combine_variations":"no","acf":[],"_links":{"self":[{"href":"https:\/\/arena-ticket.com\/en\/wp-json\/wp\/v2\/product\/7624","targetHints":{"allow":["GET"]}}],"collection":[{"href":"https:\/\/arena-ticket.com\/en\/wp-json\/wp\/v2\/product"}],"about":[{"href":"https:\/\/arena-ticket.com\/en\/wp-json\/wp\/v2\/types\/product"}],"wp:featuredmedia":[{"embeddable":true,"href":"https:\/\/arena-ticket.com\/en\/wp-json\/wp\/v2\/media\/7626"}],"wp:attachment":[{"href":"https:\/\/arena-ticket.com\/en\/wp-json\/wp\/v2\/media?parent=7624"}],"wp:term":[{"taxonomy":"product_brand","embeddable":true,"href":"https:\/\/arena-ticket.com\/en\/wp-json\/wp\/v2\/product_brand?post=7624"},{"taxonomy":"product_cat","embeddable":true,"href":"https:\/\/arena-ticket.com\/en\/wp-json\/wp\/v2\/product_cat?post=7624"},{"taxonomy":"product_tag","embeddable":true,"href":"https:\/\/arena-ticket.com\/en\/wp-json\/wp\/v2\/product_tag?post=7624"}],"curies":[{"name":"wp","href":"https:\/\/api.w.org\/{rel}","templated":true}]}}