{"id":7826,"date":"2024-03-25T10:25:56","date_gmt":"2024-03-25T09:25:56","guid":{"rendered":"https:\/\/arena.hostpress.me\/?p=7826&#038;post_type=product&#038;preview_id=7826"},"modified":"2025-01-10T16:21:36","modified_gmt":"2025-01-10T15:21:36","slug":"caethe-leipzig-naumanns-im-felsenkeller-11-10-2024-2000-uhr","status":"publish","type":"product","link":"https:\/\/arena-ticket.com\/en\/product\/caethe-leipzig-naumanns-im-felsenkeller-11-10-2024-2000-uhr\/","title":{"rendered":"C\u00e4the"},"content":{"rendered":"<p>&nbsp;<\/p>\n<section class=\"c-full c-inner c-narrow\" data-c=\"stageteasertext\" data-qa=\"stageteasertext-component\">\n<div class=\"container\">\n<div class=\"external-content no-margin\">\n<div class=\"u-position-relative js-moretext-wrapper\">\n<div class=\"moretext js-moretext expanded\" data-qa=\"readMoreText\" aria-expanded=\"true\">\n<div class=\"moretext-teaser\">\n<div class=\"event-image\"><\/div>\n<div class=\"event-info\">\n<div class=\"event-meta\">\n<div class=\"location\"><\/div>\n<\/div>\n<\/div>\n<\/div>\n<\/div>\n<div class=\"link theme-interaction-highlight-color moretext-toggle\" aria-hidden=\"true\">\n<p>The best way to create order is to abolish order. That&#039;s why furniture is moved and drawers thrown out for C\u00e4the&#039;s party with fear. It&#039;s just right that at the end there aren&#039;t all the cups in the cupboard, but there is Hawaiian toast in the oven and room for whole choirs to join in with the why-that chorus. Her three appearances at Ina M\u00fcller&#039;s Schellfischposten, in her adopted home of Hamburg at the time, were followed by an invitation to a well-known late-night show. Most recently, she released the song Winterbl\u00fcher (2023) with the band Erdm\u00f6bel and Wer du wirklich bist (2023) with STOPPOK. Between her first record Ich muss gar nichts (2012) and her current album Chill Out Punk (2022) lies a whole decade in which Verschollenes Tier (2013) and Vagabund (2015) were released.<\/p>\n<p>Otherwise, it is best read in milestones and decisive impulses: she now lives in Berlin and has made various sketches of herself, only to end up back with music and publish the book Lying is shit together with the author Alexandra Helena Becht. In general - nothing happens without a reason, especially not one&#039;s own story. And that is reason enough for C\u00e4the to produce, from her point of view, a whole universe of cross-genre music that soars from the ecstasy of everyday life to low-hanging skies. C\u00e4the&#039;s concerts are an invitation to celebrate the whole symphony of ironic nuances of human tragedy and comedy translated into her love language: alternative pop, rock, jazz and electro accompany the party of emotions. With her energy and together with her band live, C\u00e4the creates a space in which letting go through connection seems like the solution to all problems. Saying goodbye is not for me, sings C\u00e4the in B\u00f6s B\u00f6s, which is why she is of course writing new songs that she will release in 2024. The cheese on the toast is already starting to melt. Catharina Sieland&#039;s boiling point is approaching. And the invitation stands.<\/p>\n<\/div>\n<\/div>\n<\/div>\n<\/div>\n<\/section>","protected":false},"excerpt":{"rendered":"<p class=\"stage-headline\">C\u00e4the is coming to Leipzig in October - secure your ticket for this evening.<\/p>","protected":false},"featured_media":7828,"template":"","meta":{"_acf_changed":false,"inline_featured_image":false},"product_brand":[],"product_cat":[31,69,86,451,35,21,58],"product_tag":[1536,941,1476,962,1020,942,943,1475,990,944,947,948],"class_list":{"0":"post-7826","1":"product","2":"type-product","3":"status-publish","4":"has-post-thumbnail","6":"product_cat-events","7":"product_cat-konzert","8":"product_cat-leipzig","9":"product_cat-naumanns-im-felsenkeller","10":"product_cat-orte","11":"product_cat-ticket","12":"product_cat-veranstaltung","13":"product_tag-caethe","14":"product_tag-events","15":"product_tag-felsenkeller","16":"product_tag-haus-auensee","17":"product_tag-im","18":"product_tag-konzert","19":"product_tag-leipzig","20":"product_tag-naumanns","21":"product_tag-naumanns-im-felsenkeller","22":"product_tag-orte","23":"product_tag-ticket","24":"product_tag-veranstaltung","25":"product_shipping_class-nur_paketversand","26":"pa_discount-normalpreis","27":"pa_preiskategorie-stehplatz","29":"first","30":"instock","31":"taxable","32":"shipping-taxable","33":"purchasable","34":"product-type-variable","35":"has-default-attributes"},"group_of_quantity":0,"min_quantity":0,"max_quantity":"","exclude_order_quantity_value_rules":"no","exclude_category_quantity_rules":"no","combine_variations":"no","acf":[],"_links":{"self":[{"href":"https:\/\/arena-ticket.com\/en\/wp-json\/wp\/v2\/product\/7826","targetHints":{"allow":["GET"]}}],"collection":[{"href":"https:\/\/arena-ticket.com\/en\/wp-json\/wp\/v2\/product"}],"about":[{"href":"https:\/\/arena-ticket.com\/en\/wp-json\/wp\/v2\/types\/product"}],"wp:featuredmedia":[{"embeddable":true,"href":"https:\/\/arena-ticket.com\/en\/wp-json\/wp\/v2\/media\/7828"}],"wp:attachment":[{"href":"https:\/\/arena-ticket.com\/en\/wp-json\/wp\/v2\/media?parent=7826"}],"wp:term":[{"taxonomy":"product_brand","embeddable":true,"href":"https:\/\/arena-ticket.com\/en\/wp-json\/wp\/v2\/product_brand?post=7826"},{"taxonomy":"product_cat","embeddable":true,"href":"https:\/\/arena-ticket.com\/en\/wp-json\/wp\/v2\/product_cat?post=7826"},{"taxonomy":"product_tag","embeddable":true,"href":"https:\/\/arena-ticket.com\/en\/wp-json\/wp\/v2\/product_tag?post=7826"}],"curies":[{"name":"wp","href":"https:\/\/api.w.org\/{rel}","templated":true}]}}