{"id":8438,"date":"2024-03-27T12:58:05","date_gmt":"2024-03-27T11:58:05","guid":{"rendered":"https:\/\/arena.hostpress.me\/?post_type=product&#038;p=8438"},"modified":"2025-03-24T16:53:44","modified_gmt":"2025-03-24T15:53:44","slug":"museumsnacht-in-halle-saale-und-leipzig-am-4-mai-2024","status":"publish","type":"product","link":"https:\/\/arena-ticket.com\/en\/product\/museumsnacht-in-halle-saale-und-leipzig-am-4-mai-2024\/","title":{"rendered":"Museumsnacht in Halle (Saale) und Leipzig  - 4. Mai 2024"},"content":{"rendered":"<p class=\"text-size--medium text-size--small\">Die Tickets gelten zur Museumsnacht von 18:00 bis 24:00 Uhr f\u00fcr alle teilnehmenden Museen und Sammlungen und als Fahrkarte f\u00fcr den \u00f6ffentlichen Nahverkehr. Au\u00dferdem fahren Sonderlinien bequem und KOSTENFREI durch Halle und Leipzig.<\/p>\n<p>Die Eintrittskarten gelten am 4. Mai ab 16 Uhr und am Folgetag bis 3 Uhr morgens als Fahrkarten in den Zonen 110 [Leipzig], 162, 163, 225 und 210 [Halle] f\u00fcr alle Verkehrsmittel des MDV* [Nahverkehrsz\u00fcge inklusive S \u00adBahn, Tram und Bus].<\/p>\n<p>KINDER UND JUGENDLICHE BIS EINSCHLIESSLICH 18 JAHREN HABEN FREIEN EINTRITT.<\/p>\n<p><strong>WICHTIG!<\/strong>\u00a0Kinder und Jugendliche bis einschlie\u00dflich 18 Jahre ben\u00f6tigen ein Ticket, da es an den Eingang der teilnehmenden Museen und Sammlungen gescannt wird. Auch ist es obligatorisch, wenn sie den \u00f6ffentlichen Nahverkehr nutzen m\u00f6chten.<\/p>\n<p>Das kostenfreie Kinderticket berechtigt nur in Beglei\u00adtung einer Person ab 19 Jahre, die im Besitz einer g\u00fcltigen Ein\u00adtrittskarte ist, zur Fahrt innerhalb der o.g. Zonen. Das kostenfreie Jugendticket berechtigt nicht zur Mitnahme von Kindern.<\/p>\n<p>* Es gelten die Tarifbestimmungen und Bef\u00f6rderungsbedingungen des MDV.<\/p>\n","protected":false},"excerpt":{"rendered":"<p>We look forward to the next joint <strong>Museum Night<\/strong>\u00a0on May 4, 2024<\/p>","protected":false},"featured_media":8439,"template":"","meta":{"_acf_changed":false,"inline_featured_image":false},"product_brand":[],"product_cat":[31,6765,102,922,86,35,21,15,58],"product_tag":[1393,1025,1394,4555,941,999,1138,951,943,1395,1392,4554,944,947,1245,976,948],"class_list":{"0":"post-8438","1":"product","2":"type-product","3":"status-publish","4":"has-post-thumbnail","6":"product_cat-events","7":"product_cat-fuehrung","8":"product_cat-halle","9":"product_cat-kultur","10":"product_cat-leipzig","11":"product_cat-orte","12":"product_cat-ticket","13":"product_cat-unkategorisiert","14":"product_cat-veranstaltung","15":"product_tag-saale","16":"product_tag-1025","17":"product_tag-1394","18":"product_tag-4-mai-2024","19":"product_tag-events","20":"product_tag-halle","21":"product_tag-in","22":"product_tag-kultur","23":"product_tag-leipzig","24":"product_tag-mai","25":"product_tag-museumsnacht","26":"product_tag-museumsnacht-in-halle-saale-und-leipzig","27":"product_tag-orte","28":"product_tag-ticket","29":"product_tag-und","30":"product_tag-unkategorisiert","31":"product_tag-veranstaltung","32":"product_shipping_class-nur_paketversand","33":"pa_discount-ermaessigt","34":"pa_discount-jugendliche","35":"pa_discount-kind","36":"pa_discount-leipzig-pass-inhaber","37":"pa_discount-normalpreis","38":"pa_preiskategorie-tagesticket","40":"first","41":"instock","42":"taxable","43":"shipping-taxable","44":"purchasable","45":"product-type-variable"},"group_of_quantity":0,"min_quantity":0,"max_quantity":"","exclude_order_quantity_value_rules":"no","exclude_category_quantity_rules":"no","combine_variations":"no","acf":[],"_links":{"self":[{"href":"https:\/\/arena-ticket.com\/en\/wp-json\/wp\/v2\/product\/8438","targetHints":{"allow":["GET"]}}],"collection":[{"href":"https:\/\/arena-ticket.com\/en\/wp-json\/wp\/v2\/product"}],"about":[{"href":"https:\/\/arena-ticket.com\/en\/wp-json\/wp\/v2\/types\/product"}],"wp:featuredmedia":[{"embeddable":true,"href":"https:\/\/arena-ticket.com\/en\/wp-json\/wp\/v2\/media\/8439"}],"wp:attachment":[{"href":"https:\/\/arena-ticket.com\/en\/wp-json\/wp\/v2\/media?parent=8438"}],"wp:term":[{"taxonomy":"product_brand","embeddable":true,"href":"https:\/\/arena-ticket.com\/en\/wp-json\/wp\/v2\/product_brand?post=8438"},{"taxonomy":"product_cat","embeddable":true,"href":"https:\/\/arena-ticket.com\/en\/wp-json\/wp\/v2\/product_cat?post=8438"},{"taxonomy":"product_tag","embeddable":true,"href":"https:\/\/arena-ticket.com\/en\/wp-json\/wp\/v2\/product_tag?post=8438"}],"curies":[{"name":"wp","href":"https:\/\/api.w.org\/{rel}","templated":true}]}}