{"id":8462,"date":"2024-03-27T12:34:52","date_gmt":"2024-03-27T11:34:52","guid":{"rendered":"https:\/\/arena.hostpress.me\/?p=8462&#038;post_type=product&#038;preview_id=8462"},"modified":"2025-05-26T14:49:50","modified_gmt":"2025-05-26T12:49:50","slug":"alice-cooper-too-close-for-comfort-leipzig-quarterback-immobilien-arena-11-10-2024-2000-uhr","status":"publish","type":"product","link":"https:\/\/arena-ticket.com\/en\/product\/alice-cooper-too-close-for-comfort-leipzig-quarterback-immobilien-arena-11-10-2024-2000-uhr\/","title":{"rendered":"Alice Cooper - Too Close For Comfort Tour 2024"},"content":{"rendered":"<p>Alice Cooper wird 2024 wieder auf Tour gehen. Nachdem er Ende letzten Jahres<br \/>\nbereits die Termine f\u00fcr diesen Sommer bekanntgegeben hat, folgt nun die<br \/>\nAnk\u00fcndigung weiterer sechs Auftritte f\u00fcr Oktober dieses Jahres, mit dabei die<br \/>\nunumstrittene Metal-Queen DORO!<br \/>\nNach einem erfolgreichen und arbeitsreichen Jahr 2023, in dem er mit 67 Konzerten<br \/>\nkreuz und quer durch Nordamerika reiste sowie sein aktuelles Album<br \/>\n\u201eRoad\u201c ver\u00f6ffentlichte, bringt er seine neue B\u00fchnenshow nun endlich wieder nach<br \/>\nDeutschland.<br \/>\nCooper, der in die Rock and Roll Hall of Fame aufgenommen wurde, ist in der Regel<br \/>\nbis zu sechs Monate im Jahr unterwegs, um seine spektakul\u00e4re B\u00fchnenshow alten<br \/>\nund neuen Fans zu pr\u00e4sentieren, wobei er die B\u00fchnenauftritte ebenso genie\u00dft wie<br \/>\ndas Publikum. Als Erfinder des Schock-Rocks \u00fcberrascht Cooper mit seiner<br \/>\nfulminanten B\u00fchnenshow seine Fans immer wieder aufs Neue - wie in einem guten<br \/>\nHorrorfilm.<br \/>\nDas Album \u201eRoad\u201c, welches am 25. August 2023 \u00fcber earMUSIC erschienen ist,<br \/>\nwurde von Bob Ezrin produziert und mit seiner aktuellen Touring- Band geschrieben,<br \/>\nkomponiert und aufgenommen. Mit 12 neuen Rock\u2019n\u2019Roll-Songs und einem Cover<br \/>\nvon The Who, schlie\u00dft es den Kreis zwischen seinen insgesamt 29 Studioalben und<br \/>\nerf\u00fcllt alles, was man sich von einem klassischen Cooper-Album erhofft, und noch<br \/>\nviel mehr. Dieses Mal sind seine langj\u00e4hrigen Bandkollegen \u2013 Ryan Roxie [Gitarre],<br \/>\nChuck Garric [Bass], Tommy Henriksen [Gitarre], Glen Sobel [Schlagzeug] und Nita<br \/>\nStrauss [Gitarre] \u2013 mit von der Partie.<\/p>\n","protected":false},"excerpt":{"rendered":"<p>Special Guest: DORO!<\/p>","protected":false},"featured_media":8473,"template":"","meta":{"_acf_changed":false,"inline_featured_image":false},"product_brand":[],"product_cat":[31,69,86,35,37,6732,21,22,58],"product_tag":[1007,1025,1285,3413,279,1288,1290,1286,941,1289,1005,951,943,944,84,945,947,1006,973,1287,3414,1024,948],"class_list":{"0":"post-8462","1":"product","2":"type-product","3":"status-publish","4":"has-post-thumbnail","6":"product_cat-events","7":"product_cat-konzert","8":"product_cat-leipzig","9":"product_cat-orte","10":"product_cat-quarterback-immobilien-arena","11":"product_cat-rock-hard-rock","12":"product_cat-ticket","13":"product_cat-ticketupgrades-zusatzleistungen","14":"product_cat-veranstaltung","15":"product_tag-zusatzleistungen","16":"product_tag-1025","17":"product_tag-alice","18":"product_tag-alice-cooper","19":"product_tag-arena","20":"product_tag-close","21":"product_tag-comfort","22":"product_tag-cooper","23":"product_tag-events","24":"product_tag-for","25":"product_tag-immobilien","26":"product_tag-kultur","27":"product_tag-leipzig","28":"product_tag-orte","29":"product_tag-quarterback","30":"product_tag-quarterback-immobilien-arena","31":"product_tag-ticket","32":"product_tag-ticketupgrades","33":"product_tag-ticketupgrades-zusatzleistungen","34":"product_tag-too","35":"product_tag-too-close-for-comfort-tour-2024","36":"product_tag-tour","37":"product_tag-veranstaltung","38":"product_shipping_class-abholung_paketversand","39":"pa_discount-vip-front-of-stage","40":"pa_discount-inklusive-begleitperson","41":"pa_discount-normalpreis","42":"pa_discount-vip-sitzplatz","43":"pa_preiskategorie-front-of-stage-stehplatz","44":"pa_preiskategorie-ggv-up","45":"pa_preiskategorie-pgv-up","46":"pa_preiskategorie-pk-ii","47":"pa_preiskategorie-pk-iii","48":"pa_preiskategorie-pk-iv","49":"pa_preiskategorie-pk5-stehplatz","50":"pa_preiskategorie-rollstuhlfahrer","51":"pa_preiskategorie-vip-package-backstage-club","52":"pa_preiskategorie-vip-package-backstage-club-stehplatz","53":"pa_preiskategorie-vipu-up","55":"first","56":"instock","57":"taxable","58":"shipping-taxable","59":"purchasable","60":"product-type-variable"},"group_of_quantity":0,"min_quantity":0,"max_quantity":"","exclude_order_quantity_value_rules":"no","exclude_category_quantity_rules":"no","combine_variations":"no","acf":[],"_links":{"self":[{"href":"https:\/\/arena-ticket.com\/en\/wp-json\/wp\/v2\/product\/8462","targetHints":{"allow":["GET"]}}],"collection":[{"href":"https:\/\/arena-ticket.com\/en\/wp-json\/wp\/v2\/product"}],"about":[{"href":"https:\/\/arena-ticket.com\/en\/wp-json\/wp\/v2\/types\/product"}],"wp:featuredmedia":[{"embeddable":true,"href":"https:\/\/arena-ticket.com\/en\/wp-json\/wp\/v2\/media\/8473"}],"wp:attachment":[{"href":"https:\/\/arena-ticket.com\/en\/wp-json\/wp\/v2\/media?parent=8462"}],"wp:term":[{"taxonomy":"product_brand","embeddable":true,"href":"https:\/\/arena-ticket.com\/en\/wp-json\/wp\/v2\/product_brand?post=8462"},{"taxonomy":"product_cat","embeddable":true,"href":"https:\/\/arena-ticket.com\/en\/wp-json\/wp\/v2\/product_cat?post=8462"},{"taxonomy":"product_tag","embeddable":true,"href":"https:\/\/arena-ticket.com\/en\/wp-json\/wp\/v2\/product_tag?post=8462"}],"curies":[{"name":"wp","href":"https:\/\/api.w.org\/{rel}","templated":true}]}}