{"id":9067,"date":"2024-04-11T18:14:05","date_gmt":"2024-04-11T16:14:05","guid":{"rendered":"https:\/\/arena.hostpress.me\/?p=9067&#038;post_type=product&#038;preview_id=9067"},"modified":"2024-10-07T22:26:37","modified_gmt":"2024-10-07T20:26:37","slug":"drum-tao-2025-leipzig-haus-auensee-22-02-2025-2000-uhr","status":"publish","type":"product","link":"https:\/\/arena-ticket.com\/en\/product\/drum-tao-2025-leipzig-haus-auensee-22-02-2025-2000-uhr\/","title":{"rendered":"DRUM  - TAO \u2013 2025"},"content":{"rendered":"<p>DRUM TAO formed in Oita, Japan and began creating their own music, stage set and costumes to create their one world of entertainment.<br \/>\nMany talented artists and collaborators from all over the world gathered to join this creation.<br \/>\nFor this reason, DRUM TAO can create the incomparable and most modern \u201cJAPANESE ENTERTAINMENT\u201d.<\/p>\n<p>More than 9 million viewers were there all over the world.<br \/>\nDRUM TAO&#039;s stage is created by phenomenal performances and expressions consisting of incomparable &quot;Wadaiko drums&quot; and the beautiful melody of Japanese flutes and harps. It is the &quot;Japanese Entertainment&quot; for a new generation that completely exceeds expectations. Their new long-running production &quot;MANGEKYO&quot; started in 2017 in Tokyo night entertainment for international audiences. The show is also very popular with tourists.<br \/>\nIt was announced that the show will be performed in their exclusive theater starting in April 2019, the year of the Tokyo Olympics.<br \/>\nIn 2018, they performed at the opening ceremony of \u201cJaponism 2018\u201d in Paris, France. They also performed together with the Bolshoi Ballet as the opening act of \u201cJapan Year in Russia\u201d at the Bolshoi Theater in Moscow, Russia.<br \/>\nThey were honored with the \u201cOutstanding Culture\u201d award for their contribution \u201cfrom Oita Prefecture,\u201d \u201cCulture Creators Award\u201d from Taketa City, Oita Prefecture, and received \u201cThe 6th Japan Commissioner Award of the Tourism Agency\u201d and \u201cMinister of the Interior and Communications Award\u201d given by the Japanese government.<br \/>\nThey currently perform 700 shows annually across three teams; Team A, Team K and Team S.<\/p>","protected":false},"excerpt":{"rendered":"<p>1993\u00a0gegr\u00fcndet, mit dem Traum, mit \u201eWadaiko (japanische Trommeln)\u201c die beste Show der Welt zu kreieren,<br \/>\nDas Instrument verf\u00fcgt \u00fcber eine sehr seltene und einzigartige Vielfalt an Klangausdr\u00fccken.<\/p>","protected":false},"featured_media":9076,"template":"","meta":{"_acf_changed":false,"inline_featured_image":false},"product_brand":[],"product_cat":[31,344,69,86,35,21,58],"product_tag":[1060,1080,1318,941,1011,942,943,1319,67,947,948],"class_list":{"0":"post-9067","1":"product","2":"type-product","3":"status-publish","4":"has-post-thumbnail","6":"product_cat-events","7":"product_cat-haus-auensee","8":"product_cat-konzert","9":"product_cat-leipzig","10":"product_cat-orte","11":"product_cat-ticket","12":"product_cat-veranstaltung","13":"product_tag-1060","14":"product_tag-auensee","15":"product_tag-drum","16":"product_tag-events","17":"product_tag-haus","18":"product_tag-konzert","19":"product_tag-leipzig","20":"product_tag-tao","21":"product_tag-test","22":"product_tag-ticket","23":"product_tag-veranstaltung","24":"product_shipping_class-nur_paketversand","25":"pa_discount-normalpreis","26":"pa_preiskategorie-pk-i","27":"pa_preiskategorie-pk-ii","28":"pa_preiskategorie-pk-iii","29":"pa_preiskategorie-pk-iv","31":"first","32":"instock","33":"taxable","34":"shipping-taxable","35":"purchasable","36":"product-type-variable"},"group_of_quantity":0,"min_quantity":0,"max_quantity":"","exclude_order_quantity_value_rules":"no","exclude_category_quantity_rules":"no","combine_variations":"no","acf":[],"_links":{"self":[{"href":"https:\/\/arena-ticket.com\/en\/wp-json\/wp\/v2\/product\/9067","targetHints":{"allow":["GET"]}}],"collection":[{"href":"https:\/\/arena-ticket.com\/en\/wp-json\/wp\/v2\/product"}],"about":[{"href":"https:\/\/arena-ticket.com\/en\/wp-json\/wp\/v2\/types\/product"}],"wp:featuredmedia":[{"embeddable":true,"href":"https:\/\/arena-ticket.com\/en\/wp-json\/wp\/v2\/media\/9076"}],"wp:attachment":[{"href":"https:\/\/arena-ticket.com\/en\/wp-json\/wp\/v2\/media?parent=9067"}],"wp:term":[{"taxonomy":"product_brand","embeddable":true,"href":"https:\/\/arena-ticket.com\/en\/wp-json\/wp\/v2\/product_brand?post=9067"},{"taxonomy":"product_cat","embeddable":true,"href":"https:\/\/arena-ticket.com\/en\/wp-json\/wp\/v2\/product_cat?post=9067"},{"taxonomy":"product_tag","embeddable":true,"href":"https:\/\/arena-ticket.com\/en\/wp-json\/wp\/v2\/product_tag?post=9067"}],"curies":[{"name":"wp","href":"https:\/\/api.w.org\/{rel}","templated":true}]}}