{"id":9077,"date":"2024-04-11T18:20:46","date_gmt":"2024-04-11T16:20:46","guid":{"rendered":"https:\/\/arena.hostpress.me\/?p=9077&#038;post_type=product&#038;preview_id=9077"},"modified":"2024-05-15T14:47:55","modified_gmt":"2024-05-15T12:47:55","slug":"dritte-wahl-urlaub-in-der-bredouille-leipzig-haus-auensee-25-01-2025-2000-uhr","status":"publish","type":"product","link":"https:\/\/arena-ticket.com\/en\/product\/dritte-wahl-urlaub-in-der-bredouille-leipzig-haus-auensee-25-01-2025-2000-uhr\/","title":{"rendered":"DRITTE WAHL - Urlaub in der Bredouille"},"content":{"rendered":"<div class=\"container mt4 clearfix\">\n<div class=\"md-col md-col-8 p2\">\n<div class=\"container clearfix\">\n<div class=\"richtext\">\n<p>Endlich Urlaub, endlich Sonne, endlich Pause vom Hamsterrad. Schon im Hinfahrt-Stau entpuppt sich die Vergn\u00fcgungsfahrt zum Sehnsuchtsort allerdings als regelrechter Horrortrip. Die Reiseroute f\u00fchrt an Abgr\u00fcnden vorbei, offenbart verminte Felder, stinkende Plastikm\u00fcllberge und von Stacheldraht umz\u00e4unte Privatstr\u00e4nde voll toter Fische. Zwischen gl\u00e4sernen Monumenten des Sp\u00e4tkapitalismus und dichtem Schornsteinnebel huldigen Wahlplakate am Stra\u00dfenrand dem freien Markt. Daneben w\u00fchlt eine alte Frauen im Abfall. Geschilderter \u00bbUrlaub in der Bredouille\u00ab dient im Grunde genommen lediglich als halbironische Metapher \u2014 und doch kommt die neue Platte von Dritte Wahl der beschriebenen Odyssee in ihrem Charakter erstaunlich nahe. Das neue Album der verdienten Rostocker Punkband gleicht einer schonungslosen Sightseeing-Tour durch dystopische Landschaften. \u00bbUrlaub in der Bredouille\u00ab ruht sich nicht auf rebellischem Pathos und schlichtem Dagegensein aus und nennt die gro\u00dfen Miseren unserer Zeit beim Namen: Klimakatastrophe, Reichtumsverteilung, Korruption, Wohnungsnot, Inflation, \u00dcbermacht der Konzerne und Maschinen. Das Album ist Soundtrack zum Untergang, w\u00fctender Ausbruchsversuch aus der Matrix und kreativer Mutmacher zugleich, ist ein lauter, beherzter Hybrid aus Wut, Galgenhumor, Idealismus und Klamauk.<\/p>\n<p>Der stete Tanz zwischen Resignation und Resthoffnung geh\u00f6rt wie die kredibile Auseinandersetzung mit politischen Schieflagen seit eh und je zur Dritte-Wahl-D.N.A. 1988\u00a0gegr\u00fcndet spielte die Band ihre ersten Konzerte noch auf dem Boden der ehemaligen DDR. Nach der Wende gelang Dritte Wahl der organische Aufstieg zu einer der erfolgreichsten deutschsprachigen Punkrock-Ensembles \u2014 die enge Verbindung zur Subkultur hat die Band dennoch zu keinem Zeitpunkt verloren. Etliche erstaunlich gut gealterte Klassiker und ein paar zum Teil von tragischen Ereignissen bedingte Wechsel in der Bandbesetzung sp\u00e4ter ist Dritte Wahl in den letzten Jahren gelungen, was die wenigsten alten Hasen im Gesch\u00e4ft geschafft haben: Immer weiter wachsen. \u00bbGeblitzdingst\u00ab\u00a0aus 2015\u00a0stieg als erste Platte in der gemeinsamen Geschichte des Viergespanns in die deutschen Albumcharts ein, die letzte LP \u00bb3D\u00ab kletterte darin sogar auf Platz sechs. Es folgte die \u2014 wenngleich Corona-bedingt mehrmals verschobene \u2014 gr\u00f6\u00dfte Tour in der Bandhistorie. Das Publikum? Durchmischter denn je. Die Quadriga? Bestens ge\u00f6lt. Mit Ver\u00f6ffentlichung des zw\u00f6lften Studioalbums \u00bbUrlaub in der Bredouille\u00ab feiern Dritte Wahl im Sp\u00e4therbst 2023\u00a0ihr f\u00fcnfunddrei\u00dfigstes Jubil\u00e4um. Statt einer nostalgischen Best-of-Platte ver\u00f6ffentlichen Gunnar und J\u00f6rn \u201aKrel\u2018 Schroeder, Stefan Ladwig und Holger H. in diesem Zuge zehn brandneue Songs. Das Signal ist unmissverst\u00e4ndlich: Dritte Wahl sind am Leben und lange noch nicht m\u00fcde.<\/p>\n<p>Der beste Beweis f\u00fcr die unersch\u00f6pfliche Energie der Band: Der aufbrausend-triumphale Opener \u00bbWir schie\u00dfen die Milliard\u00e4re ins All\u00ab, ein augenzwinkerndes Gedankenspiel mit eklatanter Botschaft. In \u00bbSimulation\u00ab sucht man vergeblich nach ironischer Doppelb\u00f6digkeit \u2014 begleitet von unheilschwangeren Gitarren und Metal-esker Doublebasszeichnet Gunnar Schroeder d\u00fcstere Bilder einer kranken Gesellschaft im Schleudergang. Der treibende Titeltrack \u00bbUrlaub in der Bredouille\u00ab, ein Feature mit Rockr\u00f6hre Deine Cousine, spitzt sich in seinem Zynismus immer weiter zu und endet in einem tr\u00fcgerisch harmonischen Finale: \u00bbHand in Hand durch sauren Regen und ein Tornado weht uns H\u00fcpfburgen entgegen\u00ab. Auf den Dritte-Wahl-typischen Perspektivwechsel \u00bbPanama\u00ab, der die blutbeschmierte Familiengeschichte einer bis heute wohlbetuchten Wirtschaftsdynastie erz\u00e4hlt, folgt das ermunternd-hymnische \u00bbKeine Zeit f\u00fcr wei\u00dfe Fahnen\u00ab. In alter Bandtradition spielen Dritte Wahl hier mit Mistgabel-Metaphern \u2014 verkappt adressiert an die Profiteure der Globalisierung und die sogenannten G20: \u00bbDie Menschen haben kein Bock auf diese neue Monarchie [\u2026] fallen nicht mehr vor M\u00f6chtegern-Regenten auf die Knie\u00ab.<\/p>\n<p>Das eingangs von Keyboard-Spiel dominierte, bereits 2022 als Single erschienene \u00bbDas regelt der Markt\u00ab ist ein w\u00fctender Abgesang auf die sichtbar br\u00f6ckelnden Dogmen des Neoliberalismus. Im vulkanisch anmutenden Refrain, in dem Schroeders ber\u00fchmt-ber\u00fcchtigter Gr\u00f6lgesang seinen Glanzpunkt erreicht, steckt eine maximal konkrete Message: \u00bbWachstum und Beschleunigung reichen sich die Hand und fahren dann gemeinsam mit Vollgas vor die Wand\u00ab.<br \/>\nIm hinteren Drittel der Platte verschiebt sich der Fokus dann auf abseitigere Themen. \u00bbEdwin Aldrin\u00ab gibt die tragische Biografie des zweiten Manns hinter Weltraumfahrer<br \/>\nNeil Armstrong wieder, \u00bbDer Spion\u00ab, ein Feature mit der Leipziger Band 100\u00a0Kilo Herz, erz\u00e4hlt die ulkig-fiktive Geschichte eines alkoholkranken Doppelagenten im Kalten Krieg. Auf \u00bbSteine im Weg\u00ab \u2014 ein aufrichtiger Steh-auf-Song f\u00fcr die Verzweifelten und Bem\u00fchten \u2014 folgt mit \u00bbStatistik\u00ab\u00a0das musikalisch zwanglose Finale der Platte. Statt in Abschiedspathos abzudriften, besch\u00e4ftigen sich Dritte Wahl darin mit tendenzi\u00f6s angelegten Datenanalysen \u2014 ein letzter Beweis daf\u00fcr, dass die Rostocker immensen Redebedarf und den Urlaubsort \u00a0Bredouille nicht aufgegeben haben.<\/p>\n<\/div>\n<\/div>\n<\/div>\n<\/div>\n","protected":false},"excerpt":{"rendered":"<div class=\"md-col md-col-8 p2\">\n<div class=\"container clearfix\">\n<div class=\"richtext\">\n<p>Secure your tickets now for Dritte Wahl - Urlaub in der Bredouille + Special Guest!<\/p>\n<\/div>\n<\/div>\n<\/div>\n<div class=\"md-col md-col-4 p2\">\n<div class=\"mt2 clearfix\"><\/div>\n<\/div>","protected":false},"featured_media":9255,"template":"","meta":{"_acf_changed":false,"inline_featured_image":false},"product_brand":[],"product_cat":[31,344,69,86,35,21,58],"product_tag":[1080,2411,1192,1320,941,1011,1138,942,943,944,947,1322,948,1321],"class_list":{"0":"post-9077","1":"product","2":"type-product","3":"status-publish","4":"has-post-thumbnail","6":"product_cat-events","7":"product_cat-haus-auensee","8":"product_cat-konzert","9":"product_cat-leipzig","10":"product_cat-orte","11":"product_cat-ticket","12":"product_cat-veranstaltung","13":"product_tag-auensee","14":"product_tag-bredouille","15":"product_tag-der","16":"product_tag-dritte","17":"product_tag-events","18":"product_tag-haus","19":"product_tag-in","20":"product_tag-konzert","21":"product_tag-leipzig","22":"product_tag-orte","23":"product_tag-ticket","24":"product_tag-urlaub","25":"product_tag-veranstaltung","26":"product_tag-wahl","27":"product_shipping_class-nur_paketversand","28":"pa_discount-normalpreis","29":"pa_preiskategorie-stehplatz","31":"first","32":"instock","33":"taxable","34":"shipping-taxable","35":"purchasable","36":"product-type-variable","37":"has-default-attributes"},"group_of_quantity":0,"min_quantity":0,"max_quantity":"","exclude_order_quantity_value_rules":"no","exclude_category_quantity_rules":"no","combine_variations":"no","acf":[],"_links":{"self":[{"href":"https:\/\/arena-ticket.com\/en\/wp-json\/wp\/v2\/product\/9077","targetHints":{"allow":["GET"]}}],"collection":[{"href":"https:\/\/arena-ticket.com\/en\/wp-json\/wp\/v2\/product"}],"about":[{"href":"https:\/\/arena-ticket.com\/en\/wp-json\/wp\/v2\/types\/product"}],"wp:featuredmedia":[{"embeddable":true,"href":"https:\/\/arena-ticket.com\/en\/wp-json\/wp\/v2\/media\/9255"}],"wp:attachment":[{"href":"https:\/\/arena-ticket.com\/en\/wp-json\/wp\/v2\/media?parent=9077"}],"wp:term":[{"taxonomy":"product_brand","embeddable":true,"href":"https:\/\/arena-ticket.com\/en\/wp-json\/wp\/v2\/product_brand?post=9077"},{"taxonomy":"product_cat","embeddable":true,"href":"https:\/\/arena-ticket.com\/en\/wp-json\/wp\/v2\/product_cat?post=9077"},{"taxonomy":"product_tag","embeddable":true,"href":"https:\/\/arena-ticket.com\/en\/wp-json\/wp\/v2\/product_tag?post=9077"}],"curies":[{"name":"wp","href":"https:\/\/api.w.org\/{rel}","templated":true}]}}