{"id":9852,"date":"2024-04-23T09:23:00","date_gmt":"2024-04-23T07:23:00","guid":{"rendered":"https:\/\/arena-ticket.com\/?p=9852&#038;post_type=product&#038;preview_id=9852"},"modified":"2025-01-10T16:15:45","modified_gmt":"2025-01-10T15:15:45","slug":"celeste-w-support-european-tour-2024-leipzig-moritzbastei-26-06-2024-2000-uhr","status":"publish","type":"product","link":"https:\/\/arena-ticket.com\/en\/product\/celeste-w-support-european-tour-2024-leipzig-moritzbastei-26-06-2024-2000-uhr\/","title":{"rendered":"CELESTE w\/ Support: Laudare - European Tour 2024"},"content":{"rendered":"<div class=\"event-image\"><\/div>\n<div class=\"event-info\">\n<div>\n<div class=\"event-meta\"><\/div>\n<\/div>\n<div class=\"event-organizer\">\n<div class=\"veranstalterlink\" data-url=\"https:\/\/www.felsenkeller-leipzig.com\/programm\/\">\n<div id=\"textfield\" class=\"frame_txt\">\n<section class=\"c-full c-inner c-narrow \" data-c=\"stageteasertext\" data-qa=\"stageteasertext-component\">\n<div class=\"container\">\n<div class=\"external-content no-margin\">\n<div class=\"u-position-relative js-moretext-wrapper\">\n<div class=\"link theme-interaction-highlight-color moretext-toggle\" aria-hidden=\"true\">\n<section class=\"c container\" data-c=\"eviwidget\">\n<div class=\"js-evi-wrapper theme-element-border evi-wrapper\">\n<div class=\"js-evi-box\">\n<div class=\"u-position-relative js-moretext-wrapper\">\n<div class=\"moretext js-moretext with-image expanded\" data-qa=\"readMoreText\" aria-expanded=\"true\">\n<div class=\"moretext-teaser\">\n<div class=\"external-content\">\n<div>\n<p>\ud835\udc12\ud835\udc30\ud835\udc1a\ud835\udc27\ud835\udc2c\ud835\udc1e\ud835\udc1a \ud835\udc02\ud835\udc28\ud835\udc27\ud835\udc1c\ud835\udc1e\ud835\udc2b\ud835\udc2d\ud835\udc2c &amp; \ud835\udc15\ud835\udc28\ud835\udc2e\ud835\udc25\ud835\udc1e\ud835\udc33-\ud835\udc2f\ud835\udc28\ud835\udc2e\ud835\udc2c \ud835\udc1d\ud835\udc1a\ud835\udc27\ud835\udc2c\ud835\udc1e\ud835\udc2b \ud835\udc29\ud835\udc2b\ud835\udc1a\u0308\ud835\udc2c\ud835\udc1e\ud835\udc27\ud835\udc2d\ud835\udc22\ud835\udc1e\ud835\udc2b\ud835\udc1e\ud835\udc27: \ud835\uddd6\ud835\uddd8\ud835\udddf\ud835\uddd8\ud835\udde6\ud835\udde7\ud835\uddd8 [ FRA \u2013 Nuclear Blast ]<br \/>\n+ Support (tba)<\/p>\n<p>\ud835\uddd6\ud835\uddf2\ud835\uddf9\ud835\uddf2\ud835\ude00\ud835\ude01\ud835\uddf2 sprengen seit \u00fcber f\u00fcnfzehn Jahren die Grenzen der Heavy-Musik, seit sie aus der gefeierten Hardcore-Punk-Szene von Lyon hervorgegangen sind. Als sie anfingen, war ihre Musik absolut brutal, eine Mission auf der Suche nach dem h\u00e4rtesten Sound, den man sich vorstellen kann. Trotz der Tatsache, dass sie sich die Kraft des Black Metal und des Post-Hardcore zu Nutze machten, war die Musik ein ganz eigenes Biest, das die Grenzen und Klischees dieser Genres weit hinter sich lie\u00df, um zu etwas v\u00f6llig Einzigartigem zu gelangen. Extremit\u00e4t zu ihren eigenen Bedingungen.<\/p>\n<p>Schon immer vorausschauend und dieses Mal durch den gro\u00dfen Erfolg von \u201eInfid\u00e8le(s)\u201c im Jahr 2017 und dem Deal mit Nuclear Blast noch mehr ermutigt, sollte der Nachfolger immer etwas Radikales sein. Doch selbst nach ihren eigenen, \u00fcberm\u00e4\u00dfig hohen Ma\u00dfst\u00e4ben ist das Album \u201eAssassine(s)\u201c aus dem Jahr 2022 ein gewaltiger Schritt nach vorn. Obwohl es immer noch ein Album mit krachenden Gitarrenw\u00e4nden, einem erbarmungslosen Rhythmus und Passagen der gl\u00fcckseligen, rauschenden Befreiung ist, ist es auch anders als alles, was die Band je ver\u00f6ffentlicht hat. Mit einer modernen, zukunftsweisenden Produktion ist es genauso komplex, aber direkter, vielf\u00e4ltiger und zug\u00e4nglicher als je zuvor. Und auch live wissen die Franzosen immer zu \u00fcberzeugen und rei\u00dfen regelm\u00e4\u00dfig sowohl auf ihren eigenen Konzerte, als auch auf Festivals die Menschen mit.<\/p>\n<p>&nbsp;<\/p>\n<div data-service=\"youtube\" data-id=\"WmRIfUw1ymo\" data-autoscale=\"\" data-index=\"0\">\n<div class=\"c-nt\">\n<div class=\"c-t-cn\"><\/div>\n<\/div>\n<\/div>\n<div data-service=\"youtube\" data-id=\"WmRIfUw1ymo\" data-autoscale=\"\" data-index=\"0\">\n<div class=\"c-bg\">\n<div class=\"c-bg-i loaded\"><\/div>\n<\/div>\n<div class=\"c-ld\"><\/div>\n<\/div>\n<\/div>\n<\/div>\n<div class=\"external-content\">\n<div data-service=\"youtube\" data-id=\"i7ORpgZVIVw\" data-autoscale=\"\" data-index=\"0\">\n<div class=\"c-nt\">\n<div class=\"c-t-cn\">\n<p>&nbsp;<\/p>\n<div>\n<div data-service=\"youtube\" data-id=\"E0CzNUhLvLI\" data-autoscale=\"\" data-index=\"0\">\n<div class=\"c-nt\">\n<div class=\"c-t-cn\">\n<p>&nbsp;<\/p>\n<div data-service=\"youtube\" data-id=\"PvBHD8TI1QU\" data-autoscale=\"\" data-index=\"0\">\n<div class=\"c-nt\">\n<div class=\"c-t-cn\"><\/div>\n<\/div>\n<\/div>\n<\/div>\n<\/div>\n<\/div>\n<\/div>\n<\/div>\n<\/div>\n<\/div>\n<\/div>\n<\/div>\n<\/div>\n<\/div>\n<\/div>\n<\/div>\n<\/section>\n<\/div>\n<\/div>\n<\/div>\n<\/div>\n<\/section>\n<\/div>\n<\/div>\n<\/div>\n<\/div>\n","protected":false},"excerpt":{"rendered":"<p>&nbsp;<\/p>\n<p>In June, Celeste will be coming to Leipzig on their European Tour 2024 - get your tickets now!<\/p>\n<div data-service=\"youtube\" data-id=\"YKzL3q2YRxU\" data-autoscale=\"\" data-index=\"0\">\n<div class=\"c-nt\">\n<div class=\"c-t-cn\"><\/div>\n<\/div>\n<\/div>","protected":false},"featured_media":9855,"template":"","meta":{"_acf_changed":false,"inline_featured_image":false},"product_brand":[],"product_cat":[31,69,86,446,35,21,58],"product_tag":[1025,2500,3151,1086,3024,941,942,943,1089,998,944,1512,947,1024,948,2501],"class_list":{"0":"post-9852","1":"product","2":"type-product","3":"status-publish","4":"has-post-thumbnail","6":"product_cat-events","7":"product_cat-konzert","8":"product_cat-leipzig","9":"product_cat-moritzbastei","10":"product_cat-orte","11":"product_cat-ticket","12":"product_cat-veranstaltung","13":"product_tag-1025","14":"product_tag-celeste","15":"product_tag-celeste-w-support-laudare","16":"product_tag-european","17":"product_tag-european-tour-2024","18":"product_tag-events","19":"product_tag-konzert","20":"product_tag-leipzig","21":"product_tag-live","22":"product_tag-moritzbastei","23":"product_tag-orte","24":"product_tag-support","25":"product_tag-ticket","26":"product_tag-tour","27":"product_tag-veranstaltung","28":"product_tag-w","29":"product_shipping_class-nur_paketversand","30":"pa_discount-normalpreis","31":"pa_preiskategorie-stehplatz","33":"first","34":"instock","35":"taxable","36":"shipping-taxable","37":"purchasable","38":"product-type-variable","39":"has-default-attributes"},"group_of_quantity":0,"min_quantity":0,"max_quantity":"","exclude_order_quantity_value_rules":"no","exclude_category_quantity_rules":"no","combine_variations":"no","acf":[],"_links":{"self":[{"href":"https:\/\/arena-ticket.com\/en\/wp-json\/wp\/v2\/product\/9852","targetHints":{"allow":["GET"]}}],"collection":[{"href":"https:\/\/arena-ticket.com\/en\/wp-json\/wp\/v2\/product"}],"about":[{"href":"https:\/\/arena-ticket.com\/en\/wp-json\/wp\/v2\/types\/product"}],"wp:featuredmedia":[{"embeddable":true,"href":"https:\/\/arena-ticket.com\/en\/wp-json\/wp\/v2\/media\/9855"}],"wp:attachment":[{"href":"https:\/\/arena-ticket.com\/en\/wp-json\/wp\/v2\/media?parent=9852"}],"wp:term":[{"taxonomy":"product_brand","embeddable":true,"href":"https:\/\/arena-ticket.com\/en\/wp-json\/wp\/v2\/product_brand?post=9852"},{"taxonomy":"product_cat","embeddable":true,"href":"https:\/\/arena-ticket.com\/en\/wp-json\/wp\/v2\/product_cat?post=9852"},{"taxonomy":"product_tag","embeddable":true,"href":"https:\/\/arena-ticket.com\/en\/wp-json\/wp\/v2\/product_tag?post=9852"}],"curies":[{"name":"wp","href":"https:\/\/api.w.org\/{rel}","templated":true}]}}